{"id":154396,"date":"2025-12-18T17:23:24","date_gmt":"2025-12-18T14:23:24","guid":{"rendered":"https:\/\/baldumarket.lt\/product\/cross-komoda-4d4s-bialy-czarny-mat\/"},"modified":"2026-02-05T09:47:40","modified_gmt":"2026-02-05T06:47:40","slug":"cross-komoda-4d4s-bialy-czarny-mat","status":"publish","type":"product","link":"https:\/\/baldumarket.lt\/lt\/product\/cross-komoda-4d4s-bialy-czarny-mat\/","title":{"rendered":"\u201eCross\u201c komoda su stal\u010diais, 4D4S, baltai juoda, matin\u0117"},"content":{"rendered":"<p>Kvie\u010diame atrasti unikal\u0173 garsaus \u2019Helvetia\u201c prek\u0117s \u017eenklo \u201eCross\u201c komodos stili\u0173. \u0160i eleganti\u0161ka ir moderni komoda traukia d\u0117mes\u012f matin\u0117s juodos ir baltos spalv\u0173 fasad\u0173 deriniu, kuris puikiai dera prie \u0161iuolaikini\u0173 interjero tendencij\u0173. Minimalistinis dizainas tiks tiek moderniam, tiek klasikinio stiliaus interjerui. Stilinga i\u0161vaizda \u2013 dar ne viskas \u2013 \u201eCross\u201c komoda si\u016blo ir prakti\u0161k\u0173 sprendim\u0173, kurie patenkins net ir i\u0161rankiausius vartotojus. Keturios durel\u0117mis ir keturiais stal\u010diais tur\u0117site pakankamai vietos \u012fvairiausiems daiktams laikyti \u2013 nuo drabu\u017ei\u0173 iki dokument\u0173. Sutvarkyti savo erdv\u0119 dar niekada nebuvo taip paprasta! Komodos i\u0161skirtinumas slypi ir spalv\u0173 gamoje \u2013 matin\u0117 juoda ir balta spalvos yra ne tik klasikinis, bet ir eleganti\u0161kas derinys, suteikiantis bet kokiam interjerui lengvumo ir erdvumo poj\u016bt\u012f. Ji pagaminta i\u0161 auk\u0161tos kokyb\u0117s laminuotos plok\u0161t\u0117s, u\u017etikrinan\u010dios ne tik patvarum\u0105, bet ir estetin\u012f patrauklum\u0105 ilgus metus.<\/p>","protected":false},"excerpt":{"rendered":"<p>Plotis (cm): 225<br \/>\n\u016agis (cm): 78<br \/>\nGylis (cm): 40<\/p>","protected":false},"featured_media":154397,"comment_status":"open","ping_status":"open","template":"","meta":[],"product_brand":[],"product_cat":[9402,1173,4105],"product_tag":[],"class_list":{"0":"post-154396","1":"product","2":"type-product","3":"status-publish","4":"has-post-thumbnail","6":"product_cat-furniture-system-cross","7":"product_cat-chests-of-drawers","8":"product_cat-helvetia","10":"first","11":"instock","12":"purchasable","13":"product-type-simple"},"_links":{"self":[{"href":"https:\/\/baldumarket.lt\/lt\/wp-json\/wp\/v2\/product\/154396","targetHints":{"allow":["GET"]}}],"collection":[{"href":"https:\/\/baldumarket.lt\/lt\/wp-json\/wp\/v2\/product"}],"about":[{"href":"https:\/\/baldumarket.lt\/lt\/wp-json\/wp\/v2\/types\/product"}],"replies":[{"embeddable":true,"href":"https:\/\/baldumarket.lt\/lt\/wp-json\/wp\/v2\/comments?post=154396"}],"wp:featuredmedia":[{"embeddable":true,"href":"https:\/\/baldumarket.lt\/lt\/wp-json\/wp\/v2\/media\/154397"}],"wp:attachment":[{"href":"https:\/\/baldumarket.lt\/lt\/wp-json\/wp\/v2\/media?parent=154396"}],"wp:term":[{"taxonomy":"product_brand","embeddable":true,"href":"https:\/\/baldumarket.lt\/lt\/wp-json\/wp\/v2\/product_brand?post=154396"},{"taxonomy":"product_cat","embeddable":true,"href":"https:\/\/baldumarket.lt\/lt\/wp-json\/wp\/v2\/product_cat?post=154396"},{"taxonomy":"product_tag","embeddable":true,"href":"https:\/\/baldumarket.lt\/lt\/wp-json\/wp\/v2\/product_tag?post=154396"}],"curies":[{"name":"wp","href":"https:\/\/api.w.org\/{rel}","templated":true}]}}