{"id":154388,"date":"2025-12-18T17:23:04","date_gmt":"2025-12-18T14:23:04","guid":{"rendered":"https:\/\/baldumarket.lt\/product\/cross-komoda-3d3s-dab-wotan-czarny-mat\/"},"modified":"2026-02-05T09:47:40","modified_gmt":"2026-02-05T06:47:40","slug":"cross-komoda-3d3s-dab-wotan-czarny-mat","status":"publish","type":"product","link":"https:\/\/baldumarket.lt\/lt\/product\/cross-komoda-3d3s-dab-wotan-czarny-mat\/","title":{"rendered":"\u201eCross\u201c komoda, 3D3S, \u201eWotan\u201c \u0105\u017euolo spalvos, matin\u0117s juodos spalvos"},"content":{"rendered":"<p>\u201eHelvetia\u201c \u201eCross 3D3S\u201c indauja \u2013 tikras perlas visiems, ie\u0161kantiems elegancijos ir funkcionalumo. D\u0117l savo nesenstan\u010dio, ak\u012f traukian\u010dio dizaino ji tampa bet kurios erdv\u0117s traukos centru, puikiai derindama klasikin\u012f stili\u0173 su moderniais akcentais. Ry\u0161ki \u201eWotan Oak\u201c apdaila suteikia interjerui ne tik estetin\u012f, bet ir jauk\u0173 akcent\u0105. Tamsaus, matinio fasado ir \u0161ilto med\u017eio atspalvio derinys sukuria harmoning\u0105 kompozicij\u0105, kuri yra ir eleganti\u0161ka, ir unikali. \u0160i spalv\u0173 gama puikiai dera prie \u012fvairi\u0173 interjero dizain\u0173 \u2013 nuo minimalistinio iki klasikinio. Matin\u0117s juodos spalvos elementai suteikia modernumo ir subtilaus rafinuotumo. \u201eCross\u201c indauja \u2013 puikus sprendimas tiems, kurie vertina ne tik gro\u017e\u012f, bet ir funkcionalum\u0105. Erdv\u016bs stal\u010diai ir erdvus vidus leid\u017eia efektyviai laikyti b\u016btiniausius daiktus, o tai itin prakti\u0161ka, ypa\u010d svetain\u0117je ar valgomajame. Viskas, ko jums reikia, randa savo viet\u0105, palengvindama erdv\u0117s organizavim\u0105.<\/p>","protected":false},"excerpt":{"rendered":"<p>Plotis (cm): 180<br \/>\n\u016agis (cm): 78<br \/>\nGylis (cm): 40<\/p>","protected":false},"featured_media":154389,"comment_status":"open","ping_status":"open","template":"","meta":[],"product_brand":[],"product_cat":[9402,1173,4105],"product_tag":[],"class_list":{"0":"post-154388","1":"product","2":"type-product","3":"status-publish","4":"has-post-thumbnail","6":"product_cat-furniture-system-cross","7":"product_cat-chests-of-drawers","8":"product_cat-helvetia","10":"first","11":"instock","12":"purchasable","13":"product-type-simple"},"_links":{"self":[{"href":"https:\/\/baldumarket.lt\/lt\/wp-json\/wp\/v2\/product\/154388","targetHints":{"allow":["GET"]}}],"collection":[{"href":"https:\/\/baldumarket.lt\/lt\/wp-json\/wp\/v2\/product"}],"about":[{"href":"https:\/\/baldumarket.lt\/lt\/wp-json\/wp\/v2\/types\/product"}],"replies":[{"embeddable":true,"href":"https:\/\/baldumarket.lt\/lt\/wp-json\/wp\/v2\/comments?post=154388"}],"wp:featuredmedia":[{"embeddable":true,"href":"https:\/\/baldumarket.lt\/lt\/wp-json\/wp\/v2\/media\/154389"}],"wp:attachment":[{"href":"https:\/\/baldumarket.lt\/lt\/wp-json\/wp\/v2\/media?parent=154388"}],"wp:term":[{"taxonomy":"product_brand","embeddable":true,"href":"https:\/\/baldumarket.lt\/lt\/wp-json\/wp\/v2\/product_brand?post=154388"},{"taxonomy":"product_cat","embeddable":true,"href":"https:\/\/baldumarket.lt\/lt\/wp-json\/wp\/v2\/product_cat?post=154388"},{"taxonomy":"product_tag","embeddable":true,"href":"https:\/\/baldumarket.lt\/lt\/wp-json\/wp\/v2\/product_tag?post=154388"}],"curies":[{"name":"wp","href":"https:\/\/api.w.org\/{rel}","templated":true}]}}