{"id":154372,"date":"2025-12-18T17:22:30","date_gmt":"2025-12-18T14:22:30","guid":{"rendered":"https:\/\/baldumarket.lt\/product\/cross-komoda-3d3s-bialy-czarny-mat\/"},"modified":"2026-02-05T09:47:40","modified_gmt":"2026-02-05T06:47:40","slug":"cross-komoda-3d3s-bialy-czarny-mat","status":"publish","type":"product","link":"https:\/\/baldumarket.lt\/lt\/product\/cross-komoda-3d3s-bialy-czarny-mat\/","title":{"rendered":"\u201eCross\u201c komoda su stal\u010diais, 3D3S, baltai juoda, matin\u0117"},"content":{"rendered":"<p>\u201eHelvetia\u201c komoda \u201eCross 3D3S\u201c \u2013 tai tobulas elegancijos ir funkcionalumo derinys viename balde, atgaivinan\u010dioje bet kok\u012f interjer\u0105. Modernus, minimalistinis matin\u0117s baltos ir juodos spalvos dizainas leid\u017eia jai lengvai \u012fsilieti tiek \u012f klasikin\u012f, tiek \u012f modern\u0173 interjer\u0105. Stilingos linijos ir kontrastinga apdaila sukuria unikal\u0173 bald\u0105, kuris pritrauks kiekvieno lankytojo d\u0117mes\u012f. 180 cm plo\u010dio \u201eCross\u201c komoda si\u016blo vis\u0105 reikiam\u0105 erdv\u0119 visiems daiktams susid\u0117ti vienoje vietoje. Trys durel\u0117s ir trys stal\u010diai suteikia prakti\u0161k\u0173 daikt\u0173 laikymo sprendim\u0173, kurie palengvins tvark\u0105 namuose. Tai puikus pasirinkimas, jei norite savo interjere derinti modernum\u0105 ir prakti\u0161kum\u0105. Komoda pagaminta i\u0161 auk\u0161tos kokyb\u0117s laminuotos plok\u0161t\u0117s, u\u017etikrinan\u010dios patvarum\u0105 ir atsparum\u0105 pa\u017eeidimams. Matin\u0117 apdaila suteikia elegancijos ir lengv\u0105 valym\u0105. Matin\u0117 juoda spalva, kontrastuojanti su balta, sukuria unikali\u0105 spalv\u0173 gam\u0105, kuri suteikia puik\u0173 pagrind\u0105 \u012fvairioms dekoracijoms ir nam\u0173 aksesuarams.<\/p>","protected":false},"excerpt":{"rendered":"<p>Plotis (cm): 180<br \/>\n\u016agis (cm): 78<br \/>\nGylis (cm): 40<\/p>","protected":false},"featured_media":154373,"comment_status":"open","ping_status":"open","template":"","meta":[],"product_brand":[],"product_cat":[9402,1173,4105],"product_tag":[],"class_list":{"0":"post-154372","1":"product","2":"type-product","3":"status-publish","4":"has-post-thumbnail","6":"product_cat-furniture-system-cross","7":"product_cat-chests-of-drawers","8":"product_cat-helvetia","10":"first","11":"instock","12":"purchasable","13":"product-type-simple"},"_links":{"self":[{"href":"https:\/\/baldumarket.lt\/lt\/wp-json\/wp\/v2\/product\/154372","targetHints":{"allow":["GET"]}}],"collection":[{"href":"https:\/\/baldumarket.lt\/lt\/wp-json\/wp\/v2\/product"}],"about":[{"href":"https:\/\/baldumarket.lt\/lt\/wp-json\/wp\/v2\/types\/product"}],"replies":[{"embeddable":true,"href":"https:\/\/baldumarket.lt\/lt\/wp-json\/wp\/v2\/comments?post=154372"}],"wp:featuredmedia":[{"embeddable":true,"href":"https:\/\/baldumarket.lt\/lt\/wp-json\/wp\/v2\/media\/154373"}],"wp:attachment":[{"href":"https:\/\/baldumarket.lt\/lt\/wp-json\/wp\/v2\/media?parent=154372"}],"wp:term":[{"taxonomy":"product_brand","embeddable":true,"href":"https:\/\/baldumarket.lt\/lt\/wp-json\/wp\/v2\/product_brand?post=154372"},{"taxonomy":"product_cat","embeddable":true,"href":"https:\/\/baldumarket.lt\/lt\/wp-json\/wp\/v2\/product_cat?post=154372"},{"taxonomy":"product_tag","embeddable":true,"href":"https:\/\/baldumarket.lt\/lt\/wp-json\/wp\/v2\/product_tag?post=154372"}],"curies":[{"name":"wp","href":"https:\/\/api.w.org\/{rel}","templated":true}]}}