{"id":154364,"date":"2025-12-18T17:22:12","date_gmt":"2025-12-18T14:22:12","guid":{"rendered":"https:\/\/baldumarket.lt\/product\/cross-komoda-2d2s-dab-wotan-czarny-mat\/"},"modified":"2026-02-05T09:47:40","modified_gmt":"2026-02-05T06:47:40","slug":"cross-komoda-2d2s-dab-wotan-czarny-mat","status":"publish","type":"product","link":"https:\/\/baldumarket.lt\/lt\/product\/cross-komoda-2d2s-dab-wotan-czarny-mat\/","title":{"rendered":"\u201eCross\u201c komoda, 2 stal\u010diai, 2 stal\u010diai, \u201eWotan\u201c \u0105\u017euolo spalvos, matin\u0117s juodos spalvos"},"content":{"rendered":"<p>\u2019Helvetia\u201c komoda \u201eCross\u201c \u2013 tai harmoningas modernaus dizaino ir nat\u016bralaus gro\u017eio derinys. Ji taps tikru akcentu j\u016bs\u0173 interjere, o \u201eWotan Oak\u201c ir matin\u0117s juodos spalvos suteiks erdvei elegancijos ir rafinuotumo. Komoda puikiai dera su naujausiomis interjero dizaino tendencijomis, leisdama sukurti mading\u0105 ir stiling\u0105 vaizd\u0105. Neabejotinas \u201eCross\u201c komodos funkcionalumas yra jos privalumas. Dviej\u0173 stal\u010di\u0173 ir dviej\u0173 u\u017erakinam\u0173 spinteli\u0173 buvimas paver\u010dia j\u0105 b\u016btinu elementu bet kurioje erdv\u0117je, kurioje norite palaikyti tvark\u0105 ir organizuotum\u0105. Toks dizainas leid\u017eia lengvai laikyti \u012fvairius nam\u0173 apyvokos daiktus. Tai prakti\u0161kas baldas, kuris ras savo viet\u0105 bet kurioje svetain\u0117je, miegamajame ar biure. \u201eCross\u201c komodos estetika ir proporcijos pabr\u0117\u017eia jos buvim\u0105 bet kuriame interjere. D\u0117l universali\u0173 matmen\u0173 (plotis 119 cm, auk\u0161tis 78 cm ir gylis 40 cm) ji puikiai prisitaiko prie \u012fvairi\u0173 patalp\u0173, net ir tose, kuriose yra ribota erdv\u0117. Jos korpusas, pagamintas i\u0161 laminuotos \u201eWotan Oak\u201c plok\u0161t\u0117s, buvo sukurtas atsi\u017evelgiant \u012f patvarum\u0105 ir atsparum\u0105 kasdieniam naudojimui, i\u0161laikant \u0161ilum\u0105 ir nat\u016bral\u0173 medienos poj\u016bt\u012f.<\/p>","protected":false},"excerpt":{"rendered":"<p>Plotis (cm): 119<br \/>\n\u016agis (cm): 78<br \/>\nGylis (cm): 40<\/p>","protected":false},"featured_media":154365,"comment_status":"open","ping_status":"open","template":"","meta":[],"product_brand":[],"product_cat":[9402,1173,4105],"product_tag":[],"class_list":{"0":"post-154364","1":"product","2":"type-product","3":"status-publish","4":"has-post-thumbnail","6":"product_cat-furniture-system-cross","7":"product_cat-chests-of-drawers","8":"product_cat-helvetia","10":"first","11":"instock","12":"purchasable","13":"product-type-simple"},"_links":{"self":[{"href":"https:\/\/baldumarket.lt\/lt\/wp-json\/wp\/v2\/product\/154364","targetHints":{"allow":["GET"]}}],"collection":[{"href":"https:\/\/baldumarket.lt\/lt\/wp-json\/wp\/v2\/product"}],"about":[{"href":"https:\/\/baldumarket.lt\/lt\/wp-json\/wp\/v2\/types\/product"}],"replies":[{"embeddable":true,"href":"https:\/\/baldumarket.lt\/lt\/wp-json\/wp\/v2\/comments?post=154364"}],"wp:featuredmedia":[{"embeddable":true,"href":"https:\/\/baldumarket.lt\/lt\/wp-json\/wp\/v2\/media\/154365"}],"wp:attachment":[{"href":"https:\/\/baldumarket.lt\/lt\/wp-json\/wp\/v2\/media?parent=154364"}],"wp:term":[{"taxonomy":"product_brand","embeddable":true,"href":"https:\/\/baldumarket.lt\/lt\/wp-json\/wp\/v2\/product_brand?post=154364"},{"taxonomy":"product_cat","embeddable":true,"href":"https:\/\/baldumarket.lt\/lt\/wp-json\/wp\/v2\/product_cat?post=154364"},{"taxonomy":"product_tag","embeddable":true,"href":"https:\/\/baldumarket.lt\/lt\/wp-json\/wp\/v2\/product_tag?post=154364"}],"curies":[{"name":"wp","href":"https:\/\/api.w.org\/{rel}","templated":true}]}}