{"id":154356,"date":"2025-12-18T17:21:54","date_gmt":"2025-12-18T14:21:54","guid":{"rendered":"https:\/\/baldumarket.lt\/product\/cross-komoda-2d2s-congo-czarny-mat\/"},"modified":"2026-02-05T09:47:40","modified_gmt":"2026-02-05T06:47:40","slug":"cross-komoda-2d2s-congo-czarny-mat","status":"publish","type":"product","link":"https:\/\/baldumarket.lt\/lt\/product\/cross-komoda-2d2s-congo-czarny-mat\/","title":{"rendered":"\u201eKry\u017eius\u201c \u2013 komoda, 2 stal\u010diai, 2 stal\u010diai, Kongo juoda, matin\u0117"},"content":{"rendered":"<p>Su \u201eHelvetia\u201c \u201eCross 2D2S Congo\u201c matin\u0117s juodos spalvos indauja suteikite savo interjerui modernumo. Rafinuotos linijos ir eleganti\u0161kas dizainas puikiai tinka bet kokiam dekorui, pabr\u0117\u017eiant j\u016bs\u0173 nam\u0173 charakter\u012f ir stili\u0173. Kongo spalvos korpusas dera su matin\u0117s juodos spalvos priekiu, sukurdamas i\u0161skirtinai eleganti\u0161k\u0105 kompozicij\u0105, kuri tikrai patrauks kiekvieno sve\u010dio ak\u012f. \u201eCross\u201c indauja buvo sukurta atsi\u017evelgiant \u012f prakti\u0161kum\u0105 ir estetik\u0105. Su dviem erdviais stal\u010diais ir stumdomomis durel\u0117mis, ji suteikia daug vietos kasdieniams daiktams laikyti. Tai puikus sprendimas tiems, kurie vertina tvark\u0105 ir ger\u0105 organizavim\u0105, kartu r\u016bpindamiesi savo interjero i\u0161vaizda. Daikt\u0173 laikymas tampa malonumu, kai tai galima padaryti taip stilingai. \u0160ios indauja privalumas yra ne tik funkcionalumas. Jos laminuota apdaila ne tik puikiai atrodo, bet ir yra atspari kasdieniams i\u0161\u0161\u016bkiams, tokiems kaip \u012fbr\u0117\u017eimai ir dr\u0117gmei. D\u0117l to \u201eCross\u201c indauja yra puikus pasirinkimas visiems, ie\u0161kantiems patvaraus ir esteti\u0161kai patrauklaus varianto savo baldams. Klasikin\u0117 forma puikiai der\u0117s tiek prie modernaus, tiek prie tradicinio interjero, suteikdama jiems charakterio.<\/p>","protected":false},"excerpt":{"rendered":"<p>Plotis (cm): 119<br \/>\n\u016agis (cm): 78<br \/>\nGylis (cm): 40<\/p>","protected":false},"featured_media":154357,"comment_status":"open","ping_status":"open","template":"","meta":[],"product_brand":[],"product_cat":[9402,1173,4105],"product_tag":[],"class_list":{"0":"post-154356","1":"product","2":"type-product","3":"status-publish","4":"has-post-thumbnail","6":"product_cat-furniture-system-cross","7":"product_cat-chests-of-drawers","8":"product_cat-helvetia","10":"first","11":"instock","12":"purchasable","13":"product-type-simple"},"_links":{"self":[{"href":"https:\/\/baldumarket.lt\/lt\/wp-json\/wp\/v2\/product\/154356","targetHints":{"allow":["GET"]}}],"collection":[{"href":"https:\/\/baldumarket.lt\/lt\/wp-json\/wp\/v2\/product"}],"about":[{"href":"https:\/\/baldumarket.lt\/lt\/wp-json\/wp\/v2\/types\/product"}],"replies":[{"embeddable":true,"href":"https:\/\/baldumarket.lt\/lt\/wp-json\/wp\/v2\/comments?post=154356"}],"wp:featuredmedia":[{"embeddable":true,"href":"https:\/\/baldumarket.lt\/lt\/wp-json\/wp\/v2\/media\/154357"}],"wp:attachment":[{"href":"https:\/\/baldumarket.lt\/lt\/wp-json\/wp\/v2\/media?parent=154356"}],"wp:term":[{"taxonomy":"product_brand","embeddable":true,"href":"https:\/\/baldumarket.lt\/lt\/wp-json\/wp\/v2\/product_brand?post=154356"},{"taxonomy":"product_cat","embeddable":true,"href":"https:\/\/baldumarket.lt\/lt\/wp-json\/wp\/v2\/product_cat?post=154356"},{"taxonomy":"product_tag","embeddable":true,"href":"https:\/\/baldumarket.lt\/lt\/wp-json\/wp\/v2\/product_tag?post=154356"}],"curies":[{"name":"wp","href":"https:\/\/api.w.org\/{rel}","templated":true}]}}