{"id":154348,"date":"2025-12-18T17:21:36","date_gmt":"2025-12-18T14:21:36","guid":{"rendered":"https:\/\/baldumarket.lt\/product\/cross-komoda-2d2s-bialy-czarny-mat\/"},"modified":"2026-02-05T09:47:48","modified_gmt":"2026-02-05T06:47:48","slug":"cross-komoda-2d2s-bialy-czarny-mat","status":"publish","type":"product","link":"https:\/\/baldumarket.lt\/lt\/product\/cross-komoda-2d2s-bialy-czarny-mat\/","title":{"rendered":"\u201eCross\u201c \u2013 komoda su stal\u010diais, 2 stal\u010diais, balta, juoda, matin\u0117"},"content":{"rendered":"<p>Pakeiskite savo erdv\u0119 su eleganti\u0161ka ir modernia \u201eHelvetia\u201c komoda \u201eCross\u201c. Unikalus matin\u0117s baltos spalvos korpusas subtiliai dera su matin\u0117s juodos spalvos fasadais, sukurdamas kompozicij\u0105, kuri s\u0117kmingai papildys bet kok\u012f interjer\u0105. \u0160i komoda \u2013 puikus sprendimas tiems, kurie vertina minimalistin\u012f dizain\u0105 ir d\u0117mes\u012f detal\u0117ms. Komoda \u201eCross\u201c ne tik \u017eavi savo i\u0161vaizda, bet ir si\u016blo prakti\u0161kus sprendimus kasdieniam naudojimui. D\u0117l savo funkcionalumo joje viskas, ko jums reikia, bus po ranka, i\u0161laikant tvark\u0105. Tai puikus pasirinkimas svetainei, miegamajam ar prie\u0161kambariui, kur svarbi ir estetika, ir funkcionalumas. Pagaminta i\u0161 auk\u0161tos kokyb\u0117s laminuotos plok\u0161t\u0117s, komoda \u201eCross\u201c garantuoja patvarum\u0105 ir tvirtum\u0105 ilgus metus. Matin\u0117 apdaila suteikia elegancijos ir u\u017etikrina lengv\u0105 valym\u0105. Paprastas surinkimas rei\u0161kia, kad greitai gal\u0117site m\u0117gautis nauju baldu savo namuose be profesionalios pagalbos.<\/p>","protected":false},"excerpt":{"rendered":"<p>Plotis (cm): 119<br \/>\n\u016agis (cm): 78<br \/>\nGylis (cm): 40<\/p>","protected":false},"featured_media":154349,"comment_status":"open","ping_status":"open","template":"","meta":[],"product_brand":[],"product_cat":[9402,1173,4105],"product_tag":[],"class_list":{"0":"post-154348","1":"product","2":"type-product","3":"status-publish","4":"has-post-thumbnail","6":"product_cat-furniture-system-cross","7":"product_cat-chests-of-drawers","8":"product_cat-helvetia","10":"first","11":"instock","12":"purchasable","13":"product-type-simple"},"_links":{"self":[{"href":"https:\/\/baldumarket.lt\/lt\/wp-json\/wp\/v2\/product\/154348","targetHints":{"allow":["GET"]}}],"collection":[{"href":"https:\/\/baldumarket.lt\/lt\/wp-json\/wp\/v2\/product"}],"about":[{"href":"https:\/\/baldumarket.lt\/lt\/wp-json\/wp\/v2\/types\/product"}],"replies":[{"embeddable":true,"href":"https:\/\/baldumarket.lt\/lt\/wp-json\/wp\/v2\/comments?post=154348"}],"wp:featuredmedia":[{"embeddable":true,"href":"https:\/\/baldumarket.lt\/lt\/wp-json\/wp\/v2\/media\/154349"}],"wp:attachment":[{"href":"https:\/\/baldumarket.lt\/lt\/wp-json\/wp\/v2\/media?parent=154348"}],"wp:term":[{"taxonomy":"product_brand","embeddable":true,"href":"https:\/\/baldumarket.lt\/lt\/wp-json\/wp\/v2\/product_brand?post=154348"},{"taxonomy":"product_cat","embeddable":true,"href":"https:\/\/baldumarket.lt\/lt\/wp-json\/wp\/v2\/product_cat?post=154348"},{"taxonomy":"product_tag","embeddable":true,"href":"https:\/\/baldumarket.lt\/lt\/wp-json\/wp\/v2\/product_tag?post=154348"}],"curies":[{"name":"wp","href":"https:\/\/api.w.org\/{rel}","templated":true}]}}