{"id":154341,"date":"2025-12-18T17:21:21","date_gmt":"2025-12-18T14:21:21","guid":{"rendered":"https:\/\/baldumarket.lt\/product\/cross-witryna-3-drzwiowa-dab-wotan-czarny-mat\/"},"modified":"2026-02-05T09:47:48","modified_gmt":"2026-02-05T06:47:48","slug":"cross-witryna-3-drzwiowa-dab-wotan-czarny-mat","status":"publish","type":"product","link":"https:\/\/baldumarket.lt\/lt\/product\/cross-witryna-3-drzwiowa-dab-wotan-czarny-mat\/","title":{"rendered":"Cross \u2013 3 dur\u0173 vitrina Wotan \u0105\u017euolo spalvos, matin\u0117s juodos spalvos"},"content":{"rendered":"<p>Praturtinkite savo interjer\u0105 su \u201eCross\u201c vitrina, kurioje dera klasikin\u0117 elegancija ir modernus dizainas. Ry\u0161ki \u201eWotan Oak\u201c spalv\u0173 gama su matin\u0117s juodos spalvos akcentais paver\u010dia \u0161i\u0105 vitrin\u0105 ne tik baldu, bet ir tikru meno k\u016briniu, traukian\u010diu d\u0117mes\u012f. Standartinio dyd\u017eio vitrina (79 cm plo\u010dio, 183 cm auk\u0161\u010dio ir 40 cm gylio) puikiai tiks \u012fvairiuose interjeruose, suteikdama erdvei klas\u0117s ir stiliaus. \u201eCross\u201c yra ne tik esteti\u0161kai patraukli, bet ir funkcionali. D\u0117l trij\u0173 erdvi\u0173 dureli\u0173 vidin\u0117 erdv\u0117 buvo kruop\u0161\u010diai suplanuota, leid\u017eianti laikyti \u012fvairius daiktus \u2013 nuo eleganti\u0161k\u0173 stalo \u012franki\u0173 iki \u0161eimos relikvij\u0173. Tai sukuria puiki\u0105 viet\u0105 eksponuoti m\u0117gstamiausias dekoracijas, suteikiant j\u016bs\u0173 interjerui asmeni\u0161kumo. Patikim\u0105 \u0161ios vitrinos kokyb\u0119 lemia kruop\u0161\u010diai parinktos med\u017eiagos. Pagaminta i\u0161 laminuotos plok\u0161t\u0117s, ji yra ne tik patvari, bet ir lengvai valoma. Metaliniai vyriai suteikia patogi\u0105 prieig\u0105 prie vidaus, o j\u0173 tvirtumas liudija apie gerai apgalvot\u0105 gamybos proces\u0105. \u201eCross\u201c vitrina suprojektuota taip, kad j\u0105 b\u016bt\u0173 lengva surinkti, tod\u0117l j\u0105 lengva i\u0161d\u0117styti j\u016bs\u0173 namuose.<\/p>","protected":false},"excerpt":{"rendered":"<p>Plotis (cm): 79<br \/>\n\u016agis (cm): 183<br \/>\nGylis (cm): 40<\/p>","protected":false},"featured_media":154342,"comment_status":"open","ping_status":"open","template":"","meta":[],"product_brand":[],"product_cat":[9402,4105,2006],"product_tag":[],"class_list":{"0":"post-154341","1":"product","2":"type-product","3":"status-publish","4":"has-post-thumbnail","6":"product_cat-furniture-system-cross","7":"product_cat-helvetia","8":"product_cat-vitrines","10":"first","11":"instock","12":"purchasable","13":"product-type-simple"},"_links":{"self":[{"href":"https:\/\/baldumarket.lt\/lt\/wp-json\/wp\/v2\/product\/154341","targetHints":{"allow":["GET"]}}],"collection":[{"href":"https:\/\/baldumarket.lt\/lt\/wp-json\/wp\/v2\/product"}],"about":[{"href":"https:\/\/baldumarket.lt\/lt\/wp-json\/wp\/v2\/types\/product"}],"replies":[{"embeddable":true,"href":"https:\/\/baldumarket.lt\/lt\/wp-json\/wp\/v2\/comments?post=154341"}],"wp:featuredmedia":[{"embeddable":true,"href":"https:\/\/baldumarket.lt\/lt\/wp-json\/wp\/v2\/media\/154342"}],"wp:attachment":[{"href":"https:\/\/baldumarket.lt\/lt\/wp-json\/wp\/v2\/media?parent=154341"}],"wp:term":[{"taxonomy":"product_brand","embeddable":true,"href":"https:\/\/baldumarket.lt\/lt\/wp-json\/wp\/v2\/product_brand?post=154341"},{"taxonomy":"product_cat","embeddable":true,"href":"https:\/\/baldumarket.lt\/lt\/wp-json\/wp\/v2\/product_cat?post=154341"},{"taxonomy":"product_tag","embeddable":true,"href":"https:\/\/baldumarket.lt\/lt\/wp-json\/wp\/v2\/product_tag?post=154341"}],"curies":[{"name":"wp","href":"https:\/\/api.w.org\/{rel}","templated":true}]}}