{"id":154334,"date":"2025-12-18T17:21:07","date_gmt":"2025-12-18T14:21:07","guid":{"rendered":"https:\/\/baldumarket.lt\/product\/cross-witryna-3-drzwiowa-congo-czarny-mat\/"},"modified":"2026-02-05T09:47:48","modified_gmt":"2026-02-05T06:47:48","slug":"cross-witryna-3-drzwiowa-congo-czarny-mat","status":"publish","type":"product","link":"https:\/\/baldumarket.lt\/lt\/product\/cross-witryna-3-drzwiowa-congo-czarny-mat\/","title":{"rendered":"Kry\u017eius \u2013 Congo trij\u0173 dur\u0173 vitrina, matin\u0117 juoda"},"content":{"rendered":"<p>Trij\u0173 dur\u0173 \u201eCross\u201c vitrina, matin\u0117s juodos spalvos, yra modernaus dizaino \u012fsik\u016bnijimas, puikiai papildantis bet kok\u012f interjer\u0105. Eleganti\u0161ka, matin\u0117 apdaila ne tik traukia ak\u012f, bet ir suteikia erdvei modern\u0173 bei stiling\u0105 charakter\u012f. Juodi akcentai atitinka dabartines tendencijas, tod\u0117l \u0161i vitrina yra idealus pasirinkimas minimalistini\u0173 sprendim\u0173 m\u0117g\u0117jams. \u0160i unikali 79 cm plo\u010dio ir 183 cm auk\u0161\u010dio vitrina pasi\u017eymi \u012fsp\u016bdingu funkcionalumu neprarandant estetikos. D\u0117l trij\u0173 prakti\u0161k\u0173 dureli\u0173 bet kuri\u0105 nam\u0173 erdv\u0119 galima sutvarkyti harmoningai ir tvarkingai. 40 cm gylio ji puikiai tinka tiek svetain\u0117ms, tiek miegamiesiems, net ir koridoriams, kur da\u017enai tr\u016bksta vietos. \u201eCross\u201c vitrina pagaminta i\u0161 auk\u0161tos kokyb\u0117s laminuotos plok\u0161t\u0117s, u\u017etikrinan\u010dios jos patvarum\u0105 ir atsparum\u0105 kasdieniam naudojimui. Metaliniai vyriai suteikia ne tik stabilumo, bet ir eleganti\u0161k\u0105 i\u0161vaizd\u0105, pabr\u0117\u017eian\u010di\u0105 modern\u0173 bald\u0173 stili\u0173. D\u0117l \u0161i\u0173 gerai apgalvot\u0173 detali\u0173 vitrina daugel\u012f met\u0173 i\u0161laiko savo estetin\u0119 vert\u0119, tapdama ne tik baldu, bet ir svarbiu interjero dizaino elementu.<\/p>","protected":false},"excerpt":{"rendered":"<p>Plotis (cm): 79<br \/>\n\u016agis (cm): 183<br \/>\nGylis (cm): 40<\/p>","protected":false},"featured_media":154335,"comment_status":"open","ping_status":"open","template":"","meta":[],"product_brand":[],"product_cat":[9402,4105,2006],"product_tag":[],"class_list":{"0":"post-154334","1":"product","2":"type-product","3":"status-publish","4":"has-post-thumbnail","6":"product_cat-furniture-system-cross","7":"product_cat-helvetia","8":"product_cat-vitrines","10":"first","11":"instock","12":"purchasable","13":"product-type-simple"},"_links":{"self":[{"href":"https:\/\/baldumarket.lt\/lt\/wp-json\/wp\/v2\/product\/154334","targetHints":{"allow":["GET"]}}],"collection":[{"href":"https:\/\/baldumarket.lt\/lt\/wp-json\/wp\/v2\/product"}],"about":[{"href":"https:\/\/baldumarket.lt\/lt\/wp-json\/wp\/v2\/types\/product"}],"replies":[{"embeddable":true,"href":"https:\/\/baldumarket.lt\/lt\/wp-json\/wp\/v2\/comments?post=154334"}],"wp:featuredmedia":[{"embeddable":true,"href":"https:\/\/baldumarket.lt\/lt\/wp-json\/wp\/v2\/media\/154335"}],"wp:attachment":[{"href":"https:\/\/baldumarket.lt\/lt\/wp-json\/wp\/v2\/media?parent=154334"}],"wp:term":[{"taxonomy":"product_brand","embeddable":true,"href":"https:\/\/baldumarket.lt\/lt\/wp-json\/wp\/v2\/product_brand?post=154334"},{"taxonomy":"product_cat","embeddable":true,"href":"https:\/\/baldumarket.lt\/lt\/wp-json\/wp\/v2\/product_cat?post=154334"},{"taxonomy":"product_tag","embeddable":true,"href":"https:\/\/baldumarket.lt\/lt\/wp-json\/wp\/v2\/product_tag?post=154334"}],"curies":[{"name":"wp","href":"https:\/\/api.w.org\/{rel}","templated":true}]}}