{"id":154327,"date":"2025-12-18T17:20:53","date_gmt":"2025-12-18T14:20:53","guid":{"rendered":"https:\/\/baldumarket.lt\/product\/cross-witryna-3-drzwiowa-bialy-czarny-mat\/"},"modified":"2026-02-05T09:47:48","modified_gmt":"2026-02-05T06:47:48","slug":"cross-witryna-3-drzwiowa-bialy-czarny-mat","status":"publish","type":"product","link":"https:\/\/baldumarket.lt\/lt\/product\/cross-witryna-3-drzwiowa-bialy-czarny-mat\/","title":{"rendered":"\u201eCross\u201c \u2013 3 dur\u0173 vitrina, balta ir juoda matin\u0117"},"content":{"rendered":"<p>Atraskite elegancij\u0105 ir modern\u0173 stili\u0173 su \u201eCross\u201c trij\u0173 dur\u0173 vitrina, kuri taps unikaliu j\u016bs\u0173 interjero elementu. Minimalistinis matin\u0117s juodos ir baltos spalvos dizainas puikiai dera su naujausiomis interjero dizaino tendencijomis, suteikdamas bet kokiai patalpai elegancijos ir klas\u0117s. Paprast\u0173 linij\u0173 ir harmoning\u0173 spalv\u0173 d\u0117ka \u0161i vitrina \u012fne\u0161 \u012f j\u016bs\u0173 namus stilingos harmonijos. \u201eCross\u201c vitrina ne tik \u017eavi savo i\u0161vaizda, bet ir puikiai tinka kasdieniam naudojimui. Trys erdvios durys atveria \u012fvairias daikt\u0173 laikymo galimybes \u2013 nuo knyg\u0173 iki dekoracij\u0173. D\u0117l kruop\u0161\u010diai suplanuotos erdv\u0117s kiekviena detal\u0117 yra lengvai pasiekiama, tod\u0117l vitrina idealiai tinka j\u016bs\u0173 m\u0117gstamiausiems daiktams eksponuoti. M\u0117gaukit\u0117s tvarka ir estetika, kuri\u0105 ji suteikia j\u016bs\u0173 namams. Pagaminta i\u0161 auk\u0161tos kokyb\u0117s laminuotos plok\u0161t\u0117s, vitrina derina funkcionalum\u0105 ir estetik\u0105. \u0160i med\u017eiaga yra atspari \u012fbr\u0117\u017eimams ir lengvai pri\u017ei\u016brima, tod\u0117l gal\u0117site ilgai d\u017eiaugtis jos gro\u017eiu. Metaliniai vyriai suteikia papildomo \u017eavesio ir u\u017etikrina konstrukcijos patvarum\u0105, u\u017etikrindami, kad vitrina tarnaus jums ilgus metus.<\/p>","protected":false},"excerpt":{"rendered":"<p>Plotis (cm): 79<br \/>\n\u016agis (cm): 183<br \/>\nGylis (cm): 40<\/p>","protected":false},"featured_media":154328,"comment_status":"open","ping_status":"open","template":"","meta":[],"product_brand":[],"product_cat":[9402,4105,2006],"product_tag":[],"class_list":{"0":"post-154327","1":"product","2":"type-product","3":"status-publish","4":"has-post-thumbnail","6":"product_cat-furniture-system-cross","7":"product_cat-helvetia","8":"product_cat-vitrines","10":"first","11":"instock","12":"purchasable","13":"product-type-simple"},"_links":{"self":[{"href":"https:\/\/baldumarket.lt\/lt\/wp-json\/wp\/v2\/product\/154327","targetHints":{"allow":["GET"]}}],"collection":[{"href":"https:\/\/baldumarket.lt\/lt\/wp-json\/wp\/v2\/product"}],"about":[{"href":"https:\/\/baldumarket.lt\/lt\/wp-json\/wp\/v2\/types\/product"}],"replies":[{"embeddable":true,"href":"https:\/\/baldumarket.lt\/lt\/wp-json\/wp\/v2\/comments?post=154327"}],"wp:featuredmedia":[{"embeddable":true,"href":"https:\/\/baldumarket.lt\/lt\/wp-json\/wp\/v2\/media\/154328"}],"wp:attachment":[{"href":"https:\/\/baldumarket.lt\/lt\/wp-json\/wp\/v2\/media?parent=154327"}],"wp:term":[{"taxonomy":"product_brand","embeddable":true,"href":"https:\/\/baldumarket.lt\/lt\/wp-json\/wp\/v2\/product_brand?post=154327"},{"taxonomy":"product_cat","embeddable":true,"href":"https:\/\/baldumarket.lt\/lt\/wp-json\/wp\/v2\/product_cat?post=154327"},{"taxonomy":"product_tag","embeddable":true,"href":"https:\/\/baldumarket.lt\/lt\/wp-json\/wp\/v2\/product_tag?post=154327"}],"curies":[{"name":"wp","href":"https:\/\/api.w.org\/{rel}","templated":true}]}}