{"id":154321,"date":"2025-12-18T17:20:41","date_gmt":"2025-12-18T14:20:41","guid":{"rendered":"https:\/\/baldumarket.lt\/product\/cross-stolik-kawowy-dab-wotan-czarny-mat\/"},"modified":"2026-02-05T09:47:48","modified_gmt":"2026-02-05T06:47:48","slug":"cross-stolik-kawowy-dab-wotan-czarny-mat","status":"publish","type":"product","link":"https:\/\/baldumarket.lt\/lt\/product\/cross-stolik-kawowy-dab-wotan-czarny-mat\/","title":{"rendered":"\u201eCross \u2013 Wotan\u201c \u0105\u017euolinis kavos staliukas, matin\u0117s juodos spalvos"},"content":{"rendered":"<p>Atraskite nepaprast\u0105 \u201eCross\u201c kavos staliuk\u0105, kuris taps j\u016bs\u0173 svetain\u0117s \u0161irdimi. Jo dizainas, pasi\u017eymintis \u201eWotan\u201c \u0105\u017euolo ir matin\u0117s juodos spalvos deriniu, suteikia bet kokiam interjerui i\u0161skirtin\u0117s elegancijos ir modernumo. Jis puikiai dera su \u0161iuolaikin\u0117mis dizaino tendencijomis, subtil\u0173 paprastum\u0105 derindamas su i\u0161skirtiniu stiliumi. Klasikin\u0117 forma leid\u017eia jam dera \u012fvairiems interjerams \u2013 nuo pramoninio iki skandinavi\u0161ko. Kiekvienas \u201eCross\u201c staliuko elementas \u017eavi savo estetiniu patrauklumu. \u201eWotan\u201c \u0105\u017euolas garantuoja ne tik gra\u017ei\u0105 i\u0161vaizd\u0105, bet ir patvarum\u0105, u\u017etikrindamas ilgalaik\u012f naudojim\u0105. Tamsus, matinis stalvir\u0161is suteikia \u0161iai kompozicijai charakterio ir u\u017etikrina, kad kiekvienas kavos puodelis ar knyga atrodys stilingai. Stalas puikiai der\u0117s prie j\u016bs\u0173 erdv\u0117s ir taps ry\u0161kiu akcentu. \u0160io staliuko funkcionalumas idealiai tinka kasdieniam naudojimui. 120 cm plo\u010dio ir 60 cm gylio staliukas suteikia daug vietos g\u0117rimams, u\u017ekand\u017eiams ir m\u0117gstamoms knygoms, tod\u0117l jis puikiai tinka susib\u016brimams su \u0161eima ir draugais. 45 cm auk\u0161\u010dio staliukas tinka bet kokiai sofai, u\u017etikrinant patog\u0173 naudojim\u0105.<\/p>","protected":false},"excerpt":{"rendered":"<p>Plotis (cm): 120<br \/>\n\u016agis (cm): 45<br \/>\nGylis (cm): 60<\/p>","protected":false},"featured_media":154322,"comment_status":"open","ping_status":"open","template":"","meta":[],"product_brand":[],"product_cat":[9402,866,4105],"product_tag":[],"class_list":{"0":"post-154321","1":"product","2":"type-product","3":"status-publish","4":"has-post-thumbnail","6":"product_cat-furniture-system-cross","7":"product_cat-coffee-tables","8":"product_cat-helvetia","10":"first","11":"instock","12":"purchasable","13":"product-type-simple"},"_links":{"self":[{"href":"https:\/\/baldumarket.lt\/lt\/wp-json\/wp\/v2\/product\/154321","targetHints":{"allow":["GET"]}}],"collection":[{"href":"https:\/\/baldumarket.lt\/lt\/wp-json\/wp\/v2\/product"}],"about":[{"href":"https:\/\/baldumarket.lt\/lt\/wp-json\/wp\/v2\/types\/product"}],"replies":[{"embeddable":true,"href":"https:\/\/baldumarket.lt\/lt\/wp-json\/wp\/v2\/comments?post=154321"}],"wp:featuredmedia":[{"embeddable":true,"href":"https:\/\/baldumarket.lt\/lt\/wp-json\/wp\/v2\/media\/154322"}],"wp:attachment":[{"href":"https:\/\/baldumarket.lt\/lt\/wp-json\/wp\/v2\/media?parent=154321"}],"wp:term":[{"taxonomy":"product_brand","embeddable":true,"href":"https:\/\/baldumarket.lt\/lt\/wp-json\/wp\/v2\/product_brand?post=154321"},{"taxonomy":"product_cat","embeddable":true,"href":"https:\/\/baldumarket.lt\/lt\/wp-json\/wp\/v2\/product_cat?post=154321"},{"taxonomy":"product_tag","embeddable":true,"href":"https:\/\/baldumarket.lt\/lt\/wp-json\/wp\/v2\/product_tag?post=154321"}],"curies":[{"name":"wp","href":"https:\/\/api.w.org\/{rel}","templated":true}]}}