{"id":154315,"date":"2025-12-18T17:20:29","date_gmt":"2025-12-18T14:20:29","guid":{"rendered":"https:\/\/baldumarket.lt\/product\/cross-stolik-kawowy-congo-czarny-mat\/"},"modified":"2026-02-05T09:47:48","modified_gmt":"2026-02-05T06:47:48","slug":"cross-stolik-kawowy-congo-czarny-mat","status":"publish","type":"product","link":"https:\/\/baldumarket.lt\/lt\/product\/cross-stolik-kawowy-congo-czarny-mat\/","title":{"rendered":"\u201eCross \u2013 Congo\u201c kavos staliukas, matin\u0117s juodos spalvos"},"content":{"rendered":"<p>Sukurkite tobul\u0105 erdv\u0119 poilsiui su eleganti\u0161kos matin\u0117s Kongo spalvos \u201eCross\u201c kavos staliuku. Minimalistinis dizainas ir moderni estetika puikiai der\u0117s prie bet kokio interjero, suteikdami rafinuotumo. Matin\u0117 juoda stalvir\u0161io pus\u0117 ne tik traukia ak\u012f, bet ir puikiai dera su \u012fvairiais bald\u0173 stiliais \u2013 nuo skandinavi\u0161ko iki industrinio. Dar vienas \u0161io kavos staliuko privalumas \u2013 prakti\u0161kumas. D\u0117l matmen\u0173 (plotis 120 cm, gylis 60 cm, auk\u0161tis 45 cm) jis idealiai tinka ma\u017eoms erdv\u0117ms, ta\u010diau puikiai tinka ir didesn\u0117ms svetain\u0117ms. Puikiai tinka kavai, u\u017ekand\u017eiams patiekti arba kaip vieta knygoms ir nuotolinio valdymo pultui laikyti. D\u0117l savo funkcionalumo jis neabejotinai taps bet kokio susib\u016brimo su \u0161eima ir draugais traukos centru. Pagamintas i\u0161 auk\u0161tos kokyb\u0117s laminuotos plok\u0161t\u0117s, staliukas yra atsparus pa\u017eeidimams ir lengvai valomas, tod\u0117l idealiai tinka \u0161eimoms. Matin\u0117 apdaila daro j\u012f ne tik esteti\u0161kai patraukl\u0173, bet ir prakti\u0161k\u0105 \u2013 suma\u017eina atspind\u017eius, leisdama jums sutelkti d\u0117mes\u012f \u012f poils\u012f ir pokalbius su artimaisiais.<\/p>","protected":false},"excerpt":{"rendered":"<p>Plotis (cm): 120<br \/>\n\u016agis (cm): 45<br \/>\nGylis (cm): 60<\/p>","protected":false},"featured_media":154316,"comment_status":"open","ping_status":"open","template":"","meta":[],"product_brand":[],"product_cat":[9402,866,4105],"product_tag":[],"class_list":{"0":"post-154315","1":"product","2":"type-product","3":"status-publish","4":"has-post-thumbnail","6":"product_cat-furniture-system-cross","7":"product_cat-coffee-tables","8":"product_cat-helvetia","10":"first","11":"instock","12":"purchasable","13":"product-type-simple"},"_links":{"self":[{"href":"https:\/\/baldumarket.lt\/lt\/wp-json\/wp\/v2\/product\/154315","targetHints":{"allow":["GET"]}}],"collection":[{"href":"https:\/\/baldumarket.lt\/lt\/wp-json\/wp\/v2\/product"}],"about":[{"href":"https:\/\/baldumarket.lt\/lt\/wp-json\/wp\/v2\/types\/product"}],"replies":[{"embeddable":true,"href":"https:\/\/baldumarket.lt\/lt\/wp-json\/wp\/v2\/comments?post=154315"}],"wp:featuredmedia":[{"embeddable":true,"href":"https:\/\/baldumarket.lt\/lt\/wp-json\/wp\/v2\/media\/154316"}],"wp:attachment":[{"href":"https:\/\/baldumarket.lt\/lt\/wp-json\/wp\/v2\/media?parent=154315"}],"wp:term":[{"taxonomy":"product_brand","embeddable":true,"href":"https:\/\/baldumarket.lt\/lt\/wp-json\/wp\/v2\/product_brand?post=154315"},{"taxonomy":"product_cat","embeddable":true,"href":"https:\/\/baldumarket.lt\/lt\/wp-json\/wp\/v2\/product_cat?post=154315"},{"taxonomy":"product_tag","embeddable":true,"href":"https:\/\/baldumarket.lt\/lt\/wp-json\/wp\/v2\/product_tag?post=154315"}],"curies":[{"name":"wp","href":"https:\/\/api.w.org\/{rel}","templated":true}]}}