{"id":154309,"date":"2025-12-18T17:20:16","date_gmt":"2025-12-18T14:20:16","guid":{"rendered":"https:\/\/baldumarket.lt\/product\/cross-stolik-kawowy-bialy-czarny-mat\/"},"modified":"2026-02-05T09:47:48","modified_gmt":"2026-02-05T06:47:48","slug":"cross-stolik-kawowy-bialy-czarny-mat","status":"publish","type":"product","link":"https:\/\/baldumarket.lt\/lt\/product\/cross-stolik-kawowy-bialy-czarny-mat\/","title":{"rendered":"Kry\u017eius \u2013 Kavos staliukas baltas juodas matinis"},"content":{"rendered":"<p>Atraskite elegancij\u0105 ir modernum\u0105 su \u201eCross\u201c kavos staliuku, pasi\u017eymin\u010diu matin\u0117s baltos ir juodos spalvos apdaila i\u0161 \u017einomo \u201eHelvetia\u201c prek\u0117s \u017eenklo. Minimalistinis dizainas puikiai dera su dabartin\u0117mis interjero dizaino tendencijomis, suteikdamas bet kokiai patalpai stiling\u0105, ta\u010diau funkcional\u0173 charakter\u012f. Prisitvirtinantis prie \u012fvairi\u0173 interjero dizain\u0173, \u201eCross\u201c staliukas taps j\u016bs\u0173 svetain\u0117s traukos centru, d\u017eiugindamas sve\u010dius savo paprastumu ir klase. Matin\u0117s baltos spalvos ir juodo stalvir\u0161io derinys yra harmonijos kvintesencija, suteikianti j\u016bs\u0173 namams subtilios elegancijos. 120 cm plo\u010dio ir 45 cm auk\u0161\u010dio staliukas idealiai tinka kasdieniam naudojimui, suteikiant pakankamai vietos m\u0117gstamos kavos puodeliui, \u017eurnalams ar dekoratyviniams aksesuarams. Jis ne tik atitinka estetinius l\u016bkes\u010dius, bet ir u\u017etikrina komfort\u0105 kasdien naudojant. Pagaminti i\u0161 auk\u0161tos kokyb\u0117s laminuotos plok\u0161t\u0117s, tiek r\u0117mas, tiek stalvir\u0161is yra lengvai valomi ir atspar\u016bs pa\u017eeidimams. \u0160is prakti\u0161kas kavos staliukas yra puikus sprendimas tiems, kurie ie\u0161ko moderni\u0173 ir funkcionali\u0173 bald\u0173, kurie atlaikys laiko i\u0161bandym\u0105, taip pat kasdienius i\u0161\u0161\u016bkius, tokius kaip vaikai ar augintiniai.<\/p>","protected":false},"excerpt":{"rendered":"<p>Plotis (cm): 120<br \/>\n\u016agis (cm): 45<br \/>\nGylis (cm): 60<\/p>","protected":false},"featured_media":154310,"comment_status":"open","ping_status":"open","template":"","meta":[],"product_brand":[],"product_cat":[9402,866,4105],"product_tag":[],"class_list":{"0":"post-154309","1":"product","2":"type-product","3":"status-publish","4":"has-post-thumbnail","6":"product_cat-furniture-system-cross","7":"product_cat-coffee-tables","8":"product_cat-helvetia","10":"first","11":"instock","12":"purchasable","13":"product-type-simple"},"_links":{"self":[{"href":"https:\/\/baldumarket.lt\/lt\/wp-json\/wp\/v2\/product\/154309","targetHints":{"allow":["GET"]}}],"collection":[{"href":"https:\/\/baldumarket.lt\/lt\/wp-json\/wp\/v2\/product"}],"about":[{"href":"https:\/\/baldumarket.lt\/lt\/wp-json\/wp\/v2\/types\/product"}],"replies":[{"embeddable":true,"href":"https:\/\/baldumarket.lt\/lt\/wp-json\/wp\/v2\/comments?post=154309"}],"wp:featuredmedia":[{"embeddable":true,"href":"https:\/\/baldumarket.lt\/lt\/wp-json\/wp\/v2\/media\/154310"}],"wp:attachment":[{"href":"https:\/\/baldumarket.lt\/lt\/wp-json\/wp\/v2\/media?parent=154309"}],"wp:term":[{"taxonomy":"product_brand","embeddable":true,"href":"https:\/\/baldumarket.lt\/lt\/wp-json\/wp\/v2\/product_brand?post=154309"},{"taxonomy":"product_cat","embeddable":true,"href":"https:\/\/baldumarket.lt\/lt\/wp-json\/wp\/v2\/product_cat?post=154309"},{"taxonomy":"product_tag","embeddable":true,"href":"https:\/\/baldumarket.lt\/lt\/wp-json\/wp\/v2\/product_tag?post=154309"}],"curies":[{"name":"wp","href":"https:\/\/api.w.org\/{rel}","templated":true}]}}