{"id":154303,"date":"2025-12-18T17:20:03","date_gmt":"2025-12-18T14:20:03","guid":{"rendered":"https:\/\/baldumarket.lt\/product\/cross-polka-wiszaca-dab-wotan-czarny-mat\/"},"modified":"2026-02-05T09:47:48","modified_gmt":"2026-02-05T06:47:48","slug":"cross-polka-wiszaca-dab-wotan-czarny-mat","status":"publish","type":"product","link":"https:\/\/baldumarket.lt\/lt\/product\/cross-polka-wiszaca-dab-wotan-czarny-mat\/","title":{"rendered":"\u201eCross \u2013 Wotan\u201c \u0105\u017euolo pakabinama lentyna, matin\u0117 juoda"},"content":{"rendered":"<p>Atraskite pakabinam\u0105 lentyn\u0105 \u201eCross\u201c i\u0161 \u201eWotan Oak\u201c su matin\u0117s juodos spalvos akcentu, kuri suteiks j\u016bs\u0173 interjerui modernumo. Minimalistinis dizainas puikiai tinka \u012fvairiems stiliams \u2013 nuo industrinio iki skandinavi\u0161ko. Nat\u016brali\u0173 medienos atspalvi\u0173 ir eleganti\u0161kos matin\u0117s juodos spalvos apdailos derinys suteikia lentynai ne tik funkcional\u0173 bald\u0105, bet ir \u012fsp\u016bding\u0105 sienos puo\u0161men\u0105. \u0160i erdvi 180 cm plo\u010dio lentyna suteikia galimyb\u0119 sukurti unikali\u0105 kompozicij\u0105. Ant jos galite laikyti m\u0117gstamas knygas, vazoninius augalus ar dekoratyvinius aksesuarus, suteikdami jiems asmeninio akcento. 23 cm gylio lentyna yra pakankamai erdvi, kad joje tilpt\u0173 didesni daiktai, ta\u010diau pakankamai plona, kad neu\u017ego\u017et\u0173 erdv\u0117s. Pagaminta i\u0161 auk\u0161tos kokyb\u0117s laminuotos plok\u0161t\u0117s, lentyna yra ne tik esteti\u0161kai patraukli, bet ir patvari bei lengvai pri\u017ei\u016brima. Jos med\u017eiaga atspari \u012fbr\u0117\u017eimams ir dr\u0117gmei, tod\u0117l ji tarnaus ilgai. Be to, paprastas surinkimas rei\u0161kia, kad gal\u0117site akimirksniu m\u0117gautis nauju savo nam\u0173 papildymu. Ji tikrai taps vieta, kuri pritrauks j\u016bs\u0173 sve\u010di\u0173 d\u0117mes\u012f.<\/p>","protected":false},"excerpt":{"rendered":"<p>Plotis (cm): 180<br \/>\n\u016agis (cm): 23<br \/>\nGylis (cm): 23<\/p>","protected":false},"featured_media":154304,"comment_status":"open","ping_status":"open","template":"","meta":[],"product_brand":[],"product_cat":[9402,1174,4105],"product_tag":[],"class_list":{"0":"post-154303","1":"product","2":"type-product","3":"status-publish","4":"has-post-thumbnail","6":"product_cat-furniture-system-cross","7":"product_cat-hanging-shelves","8":"product_cat-helvetia","10":"first","11":"instock","12":"purchasable","13":"product-type-simple"},"_links":{"self":[{"href":"https:\/\/baldumarket.lt\/lt\/wp-json\/wp\/v2\/product\/154303","targetHints":{"allow":["GET"]}}],"collection":[{"href":"https:\/\/baldumarket.lt\/lt\/wp-json\/wp\/v2\/product"}],"about":[{"href":"https:\/\/baldumarket.lt\/lt\/wp-json\/wp\/v2\/types\/product"}],"replies":[{"embeddable":true,"href":"https:\/\/baldumarket.lt\/lt\/wp-json\/wp\/v2\/comments?post=154303"}],"wp:featuredmedia":[{"embeddable":true,"href":"https:\/\/baldumarket.lt\/lt\/wp-json\/wp\/v2\/media\/154304"}],"wp:attachment":[{"href":"https:\/\/baldumarket.lt\/lt\/wp-json\/wp\/v2\/media?parent=154303"}],"wp:term":[{"taxonomy":"product_brand","embeddable":true,"href":"https:\/\/baldumarket.lt\/lt\/wp-json\/wp\/v2\/product_brand?post=154303"},{"taxonomy":"product_cat","embeddable":true,"href":"https:\/\/baldumarket.lt\/lt\/wp-json\/wp\/v2\/product_cat?post=154303"},{"taxonomy":"product_tag","embeddable":true,"href":"https:\/\/baldumarket.lt\/lt\/wp-json\/wp\/v2\/product_tag?post=154303"}],"curies":[{"name":"wp","href":"https:\/\/api.w.org\/{rel}","templated":true}]}}