{"id":154297,"date":"2025-12-18T17:19:50","date_gmt":"2025-12-18T14:19:50","guid":{"rendered":"https:\/\/baldumarket.lt\/product\/cross-polka-wiszaca-congo-czarny-mat\/"},"modified":"2026-02-05T09:47:56","modified_gmt":"2026-02-05T06:47:56","slug":"cross-polka-wiszaca-congo-czarny-mat","status":"publish","type":"product","link":"https:\/\/baldumarket.lt\/lt\/product\/cross-polka-wiszaca-congo-czarny-mat\/","title":{"rendered":"\u201eCross\u201c \u2013 pakabinama lentyna \u201eCongo\u201c, matin\u0117 juoda"},"content":{"rendered":"<p>Atraskite nauj\u0105 interjero dizaino dimensij\u0105 su pakabinama lentyna \u201eCross\u201c matin\u0117s juodos spalvos \u201eCongo Matte Black\u201c. \u0160i eleganti\u0161ka lentyna \u2013 puikus sprendimas visiems, norintiems savo interjerui suteikti ne tik stiliaus, bet ir funkcionalumo. D\u0117l minimalistinio dizaino ir prislopint\u0173 spalv\u0173 lentyna lengvai \u012fsilies \u012f \u012fvairius interjerus \u2013 nuo modernaus iki skandinavi\u0161ko ar industrinio. Stilinga ir prakti\u0161ka pakabinama lentyna \u201eCross\u201c, kurios plotis \u2013 180 cm, gylis \u2013 23 cm, tampa puikia vieta laikyti m\u0117gstamas knygas, dekoracijas ir kitus vertingus daiktus. Laminuotos plok\u0161t\u0117s naudojimas lentyn\u0105 daro ne tik gra\u017ei\u0105, bet ir atspari\u0105 pa\u017eeidimams bei lengvai valom\u0105. Tai idealus pasirinkimas tiems, kurie vertina patvarum\u0105 ir estetik\u0105. \u012ereng\u0119 lentyn\u0105 \u201eCross\u201c savo interjere, \u012fgysite ne tik papildomos vietos daiktams laikyti, bet ir galimyb\u0119 i\u0161reik\u0161ti savo individual\u0173 stili\u0173. Minimalistin\u0117 i\u0161vaizda kvie\u010dia eksperimentuoti su i\u0161d\u0117stymu, ant jos galite eksponuoti tiek modernius spaudinius, tiek klasikinius meno k\u016brinius. Tai gaminys, kuris \u017eavi savo universalumu \u2013 puikiai tinka svetainei, biurui ir miegamajam.<\/p>","protected":false},"excerpt":{"rendered":"<p>Plotis (cm): 180<br \/>\n\u016agis (cm): 23<br \/>\nGylis (cm): 23<\/p>","protected":false},"featured_media":154298,"comment_status":"open","ping_status":"open","template":"","meta":[],"product_brand":[],"product_cat":[9402,1174,4105],"product_tag":[],"class_list":{"0":"post-154297","1":"product","2":"type-product","3":"status-publish","4":"has-post-thumbnail","6":"product_cat-furniture-system-cross","7":"product_cat-hanging-shelves","8":"product_cat-helvetia","10":"first","11":"instock","12":"purchasable","13":"product-type-simple"},"_links":{"self":[{"href":"https:\/\/baldumarket.lt\/lt\/wp-json\/wp\/v2\/product\/154297","targetHints":{"allow":["GET"]}}],"collection":[{"href":"https:\/\/baldumarket.lt\/lt\/wp-json\/wp\/v2\/product"}],"about":[{"href":"https:\/\/baldumarket.lt\/lt\/wp-json\/wp\/v2\/types\/product"}],"replies":[{"embeddable":true,"href":"https:\/\/baldumarket.lt\/lt\/wp-json\/wp\/v2\/comments?post=154297"}],"wp:featuredmedia":[{"embeddable":true,"href":"https:\/\/baldumarket.lt\/lt\/wp-json\/wp\/v2\/media\/154298"}],"wp:attachment":[{"href":"https:\/\/baldumarket.lt\/lt\/wp-json\/wp\/v2\/media?parent=154297"}],"wp:term":[{"taxonomy":"product_brand","embeddable":true,"href":"https:\/\/baldumarket.lt\/lt\/wp-json\/wp\/v2\/product_brand?post=154297"},{"taxonomy":"product_cat","embeddable":true,"href":"https:\/\/baldumarket.lt\/lt\/wp-json\/wp\/v2\/product_cat?post=154297"},{"taxonomy":"product_tag","embeddable":true,"href":"https:\/\/baldumarket.lt\/lt\/wp-json\/wp\/v2\/product_tag?post=154297"}],"curies":[{"name":"wp","href":"https:\/\/api.w.org\/{rel}","templated":true}]}}