{"id":154291,"date":"2025-12-18T17:19:38","date_gmt":"2025-12-18T14:19:38","guid":{"rendered":"https:\/\/baldumarket.lt\/product\/cross-polka-wiszaca-bialy-czarny-mat\/"},"modified":"2026-04-12T09:29:15","modified_gmt":"2026-04-12T06:29:15","slug":"cross-polka-wiszaca-bialy-czarny-mat","status":"publish","type":"product","link":"https:\/\/baldumarket.lt\/lt\/product\/cross-polka-wiszaca-bialy-czarny-mat\/","title":{"rendered":"KRY\u017dIAUS \u2013 Pakabinama Lentyna Balta Juoda Matin\u0117"},"content":{"rendered":"<p>Atraskite nepaprast\u0105 stili\u0173 ir modern\u0173 po\u017ei\u016br\u012f \u012f interjero dizain\u0105 su pakabinama lentyna \u201eCross\u201c i\u0161 \u201eHelvetia\u201c. Minimalistinis dizainas, pasi\u017eymintis matine balta ir matine juoda spalvomis, suteiks j\u016bs\u0173 namams elegancijos ir harmonijos, derindamas funkcionalum\u0105 su estetika. \u0160is prakti\u0161kas baldas puikiai tinka tiek svetainei, tiek miegamajam, tiek biurui, leisdamas efektyviai eksponuoti m\u0117gstamas knygas ir dekoracijas. Pakabinama lentyna \u201eCross\u201c yra ne tik baldas, bet ir tikras meno k\u016brinys, suteikiantis bet kokiai patalpai unikal\u0173 charakter\u012f. Paprasta forma ir subtilios spalvos leid\u017eia j\u0105 lengvai priderinti prie \u012fvairi\u0173 interjero stili\u0173 \u2013 nuo skandinavi\u0161ko iki modernaus ir lofto. D\u0117l laminuotos plok\u0161t\u0117s panaudojimo lentynos pavir\u0161ius yra ne tik esteti\u0161kai patrauklus, bet ir atsparus pa\u017eeidimams bei lengvai valomas. \u201eCross\u201c lentyn\u0105 i\u0161skiria jos universalumas. Ji si\u016blo puikius daikt\u0173 laikymo sprendimus ir leid\u017eia vertikaliai i\u0161d\u0117styti daiktus, o tai ypa\u010d svarbu ma\u017eesn\u0117se erdv\u0117se. Lentynos matmenys \u2013 180 cm plo\u010dio, 23 cm gylio ir 23 cm auk\u0161\u010dio, tod\u0117l j\u0105 galite naudoti \u012fvairiais b\u016bdais \u2013 kaip viet\u0105 knygoms, nuotrauk\u0173 r\u0117meliams, vazoniniams augalams ar kitiems dekoratyviniams elementams, kurie suteiks j\u016bs\u0173 erdvei charakterio.<\/p>","protected":false},"excerpt":{"rendered":"<p>Plotis (cm): 180<br \/>\n\u016agis (cm): 23<br \/>\nGylis (cm): 23<\/p>","protected":false},"featured_media":154292,"comment_status":"open","ping_status":"open","template":"","meta":[],"product_brand":[],"product_cat":[9402,1174,4105],"product_tag":[],"class_list":{"0":"post-154291","1":"product","2":"type-product","3":"status-publish","4":"has-post-thumbnail","6":"product_cat-furniture-system-cross","7":"product_cat-hanging-shelves","8":"product_cat-helvetia","10":"first","11":"instock","12":"purchasable","13":"product-type-simple"},"_links":{"self":[{"href":"https:\/\/baldumarket.lt\/lt\/wp-json\/wp\/v2\/product\/154291","targetHints":{"allow":["GET"]}}],"collection":[{"href":"https:\/\/baldumarket.lt\/lt\/wp-json\/wp\/v2\/product"}],"about":[{"href":"https:\/\/baldumarket.lt\/lt\/wp-json\/wp\/v2\/types\/product"}],"replies":[{"embeddable":true,"href":"https:\/\/baldumarket.lt\/lt\/wp-json\/wp\/v2\/comments?post=154291"}],"wp:featuredmedia":[{"embeddable":true,"href":"https:\/\/baldumarket.lt\/lt\/wp-json\/wp\/v2\/media\/154292"}],"wp:attachment":[{"href":"https:\/\/baldumarket.lt\/lt\/wp-json\/wp\/v2\/media?parent=154291"}],"wp:term":[{"taxonomy":"product_brand","embeddable":true,"href":"https:\/\/baldumarket.lt\/lt\/wp-json\/wp\/v2\/product_brand?post=154291"},{"taxonomy":"product_cat","embeddable":true,"href":"https:\/\/baldumarket.lt\/lt\/wp-json\/wp\/v2\/product_cat?post=154291"},{"taxonomy":"product_tag","embeddable":true,"href":"https:\/\/baldumarket.lt\/lt\/wp-json\/wp\/v2\/product_tag?post=154291"}],"curies":[{"name":"wp","href":"https:\/\/api.w.org\/{rel}","templated":true}]}}