{"id":154287,"date":"2025-12-18T17:19:30","date_gmt":"2025-12-18T14:19:30","guid":{"rendered":"https:\/\/baldumarket.lt\/product\/coby-mebloscianka-dab-monastery-czarny-onyks\/"},"modified":"2026-02-05T09:43:36","modified_gmt":"2026-02-05T06:43:36","slug":"coby-mebloscianka-dab-monastery-czarny-onyks","status":"publish","type":"product","link":"https:\/\/baldumarket.lt\/lt\/product\/coby-mebloscianka-dab-monastery-czarny-onyks\/","title":{"rendered":"\u201eCoby\u201c sienin\u0117 spintel\u0117 vienuolyno \u0105\u017euolas \/ Juodasis Oniksas"},"content":{"rendered":"<p>Kvie\u010diame atrasti unikali\u0105 \u201eCoby\u201c sienin\u0119 spintel\u0119, kurios blizgios baltos spalvos ir \u0161ilto Wotano \u0105\u017euolo atspalvio derinys sukuria unikal\u0173 stiliaus derin\u012f, puikiai tinkant\u012f bet kokiam moderniam interjerui. \u0160i keturi\u0173 dureli\u0173 sienin\u0117 spintel\u0117 buvo sukurta ne tik tam, kad d\u017eiugint\u0173 ak\u012f savo estetika, bet ir u\u017etikrint\u0173 maksimal\u0173 funkcionalum\u0105 bei komfort\u0105. Atsi\u017evelgiant \u012f konkre\u010dius klient\u0173 poreikius, \u201eCoby\u201c leid\u017eia lanks\u010diai i\u0161d\u0117styti spintel\u0119, pritaikyt\u0105 individualiems svetain\u0117s ar darbo kambario reikalavimams.<\/p>\n<p>\u0160is \u201eCoby\u201c kolekcijos gaminys pagamintas i\u0161 auk\u0161\u010diausios kokyb\u0117s laminuotos plok\u0161t\u0117s, u\u017etikrinan\u010dios didel\u012f atsparum\u0105 dilimui ir lengv\u0105 valym\u0105. Unikali spalv\u0173 palet\u0117 su blizgia balta spalva, derinama su klasikiniu \u201eWotan\u201c \u0105\u017euolu, ne tik atspindi naujausias interjero dizaino tendencijas, bet ir suteikia interjerui elegancijos bei modernumo.<\/p>\n<p>\u201eCoby 24WBMB10\u201c sienin\u0117je spintel\u0117je yra septynios prakti\u0161kos lentynos, kuriose lengvai tilps visi reikalingi daiktai. Be to, stikliniai fasadai sukuria lengvumo ir atvirumo efekt\u0105. Eleganti\u0161kos, dekoratyvios rankenos, pagamintos i\u0161 auk\u0161tos kokyb\u0117s plastiko, yra ne tik estetin\u0117 detal\u0117, bet ir u\u017etikrina patog\u0173 kasdien\u012f naudojim\u0105.<br \/>\nTiems, kurie vertina dekoratyvinius elementus su papildomu ap\u0161vietimu, galima \u012fsigyti LED ap\u0161vietim\u0105, kuris dar labiau pabr\u0117\u0161 unikal\u0173 bald\u0173 charakter\u012f ir sukurs \u017eaving\u0105 atmosfer\u0105 kambaryje. PROFIL LED ap\u0161vietimas stiklin\u0117ms lentynoms puikiai i\u0161ry\u0161kina dekor\u0105 ir suteikia spindesio kiekvienam interjero elementui.<br \/>\n\u201eCoby\u201c sienin\u0117 spintel\u0117 yra savaranki\u0161kai surenkama prek\u0117. Rinkinyje yra viskas, ko reikia surinkimui, kartu su ai\u0161kiomis ir prieinamomis instrukcijomis, kad surinkimas b\u016bt\u0173 greitas ir paprastas. \u201eCoby\u201c sieninei spintelei suteikiama 2 met\u0173 garantija, rodanti pasitik\u0117jim\u0105 naudojam\u0173 med\u017eiag\u0173 kokybe ir tvirta gamyba.<br \/>\nKvie\u010diame jus i\u0161sirinkti tai, kas neatpa\u017e\u012fstamai pakeis j\u016bs\u0173 kambar\u012f: 270 cm plo\u010dio, 143 cm auk\u0161\u010dio ir 45 cm gylio \u201eCoby Gloss White\u201c \/ \u201eWotan Oak\u201c sienin\u0119 spintel\u0119 su keturiomis durel\u0117mis ir septyniomis funkcin\u0117mis lentynomis. Pagaminta i\u0161 laminuotos bald\u0173 plok\u0161t\u0117s, ji garantuoja ilgalaik\u012f naudojim\u0105 ir patvarum\u0105 ilgus metus. Atraskite elegancij\u0105, kuri i\u0161pildys j\u016bs\u0173 svajones apie gra\u017ei\u0105 ir funkcionali\u0105 svetain\u0119!<\/p>","protected":false},"excerpt":{"rendered":"<p>Plotis (cm): 270<br \/>\n\u016agis (cm): 143<br \/>\nGylis (cm): 45<\/p>","protected":false},"featured_media":154288,"comment_status":"open","ping_status":"open","template":"","meta":[],"product_brand":[],"product_cat":[9401,4105,2008],"product_tag":[],"class_list":{"0":"post-154287","1":"product","2":"type-product","3":"status-publish","4":"has-post-thumbnail","6":"product_cat-furniture-system-coby","7":"product_cat-helvetia","8":"product_cat-wall-units","10":"first","11":"instock","12":"purchasable","13":"product-type-simple"},"_links":{"self":[{"href":"https:\/\/baldumarket.lt\/lt\/wp-json\/wp\/v2\/product\/154287","targetHints":{"allow":["GET"]}}],"collection":[{"href":"https:\/\/baldumarket.lt\/lt\/wp-json\/wp\/v2\/product"}],"about":[{"href":"https:\/\/baldumarket.lt\/lt\/wp-json\/wp\/v2\/types\/product"}],"replies":[{"embeddable":true,"href":"https:\/\/baldumarket.lt\/lt\/wp-json\/wp\/v2\/comments?post=154287"}],"wp:featuredmedia":[{"embeddable":true,"href":"https:\/\/baldumarket.lt\/lt\/wp-json\/wp\/v2\/media\/154288"}],"wp:attachment":[{"href":"https:\/\/baldumarket.lt\/lt\/wp-json\/wp\/v2\/media?parent=154287"}],"wp:term":[{"taxonomy":"product_brand","embeddable":true,"href":"https:\/\/baldumarket.lt\/lt\/wp-json\/wp\/v2\/product_brand?post=154287"},{"taxonomy":"product_cat","embeddable":true,"href":"https:\/\/baldumarket.lt\/lt\/wp-json\/wp\/v2\/product_cat?post=154287"},{"taxonomy":"product_tag","embeddable":true,"href":"https:\/\/baldumarket.lt\/lt\/wp-json\/wp\/v2\/product_tag?post=154287"}],"curies":[{"name":"wp","href":"https:\/\/api.w.org\/{rel}","templated":true}]}}