{"id":154280,"date":"2025-12-18T17:19:17","date_gmt":"2025-12-18T14:19:17","guid":{"rendered":"https:\/\/baldumarket.lt\/product\/coby-mebloscianka-bialy-polysk-dab-wotan\/"},"modified":"2026-02-05T09:43:36","modified_gmt":"2026-02-05T06:43:36","slug":"coby-mebloscianka-bialy-polysk-dab-wotan","status":"publish","type":"product","link":"https:\/\/baldumarket.lt\/lt\/product\/coby-mebloscianka-bialy-polysk-dab-wotan\/","title":{"rendered":"\u201eCoby\u201c sienin\u0117 spintel\u0117, blizgi balta \/ Wotano \u0105\u017euolas"},"content":{"rendered":"<p>Atraskite nauj\u0105 elegancijos ir funkcionalumo dimensij\u0105 savo nam\u0173 jaukumoje su \u201eCoby Black Onyx\u201c \/ \u201eWotan Oak\u201c sieniniu spinteliu, kuris meistri\u0161kai derina modern\u0173 dizain\u0105 ir prakti\u0161kum\u0105. Puikiai pritaikyta \u0161iuolaikiniams poreikiams, \u201eCoby 24WNMB10\u201c sistema atspindi naujausias interjero dizaino tendencijas.<br \/>\nPasirink\u0119 \u201eCoby\u201c sienin\u0119 spintel\u0119, galite sukurti i\u0161skirtin\u012f vaizd\u0105 savo svetain\u0117je ar darbo kambaryje. Eleganti\u0161ka juodo onikso ir \u0161ilto Wotano \u0105\u017euolo atspalvi\u0173 gama puikiai dera prie bet kokio stiliaus \u2013 nuo minimalistinio iki ekstravaganti\u0161kesnio. Paprasta forma eleganti\u0161kai papildo daugiafunkcin\u012f panaudojim\u0105, suteikdama galimyb\u0119 k\u016brybi\u0161kai planuoti erdv\u0119.<br \/>\nSuteikite savo interjerui prabangos su kruop\u0161\u010diai atrinktomis med\u017eiagomis \u2013 \u201eCoby\u201c sienin\u0117 spintel\u0117 pagaminta i\u0161 auk\u0161tos kokyb\u0117s laminuotos plok\u0161t\u0117s, tod\u0117l yra atspari kasdieniam naudojimui ir lengvai valoma. Karkasai ir fasadai pasi\u017eymi patvarumu ir estetiniu patrauklumu ilgus metus. Pagerinkite savo erdv\u0119 \u0161ia keturi\u0173 dureli\u0173 sienine spintele su septyniomis prakti\u0161komis lentynomis, kurios leid\u017eia patogiai susid\u0117ti daiktus, knygas ir dekoracijas. Stikliniai fasadai ir dekoratyvin\u0117s plastikin\u0117s rankenos sustiprina i\u0161skirtinumo poj\u016bt\u012f.<br \/>\nPrad\u017eiuginkite savo sve\u010dius subtilia \u0161viesa \u2013 \u201eCoby\u201c sienin\u0117 spintel\u0117 si\u016blo pasirenkam\u0105 LED ap\u0161vietim\u0105, kuris, pasitelkdamas \u012fvairiapus\u0117s \u0161viesos magij\u0105, suteikia atmosferinio gylio ir pabr\u0117\u017eia unikali\u0105 kambario atmosfer\u0105.<br \/>\nU\u017etikrinkite lengv\u0105 surinkim\u0105 \u2013 pridedami visi reikalingi tvirtinimo priedai ir ai\u0161kios instrukcijos. D\u0117l gerai apgalvoto, savaime surenkamo dizaino sienine spintele gal\u0117site d\u017eiaugtis beveik i\u0161 karto.<br \/>\nRinkit\u0117s \u201eCoby Black Onyx\u201c \/ \u201eWotan Oak\u201c sienin\u0119 spintel\u0119, kuri daugel\u012f met\u0173 suteiks j\u016bs\u0173 namams modernumo ir bus patikimas palydovas kasdieniame gyvenime. M\u0117gaukit\u0117s gro\u017eiu, kuris pasirei\u0161kia ir prakti\u0161ka forma. I\u0161skirtinis charakteris ir auk\u0161tos kokyb\u0117s garantija \u2013 tai, k\u0105 si\u016blo \u201eCoby\u201c sienin\u0117 spintel\u0117.<\/p>","protected":false},"excerpt":{"rendered":"<p>Plotis (cm): 270<br \/>\n\u016agis (cm): 143<br \/>\nGylis (cm): 45<\/p>","protected":false},"featured_media":154281,"comment_status":"open","ping_status":"open","template":"","meta":[],"product_brand":[],"product_cat":[9401,4105,2008],"product_tag":[],"class_list":{"0":"post-154280","1":"product","2":"type-product","3":"status-publish","4":"has-post-thumbnail","6":"product_cat-furniture-system-coby","7":"product_cat-helvetia","8":"product_cat-wall-units","10":"first","11":"instock","12":"purchasable","13":"product-type-simple"},"_links":{"self":[{"href":"https:\/\/baldumarket.lt\/lt\/wp-json\/wp\/v2\/product\/154280","targetHints":{"allow":["GET"]}}],"collection":[{"href":"https:\/\/baldumarket.lt\/lt\/wp-json\/wp\/v2\/product"}],"about":[{"href":"https:\/\/baldumarket.lt\/lt\/wp-json\/wp\/v2\/types\/product"}],"replies":[{"embeddable":true,"href":"https:\/\/baldumarket.lt\/lt\/wp-json\/wp\/v2\/comments?post=154280"}],"wp:featuredmedia":[{"embeddable":true,"href":"https:\/\/baldumarket.lt\/lt\/wp-json\/wp\/v2\/media\/154281"}],"wp:attachment":[{"href":"https:\/\/baldumarket.lt\/lt\/wp-json\/wp\/v2\/media?parent=154280"}],"wp:term":[{"taxonomy":"product_brand","embeddable":true,"href":"https:\/\/baldumarket.lt\/lt\/wp-json\/wp\/v2\/product_brand?post=154280"},{"taxonomy":"product_cat","embeddable":true,"href":"https:\/\/baldumarket.lt\/lt\/wp-json\/wp\/v2\/product_cat?post=154280"},{"taxonomy":"product_tag","embeddable":true,"href":"https:\/\/baldumarket.lt\/lt\/wp-json\/wp\/v2\/product_tag?post=154280"}],"curies":[{"name":"wp","href":"https:\/\/api.w.org\/{rel}","templated":true}]}}