{"id":154276,"date":"2025-12-18T17:19:10","date_gmt":"2025-12-18T14:19:10","guid":{"rendered":"https:\/\/baldumarket.lt\/product\/coby-komoda-rtv-2-drzwiowa-czarny-onyks\/"},"modified":"2026-02-05T09:43:36","modified_gmt":"2026-02-05T06:43:36","slug":"coby-komoda-rtv-2-drzwiowa-czarny-onyks","status":"publish","type":"product","link":"https:\/\/baldumarket.lt\/lt\/product\/coby-komoda-rtv-2-drzwiowa-czarny-onyks\/","title":{"rendered":"\u201eCoby\u201c dviej\u0173 dur\u0173 televizoriaus spintel\u0117, juodo onikso spalvos"},"content":{"rendered":"<p>Atraskite 2D \u201eCoby\u201c televizoriaus spintel\u0119 i\u0161 \u201eWotan Oak\u201c \u2013 tobul\u0105 modernios estetikos ir i\u0161skirtinio funkcionalumo derin\u012f. \u201eCoby\u201c bald\u0173 serija sukurta minimalistinio dizaino m\u0117g\u0117jams, kurie nenori aukoti prakti\u0161kumo. \u0160i spintel\u0117, si\u016blanti pritaikomas dizaino galimybes, puikiai dera prie bet kokio interjero, o \u0105\u017euolo apdaila suteikia \u0161ilumos ir jaukumo.<br \/>\nPasirinkus \u201eCoby\u201c model\u012f, galite pasigirti ne tik eleganti\u0161ka apdaila ir trimis skirtingais spalv\u0173 deriniais, bet ir auk\u0161tos kokyb\u0117s meistri\u0161kumu. Televizoriaus spintel\u0117 pagaminta i\u0161 auk\u0161\u010diausios kokyb\u0117s laminuotos plok\u0161t\u0117s, u\u017etikrinan\u010dios patvarum\u0105 ir atsparum\u0105 kasdieniam naudojimui. Televizoriaus spintel\u0117 su dviem durel\u0117mis ir viena lentyna si\u016blo prakti\u0161k\u0105 multimedijos \u012frengini\u0173 ir pried\u0173 laikymo viet\u0105, tuo pa\u010diu i\u0161laikant \u0161var\u0105 ir tvark\u0105 svetain\u0117je.<br \/>\nDizainerio detal\u0117s, tokios kaip galimyb\u0117 pakabinti spintel\u0119, suteikia j\u016bs\u0173 interjerui gaivumo ir erdvumo. Nor\u0117dami maksimaliai dekoratyvaus efekto, galite rinktis aplinkos \u0161viesos LED ap\u0161vietim\u0105, kuris subtiliai pagerins baldo i\u0161vaizd\u0105 ir suteiks interjerui unikali\u0105 atmosfer\u0105. Baldai pristatomi supakuoti, kartu su surinkimo priedais ir ai\u0161kiomis instrukcijomis, tod\u0117l juos surinkti galima greitai ir be vargo.<br \/>\n\u201eCoby\u201c indauja \u012fsp\u016bdingi: jos plotis \u2013 208 cm, tod\u0117l ant jos yra erdvus stalvir\u0161is televizoriui ir dekoracijoms, auk\u0161tis \u2013 vos 32 cm, tod\u0117l atrodo moderniai ir \u017eemai, o gylis \u2013 45 cm, tod\u0117l u\u017etikrinamas stabilumas ir pakankamai vietos elektronikai. Indauja pagaminta i\u0161 tos pa\u010dios auk\u0161tos kokyb\u0117s laminuotos plok\u0161t\u0117s, tod\u0117l atrodo harmoningai ir vientisai. Pasirinkdami \u201eCoby RTV 2D Wotan Oak\u201c indauja, renkat\u0117s elegancijos ir prakti\u0161kumo derin\u012f, kur\u012f garantuoja dvej\u0173 met\u0173 gamintojo garantija.<br \/>\nJ\u016bs\u0173 svetain\u0117 nusipelno bald\u0173, kurie ne tik atrodo gra\u017eiai, bet ir yra i\u0161skirtinai patvar\u016bs bei funkcional\u016bs. \u201eCoby RTV 2D\u201c indauja \u2013 tai gerai apgalvoto, funkcionalaus dizaino, pritaikyto \u0161iuolaikini\u0173 nam\u0173 poreikiams, kvintesencija. Pasinerkite \u012f Wotano \u0105\u017euolo elegancij\u0105 ir leiskite kiekvienai \u0161ios indaujai skirtai detalei d\u017eiuginti jus kiekvien\u0105 dien\u0105.<\/p>","protected":false},"excerpt":{"rendered":"<p>Plotis (cm): 208<br \/>\n\u016agis (cm): 32<br \/>\nGylis (cm): 45<\/p>","protected":false},"featured_media":154277,"comment_status":"open","ping_status":"open","template":"","meta":[],"product_brand":[],"product_cat":[9401,4105,1175],"product_tag":[],"class_list":{"0":"post-154276","1":"product","2":"type-product","3":"status-publish","4":"has-post-thumbnail","6":"product_cat-furniture-system-coby","7":"product_cat-helvetia","8":"product_cat-tv-stands","10":"first","11":"instock","12":"purchasable","13":"product-type-simple"},"_links":{"self":[{"href":"https:\/\/baldumarket.lt\/lt\/wp-json\/wp\/v2\/product\/154276","targetHints":{"allow":["GET"]}}],"collection":[{"href":"https:\/\/baldumarket.lt\/lt\/wp-json\/wp\/v2\/product"}],"about":[{"href":"https:\/\/baldumarket.lt\/lt\/wp-json\/wp\/v2\/types\/product"}],"replies":[{"embeddable":true,"href":"https:\/\/baldumarket.lt\/lt\/wp-json\/wp\/v2\/comments?post=154276"}],"wp:featuredmedia":[{"embeddable":true,"href":"https:\/\/baldumarket.lt\/lt\/wp-json\/wp\/v2\/media\/154277"}],"wp:attachment":[{"href":"https:\/\/baldumarket.lt\/lt\/wp-json\/wp\/v2\/media?parent=154276"}],"wp:term":[{"taxonomy":"product_brand","embeddable":true,"href":"https:\/\/baldumarket.lt\/lt\/wp-json\/wp\/v2\/product_brand?post=154276"},{"taxonomy":"product_cat","embeddable":true,"href":"https:\/\/baldumarket.lt\/lt\/wp-json\/wp\/v2\/product_cat?post=154276"},{"taxonomy":"product_tag","embeddable":true,"href":"https:\/\/baldumarket.lt\/lt\/wp-json\/wp\/v2\/product_tag?post=154276"}],"curies":[{"name":"wp","href":"https:\/\/api.w.org\/{rel}","templated":true}]}}