{"id":154272,"date":"2025-12-18T17:18:59","date_gmt":"2025-12-18T14:18:59","guid":{"rendered":"https:\/\/baldumarket.lt\/product\/coby-komoda-2d2s-dab-monastery-czarny-onyks\/"},"modified":"2026-02-05T09:43:36","modified_gmt":"2026-02-05T06:43:36","slug":"coby-komoda-2d2s-dab-monastery-czarny-onyks","status":"publish","type":"product","link":"https:\/\/baldumarket.lt\/lt\/product\/coby-komoda-2d2s-dab-monastery-czarny-onyks\/","title":{"rendered":"\u201eCoby\u201c komoda, 2 stal\u010diai, 2 stal\u010diai, \u201eVienuolyno \u0105\u017euolas\u201c \/ \u201eJuodasis oniksas\u201c"},"content":{"rendered":"<p>Svajojate apie erdv\u0119, kurioje kiekviena detal\u0117 sukuria harmoning\u0105 visum\u0105? \u201eCoby 2D 2S Monastery Oak \/ Black Onyx\u201c komoda su stal\u010diais yra stiliaus ir funkcionalumo kvintesencija \u2013 puikus j\u016bs\u0173 svetain\u0117s ar \u0161eimos kambario papildymas. Tai ne tik prakti\u0161kas erdv\u0117s organizavimo elementas, bet ir eleganti\u0161kas papildymas, kuris sustiprins bet kokio interjero charakter\u012f.<br \/>\n\u201eCoby\u201c sistema buvo sukurta galvojant apie estetus, kurie ie\u0161ko paprast\u0173, bet rafinuot\u0173 form\u0173 bald\u0173. \u0160i komoda priklauso kolekcijai, kuri i\u0161siskiria subtiliu spalv\u0173 deriniu \u2013 \u0161iltu \u201eMonastery Oak\u201c atspalviu, papildytu juodojo onikso sodrumu. Ji puikiai dera su \u012fvairiais stiliais, suteikdama bet kokiam interjerui unikali\u0105 atmosfer\u0105.<br \/>\nKomoda \u201eCoby 2D 2S\u201c yra ne tik vizualinis privalumas, bet, svarbiausia, funkcionalumas, pasiekiamas ranka. Du erdv\u016bs stal\u010diai ir dvi lentynos, pasl\u0117ptos u\u017e eleganti\u0161k\u0173 dureli\u0173, leid\u017eia prakti\u0161kai i\u0161naudoti erdv\u0119, suteikiant vietos \u012fvairiems daiktams laikyti. Dekoratyvin\u0117s ranken\u0117l\u0117s, kurios suteikia subtilumo ir palengvina kasdien\u012f naudojim\u0105, papildo dizain\u0105. Komoda \u201eCoby\u201c sukurta galvojant apie ilgaam\u017ei\u0161kum\u0105 ir atsparum\u0105. Auk\u0161tos kokyb\u0117s laminuotos plok\u0161t\u0117s naudojimas u\u017etikrina, kad baldai tarnaus ilgus metus ir i\u0161laikys nepriekai\u0161ting\u0105 i\u0161vaizd\u0105. Laminatas taip pat lengvai valomas, o tai labai svarbu norint i\u0161laikyti bald\u0173 estetin\u012f patrauklum\u0105.<br \/>\n\u201eCoby\u201c kolekcija pristatoma plok\u0161\u010diai supakuota ir sukurta savaranki\u0161kam surinkimui, tod\u0117l galite m\u0117gautis \u201epasidaryk pats\u201c surinkimo d\u017eiaugsmu. Pridedamos lengvai suprantamos instrukcijos ir visi reikalingi surinkimo priedai. Be to, siekiant u\u017etikrinti visi\u0161k\u0105 pasitenkinim\u0105, \u201eCoby 2D 2S\u201c komodai suteikiama 2 met\u0173 garantija. Taip pat verta apsvarstyti galimyb\u0119 \u012frengti funkcional\u0173 ir atmosferin\u012f LED ap\u0161vietim\u0105, kur\u012f galima \u012fsigyti kaip papildom\u0105 \u012frang\u0105.<br \/>\nPaverskite savo namus gro\u017eio ir jaukumo oaze, pasirinkdami komod\u0105 \u201eCoby 2D 2S\u201c \u2013 bald\u0105, kuris patenkins net ir reikliausi\u0173 vartotoj\u0173 l\u016bkes\u010dius.<\/p>","protected":false},"excerpt":{"rendered":"<p>Plotis (cm): 165<br \/>\n\u016agis (cm): 71<br \/>\nGylis (cm): 39<\/p>","protected":false},"featured_media":154273,"comment_status":"open","ping_status":"open","template":"","meta":[],"product_brand":[],"product_cat":[9401,1173,4105],"product_tag":[],"class_list":{"0":"post-154272","1":"product","2":"type-product","3":"status-publish","4":"has-post-thumbnail","6":"product_cat-furniture-system-coby","7":"product_cat-chests-of-drawers","8":"product_cat-helvetia","10":"first","11":"instock","12":"purchasable","13":"product-type-simple"},"_links":{"self":[{"href":"https:\/\/baldumarket.lt\/lt\/wp-json\/wp\/v2\/product\/154272","targetHints":{"allow":["GET"]}}],"collection":[{"href":"https:\/\/baldumarket.lt\/lt\/wp-json\/wp\/v2\/product"}],"about":[{"href":"https:\/\/baldumarket.lt\/lt\/wp-json\/wp\/v2\/types\/product"}],"replies":[{"embeddable":true,"href":"https:\/\/baldumarket.lt\/lt\/wp-json\/wp\/v2\/comments?post=154272"}],"wp:featuredmedia":[{"embeddable":true,"href":"https:\/\/baldumarket.lt\/lt\/wp-json\/wp\/v2\/media\/154273"}],"wp:attachment":[{"href":"https:\/\/baldumarket.lt\/lt\/wp-json\/wp\/v2\/media?parent=154272"}],"wp:term":[{"taxonomy":"product_brand","embeddable":true,"href":"https:\/\/baldumarket.lt\/lt\/wp-json\/wp\/v2\/product_brand?post=154272"},{"taxonomy":"product_cat","embeddable":true,"href":"https:\/\/baldumarket.lt\/lt\/wp-json\/wp\/v2\/product_cat?post=154272"},{"taxonomy":"product_tag","embeddable":true,"href":"https:\/\/baldumarket.lt\/lt\/wp-json\/wp\/v2\/product_tag?post=154272"}],"curies":[{"name":"wp","href":"https:\/\/api.w.org\/{rel}","templated":true}]}}