{"id":154268,"date":"2025-12-18T17:18:52","date_gmt":"2025-12-18T14:18:52","guid":{"rendered":"https:\/\/baldumarket.lt\/product\/coby-komoda-2d2s-czarny-onyks-dab-wotan\/"},"modified":"2026-02-05T09:43:36","modified_gmt":"2026-02-05T06:43:36","slug":"coby-komoda-2d2s-czarny-onyks-dab-wotan","status":"publish","type":"product","link":"https:\/\/baldumarket.lt\/lt\/product\/coby-komoda-2d2s-czarny-onyks-dab-wotan\/","title":{"rendered":"\u201eCoby\u201c komoda, 2 stal\u010diai, 2 stal\u010diai, juodo onikso \/ \u0105\u017euolo spalvos"},"content":{"rendered":"<p>Atraskite unikal\u0173 modernaus interjero dizain\u0105 ir funkcionalum\u0105 su \u201eCoby 2D2S\u201c juodo onikso \/ Wotano \u0105\u017euolo komoda. \u0160is stilingas \u201eCoby\u201c kolekcijos baldas sukurtas tiems, kurie vertina minimalizm\u0105 ir prakti\u0161kus sprendimus, ta\u010diau nori suteikti savo svetainei ar darbo kambariui unikal\u0173 charakter\u012f. Harmoningas juodo onikso ir \u0161ilto Wotano \u0105\u017euolo atspalvio derinys suteikia interjerui unikal\u0173 kontrast\u0105 ir modern\u0173 eleganti\u0161kum\u0105.<br \/>\n\u201eCoby\u201c indauja turi du erdvius stal\u010dius ir dvi erdvias lentynas u\u017e dvidur\u0117s priekin\u0117s dalies, tod\u0117l joje patogiai laikomi \u012fvair\u016bs kasdieniai daiktai. Tiems, kurie vertina detales, prie komplekto galima prid\u0117ti ir subtil\u0173 LED ap\u0161vietim\u0105, kuris gra\u017eiai i\u0161ry\u0161kins fasad\u0173 tekst\u016br\u0105 ir sukurs jauki\u0105 atmosfer\u0105 kambaryje.<br \/>\n\u201eCoby\u201c indauja \u017eavi ne tik savo i\u0161vaizda, bet ir gamybos kokybe. Priekin\u0117s dalys ir karkasai pagaminti i\u0161 auk\u0161tos kokyb\u0117s laminuotos baldin\u0117s plok\u0161t\u0117s, u\u017etikrinan\u010dios ilgaam\u017ei\u0161kum\u0105 ir atsparum\u0105 kasdieniam naudojimui. Dekoratyvin\u0117s plastikin\u0117s rankenos, kruop\u0161\u010diai priderintos prie bald\u0173 spalv\u0173 gamos, yra detal\u0117, suteikianti eleganti\u0161k\u0105 i\u0161vaizd\u0105.<br \/>\nGaminio matmenys \u2013 plotis: 165 cm, auk\u0161tis: 71 cm, gylis: 39 cm \u2013 leid\u017eia \u0161iai komodai puikiai tinka daugelyje kambari\u0173, nes joje yra daug vietos daiktams susid\u0117ti. Dvi prakti\u0161kos lentynos ir du funkcional\u016bs stal\u010diai patenkins net ir reikliausi\u0173 vartotoj\u0173 l\u016bkes\u010dius. Gaminys pristatomas savaranki\u0161kai surenkamose pakuot\u0117se su surinkimo priedais ir ai\u0161kiomis instrukcijomis, u\u017etikrinan\u010diomis greit\u0105 ir paprast\u0105 surinkim\u0105.<br \/>\nDr\u0105si ir i\u0161rai\u0161kinga \u201eCoby\u201c komoda, kurioje derinamas onikso juodas atspalvis su nat\u016braliais Wotano \u0105\u017euolo atspalviais, yra ne tik prakti\u0161kas j\u016bs\u0173 gyvenamosios erdv\u0117s papildymas, bet ir dr\u0105sus modernaus stiliaus parei\u0161kimas. Pasinerkite \u012f jos elegancij\u0105 ir patvarum\u0105, ir leiskite jai tapti j\u016bs\u0173 interjero traukos centru. Be to, jums suteikiama 2 met\u0173 garantija nuo bet koki\u0173 gamybos defekt\u0173. Tegul \u201eCoby\u201c komoda su stal\u010diais (2D2S, juodas oniksas \/ Wotano \u0105\u017euolas) tampa tvirtu ir stilingu baldu j\u016bs\u0173 namuose, u\u017etikrinan\u010diu kokyb\u0119 ir komfort\u0105 ilgus metus.<\/p>","protected":false},"excerpt":{"rendered":"<p>Plotis (cm): 165<br \/>\n\u016agis (cm): 71<br \/>\nGylis (cm): 39<\/p>","protected":false},"featured_media":154269,"comment_status":"open","ping_status":"open","template":"","meta":[],"product_brand":[],"product_cat":[9401,1173,4105],"product_tag":[],"class_list":{"0":"post-154268","1":"product","2":"type-product","3":"status-publish","4":"has-post-thumbnail","6":"product_cat-furniture-system-coby","7":"product_cat-chests-of-drawers","8":"product_cat-helvetia","10":"first","11":"instock","12":"purchasable","13":"product-type-simple"},"_links":{"self":[{"href":"https:\/\/baldumarket.lt\/lt\/wp-json\/wp\/v2\/product\/154268","targetHints":{"allow":["GET"]}}],"collection":[{"href":"https:\/\/baldumarket.lt\/lt\/wp-json\/wp\/v2\/product"}],"about":[{"href":"https:\/\/baldumarket.lt\/lt\/wp-json\/wp\/v2\/types\/product"}],"replies":[{"embeddable":true,"href":"https:\/\/baldumarket.lt\/lt\/wp-json\/wp\/v2\/comments?post=154268"}],"wp:featuredmedia":[{"embeddable":true,"href":"https:\/\/baldumarket.lt\/lt\/wp-json\/wp\/v2\/media\/154269"}],"wp:attachment":[{"href":"https:\/\/baldumarket.lt\/lt\/wp-json\/wp\/v2\/media?parent=154268"}],"wp:term":[{"taxonomy":"product_brand","embeddable":true,"href":"https:\/\/baldumarket.lt\/lt\/wp-json\/wp\/v2\/product_brand?post=154268"},{"taxonomy":"product_cat","embeddable":true,"href":"https:\/\/baldumarket.lt\/lt\/wp-json\/wp\/v2\/product_cat?post=154268"},{"taxonomy":"product_tag","embeddable":true,"href":"https:\/\/baldumarket.lt\/lt\/wp-json\/wp\/v2\/product_tag?post=154268"}],"curies":[{"name":"wp","href":"https:\/\/api.w.org\/{rel}","templated":true}]}}