{"id":154264,"date":"2025-12-18T17:18:44","date_gmt":"2025-12-18T14:18:44","guid":{"rendered":"https:\/\/baldumarket.lt\/product\/coby-komoda-2d2s-bialy-polysk-dab-wotan\/"},"modified":"2026-02-05T09:43:36","modified_gmt":"2026-02-05T06:43:36","slug":"coby-komoda-2d2s-bialy-polysk-dab-wotan","status":"publish","type":"product","link":"https:\/\/baldumarket.lt\/lt\/product\/coby-komoda-2d2s-bialy-polysk-dab-wotan\/","title":{"rendered":"\u201eCoby\u201c komoda, 2 stal\u010diai, blizgi balta \/ \u0105\u017euolas \u201eWotan\u201c, 2 stal\u010diai"},"content":{"rendered":"<p>Atraskite nauj\u0105 elegancijos dimensij\u0105 savo interjere su \u201eCoby 2D2S Gloss White \/ Wotan Oak\u201c komoda, kurioje derinamas modernus dizainas ir i\u0161skirtinis funkcionalumas. Minimalistini\u0173 linij\u0173 ir harmoningos spalv\u0173 gamos \u0161i komoda puikiai tiks erdviose svetain\u0117se ir gali b\u016bti prakti\u0161kas akcentas kompakti\u0161koje svetain\u0117je.<br \/>\nUnikal\u0173 charakter\u012f pabr\u0117\u017eia dvi spalv\u0173 parinktys \u2013 blizgi balta ir \u0161ilti Wotan \u0105\u017euolo tonai. \u201eCoby\u201c kolekcijos k\u016br\u0117jai puikiai sujung\u0117 \u0161iuos du atspalvius, kad pasiekt\u0173 eleganti\u0161k\u0105 efekt\u0105, kuris j\u016bs\u0173 namams suteiks stilingos ramyb\u0117s atmosfer\u0105.<br \/>\nSutvarkykite savo erdv\u0119 su \u201eCoby\u201c komoda \u2013 su dviem erdviais stal\u010diais ir dviem prakti\u0161komis lentynomis, esan\u010diomis u\u017e toki\u0173 pat erdvi\u0173, dviduri\u0173 fasad\u0173. Toks i\u0161d\u0117stymas leid\u017eia puikiai i\u0161d\u0117styti nam\u0173 aksesuarus, lengvai r\u016b\u0161iuoti ir sud\u0117lioti daiktus, kuriuos norite visada tur\u0117ti po ranka. Be to, ant komodos galite eksponuoti m\u0117gstamiausias dekoracijas ar nuotrauk\u0173 r\u0117melius, suteikdami kambariui asmeni\u0161kumo. Kruop\u0161tus auk\u0161\u010diausios kokyb\u0117s laminuotos plok\u0161t\u0117s apdirbimas garantuoja patvarum\u0105 ir atsparum\u0105 kasdieniam naudojimui. Dekoratyvin\u0117s plastikin\u0117s ranken\u0117l\u0117s suteikia komodai rafinuotumo nepakenkiant ergonomikai. Papildomas LED ap\u0161vietimas atskleid\u017eia vis\u0105 \u201eCoby\u201c komodos potencial\u0105 ir sukuria \u017eavi\u0105 atmosfer\u0105 kambaryje.<br \/>\nJei jums svarbus ir patogumas, \u012fvertinsite lengv\u0105 gaminio surinkim\u0105. Komodos pristatomos savaranki\u0161kai surenkamose pakuot\u0117se su visais reikalingais priedais ir ai\u0161kiomis instrukcijomis. Visi\u0161kas pasitenkinimas ir galimyb\u0117 patiems \u012frengti namus dar niekada nebuvo tokia maloni.<br \/>\nRinkit\u0117s \u201eCoby 2D2S Gloss White \/ Wotan Oak\u201c komod\u0105 ir m\u0117gaukit\u0117s funkcionalumu, kuris dera su neabejotinu stiliumi. I\u0161skirkite savo interjer\u0105 baldais, kurie nepakl\u016bsta \u012fprastiems nam\u0173 dizaino po\u017ei\u016briams. Kaip m\u016bs\u0173 gaminio kokyb\u0117s \u012frodym\u0105, suteikiame 2 met\u0173 garantij\u0105.<\/p>","protected":false},"excerpt":{"rendered":"<p>Plotis (cm): 165<br \/>\n\u016agis (cm): 71<br \/>\nGylis (cm): 39<\/p>","protected":false},"featured_media":154265,"comment_status":"open","ping_status":"open","template":"","meta":[],"product_brand":[],"product_cat":[9401,1173,4105],"product_tag":[],"class_list":{"0":"post-154264","1":"product","2":"type-product","3":"status-publish","4":"has-post-thumbnail","6":"product_cat-furniture-system-coby","7":"product_cat-chests-of-drawers","8":"product_cat-helvetia","10":"first","11":"instock","12":"purchasable","13":"product-type-simple"},"_links":{"self":[{"href":"https:\/\/baldumarket.lt\/lt\/wp-json\/wp\/v2\/product\/154264","targetHints":{"allow":["GET"]}}],"collection":[{"href":"https:\/\/baldumarket.lt\/lt\/wp-json\/wp\/v2\/product"}],"about":[{"href":"https:\/\/baldumarket.lt\/lt\/wp-json\/wp\/v2\/types\/product"}],"replies":[{"embeddable":true,"href":"https:\/\/baldumarket.lt\/lt\/wp-json\/wp\/v2\/comments?post=154264"}],"wp:featuredmedia":[{"embeddable":true,"href":"https:\/\/baldumarket.lt\/lt\/wp-json\/wp\/v2\/media\/154265"}],"wp:attachment":[{"href":"https:\/\/baldumarket.lt\/lt\/wp-json\/wp\/v2\/media?parent=154264"}],"wp:term":[{"taxonomy":"product_brand","embeddable":true,"href":"https:\/\/baldumarket.lt\/lt\/wp-json\/wp\/v2\/product_brand?post=154264"},{"taxonomy":"product_cat","embeddable":true,"href":"https:\/\/baldumarket.lt\/lt\/wp-json\/wp\/v2\/product_cat?post=154264"},{"taxonomy":"product_tag","embeddable":true,"href":"https:\/\/baldumarket.lt\/lt\/wp-json\/wp\/v2\/product_tag?post=154264"}],"curies":[{"name":"wp","href":"https:\/\/api.w.org\/{rel}","templated":true}]}}