{"id":154258,"date":"2025-12-18T17:18:32","date_gmt":"2025-12-18T14:18:32","guid":{"rendered":"https:\/\/baldumarket.lt\/product\/bota-witryna-z-polka-wiszaca-czarny-mat-czarny-polysk\/"},"modified":"2026-02-05T09:40:11","modified_gmt":"2026-02-05T06:40:11","slug":"bota-witryna-z-polka-wiszaca-czarny-mat-czarny-polysk","status":"publish","type":"product","link":"https:\/\/baldumarket.lt\/lt\/product\/bota-witryna-z-polka-wiszaca-czarny-mat-czarny-polysk\/","title":{"rendered":"\u201eBota\u201c vitrina su lentyna, matin\u0117 juoda \/ blizgi juoda"},"content":{"rendered":"<p>Pristatome unikal\u0173 interjero dizaino element\u0105 \u2013 pakabinam\u0105 vitrin\u0105 su lentyna ir ap\u0161vietimu i\u0161 i\u0161skirtin\u0117s \u201eBota\u201c kolekcijos. \u0160is eleganti\u0161kas ir prakti\u0161kas baldas sukurtas tam, kad j\u016bs\u0173 namams suteikt\u0173 modernumo ir funkcionalumo. \u201eBota 04\u201c vitrina pasi\u017eymi harmoningu baltos spalvos ir eleganti\u0161kos Kolorado betono i\u0161vaizdos deriniu \u2013 idealus pasirinkimas minimalistini\u0173, ta\u010diau i\u0161rai\u0161king\u0173 sprendim\u0173 m\u0117g\u0117jams. \u0160i vitrina suteikia daug erdv\u0117s eksponuoti j\u016bs\u0173 brangiausius daiktus d\u0117l dviej\u0173 eleganti\u0161k\u0173 dureli\u0173 ir dviej\u0173 vidini\u0173 lentyn\u0173. Standartinis LED ap\u0161vietimas gra\u017eiai perteikia vitrinos turin\u012f, sukurdamas atmosferin\u012f fon\u0105 porcelianui, knygoms ir suvenyrams. Vitrinos matmenys \u2013 plotis: 152 cm, auk\u0161tis: 142 cm, gylis: 35 cm \u2013 pasi\u017eymi puikiomis proporcijomis, kurios lengvai tilps \u012fvairiose gyvenamosiose erdv\u0117se. Auk\u0161tos kokyb\u0117s laminuotos plok\u0161t\u0117s konstrukcija garantuoja patvarum\u0105 ir atsparum\u0105 kasdieniam naudojimui.<\/p>","protected":false},"excerpt":{"rendered":"<p>Plotis (cm): 152<br \/>\n\u016agis (cm): 142<br \/>\nGylis (cm): 35<\/p>","protected":false},"featured_media":154259,"comment_status":"open","ping_status":"open","template":"","meta":[],"product_brand":[],"product_cat":[9400,4105,2006],"product_tag":[],"class_list":{"0":"post-154258","1":"product","2":"type-product","3":"status-publish","4":"has-post-thumbnail","6":"product_cat-furniture-system-bota","7":"product_cat-helvetia","8":"product_cat-vitrines","10":"first","11":"instock","12":"purchasable","13":"product-type-simple"},"_links":{"self":[{"href":"https:\/\/baldumarket.lt\/lt\/wp-json\/wp\/v2\/product\/154258","targetHints":{"allow":["GET"]}}],"collection":[{"href":"https:\/\/baldumarket.lt\/lt\/wp-json\/wp\/v2\/product"}],"about":[{"href":"https:\/\/baldumarket.lt\/lt\/wp-json\/wp\/v2\/types\/product"}],"replies":[{"embeddable":true,"href":"https:\/\/baldumarket.lt\/lt\/wp-json\/wp\/v2\/comments?post=154258"}],"wp:featuredmedia":[{"embeddable":true,"href":"https:\/\/baldumarket.lt\/lt\/wp-json\/wp\/v2\/media\/154259"}],"wp:attachment":[{"href":"https:\/\/baldumarket.lt\/lt\/wp-json\/wp\/v2\/media?parent=154258"}],"wp:term":[{"taxonomy":"product_brand","embeddable":true,"href":"https:\/\/baldumarket.lt\/lt\/wp-json\/wp\/v2\/product_brand?post=154258"},{"taxonomy":"product_cat","embeddable":true,"href":"https:\/\/baldumarket.lt\/lt\/wp-json\/wp\/v2\/product_cat?post=154258"},{"taxonomy":"product_tag","embeddable":true,"href":"https:\/\/baldumarket.lt\/lt\/wp-json\/wp\/v2\/product_tag?post=154258"}],"curies":[{"name":"wp","href":"https:\/\/api.w.org\/{rel}","templated":true}]}}