{"id":154246,"date":"2025-12-18T17:18:07","date_gmt":"2025-12-18T14:18:07","guid":{"rendered":"https:\/\/baldumarket.lt\/product\/bota-witryna-wiszaca-z-polka-i-oswietleniem-bialy-beton-colorado\/"},"modified":"2026-02-05T09:40:11","modified_gmt":"2026-02-05T06:40:11","slug":"bota-witryna-wiszaca-z-polka-i-oswietleniem-bialy-beton-colorado","status":"publish","type":"product","link":"https:\/\/baldumarket.lt\/lt\/product\/bota-witryna-wiszaca-z-polka-i-oswietleniem-bialy-beton-colorado\/","title":{"rendered":"\u201eBota\u201c pakabinama vitrina su lentyna ir ap\u0161vietimu, balta \/ Kolorado betonas"},"content":{"rendered":"<p>Atraskite nauj\u0105 stiliaus ir funkcionalumo apibr\u0117\u017eim\u0105 su \u201eBota\u201c pakabinama vitrina su lentyna ir ap\u0161vietimu antracito \/ \u201eRibbec Oak\u201c spalvos \u2013 baldu, kuris neabejotinai taps j\u016bs\u0173 nam\u0173 traukos centru. Idealus pasirinkimas tiems, kurie vertina modernius sprendimus ir unikal\u0173 dizain\u0105. \u201eBota 04\u201c pakabinama vitrina \u2013 tai elegancijos ir prakti\u0161kumo derinys. Susidedanti i\u0161 dviej\u0173 tvirt\u0173 dureli\u0173, ji u\u017etikrina optimal\u0173 erdv\u0117s i\u0161naudojim\u0105 ir tuo pa\u010diu metu suteikia patraukl\u0173 fon\u0105 viduje eksponuojamiems daiktams. \u0160is \u201eBota\u201c kolekcijos baldas, si\u016blomas trij\u0173 spalv\u0173, si\u016blo erdv\u0119, sutvarkyt\u0105 pagal j\u016bs\u0173 poreikius, d\u0117ka dviej\u0173 vidini\u0173 lentyn\u0173. \u0160i konkreti versija, kurioje dera tamsi antracito spalva ir nat\u016bralus \u201eRibbec Oak\u201c \u017eavesys, puikiai dera tiek klasikiniame, tiek moderniame interjere, sukurdama unikal\u0173 charakter\u012f. \u0160is pasi\u016blymas skirtas tiems, kurie nebijo i\u0161rai\u0161king\u0173 akcent\u0173 ir vertina baldus su charakteriu, neaukodami komforto ir funkcionalumo.<\/p>","protected":false},"excerpt":{"rendered":"<p>Plotis (cm): 152<br \/>\n\u016agis (cm): 142<br \/>\nGylis (cm): 35<\/p>","protected":false},"featured_media":154247,"comment_status":"open","ping_status":"open","template":"","meta":[],"product_brand":[],"product_cat":[9400,4105,2006],"product_tag":[],"class_list":{"0":"post-154246","1":"product","2":"type-product","3":"status-publish","4":"has-post-thumbnail","6":"product_cat-furniture-system-bota","7":"product_cat-helvetia","8":"product_cat-vitrines","10":"first","11":"instock","12":"purchasable","13":"product-type-simple"},"_links":{"self":[{"href":"https:\/\/baldumarket.lt\/lt\/wp-json\/wp\/v2\/product\/154246","targetHints":{"allow":["GET"]}}],"collection":[{"href":"https:\/\/baldumarket.lt\/lt\/wp-json\/wp\/v2\/product"}],"about":[{"href":"https:\/\/baldumarket.lt\/lt\/wp-json\/wp\/v2\/types\/product"}],"replies":[{"embeddable":true,"href":"https:\/\/baldumarket.lt\/lt\/wp-json\/wp\/v2\/comments?post=154246"}],"wp:featuredmedia":[{"embeddable":true,"href":"https:\/\/baldumarket.lt\/lt\/wp-json\/wp\/v2\/media\/154247"}],"wp:attachment":[{"href":"https:\/\/baldumarket.lt\/lt\/wp-json\/wp\/v2\/media?parent=154246"}],"wp:term":[{"taxonomy":"product_brand","embeddable":true,"href":"https:\/\/baldumarket.lt\/lt\/wp-json\/wp\/v2\/product_brand?post=154246"},{"taxonomy":"product_cat","embeddable":true,"href":"https:\/\/baldumarket.lt\/lt\/wp-json\/wp\/v2\/product_cat?post=154246"},{"taxonomy":"product_tag","embeddable":true,"href":"https:\/\/baldumarket.lt\/lt\/wp-json\/wp\/v2\/product_tag?post=154246"}],"curies":[{"name":"wp","href":"https:\/\/api.w.org\/{rel}","templated":true}]}}