{"id":154243,"date":"2025-12-18T17:18:02","date_gmt":"2025-12-18T14:18:02","guid":{"rendered":"https:\/\/baldumarket.lt\/product\/bota-witryna-wiszaca-z-polka-i-oswietleniem-antracyt-dab-ribbec\/"},"modified":"2026-02-05T09:40:11","modified_gmt":"2026-02-05T06:40:11","slug":"bota-witryna-wiszaca-z-polka-i-oswietleniem-antracyt-dab-ribbec","status":"publish","type":"product","link":"https:\/\/baldumarket.lt\/lt\/product\/bota-witryna-wiszaca-z-polka-i-oswietleniem-antracyt-dab-ribbec\/","title":{"rendered":"\u201eBota\u201c pakabinama vitrina su lentyna ir ap\u0161vietimu, antracito \/ \u0105\u017euolo spalvos"},"content":{"rendered":"<p>Pristatome unikal\u0173 interjero dizaino element\u0105 \u2013 pakabinam\u0105 vitrin\u0105 su lentyna ir ap\u0161vietimu i\u0161 i\u0161skirtin\u0117s \u201eBota\u201c kolekcijos. \u0160is eleganti\u0161kas ir prakti\u0161kas baldas sukurtas tam, kad j\u016bs\u0173 namams suteikt\u0173 modernumo ir funkcionalumo. \u201eBota 04\u201c vitrina pasi\u017eymi harmoningu baltos spalvos ir eleganti\u0161kos Kolorado betono i\u0161vaizdos deriniu \u2013 idealus pasirinkimas minimalistini\u0173, ta\u010diau i\u0161rai\u0161king\u0173 sprendim\u0173 m\u0117g\u0117jams.<br \/>\n\u0160i vitrina su dviem eleganti\u0161komis durel\u0117mis ir dviem vidin\u0117mis lentynomis suteikia daug vietos vertingiausiems daiktams eksponuoti. Standartinis LED ap\u0161vietimas gra\u017eiai perteikia vitrinos turin\u012f, sukurdamas atmosferin\u012f fon\u0105 porcelianui, knygoms ir suvenyrams.<br \/>\nVitrinos matmenys \u2013 plotis: 152 cm, auk\u0161tis: 142 cm, gylis: 35 cm \u2013 u\u017etikrina tobulas proporcijas, kurios lengvai tilps \u012fvairiose gyvenamosiose erdv\u0117se. Auk\u0161tos kokyb\u0117s laminuotos plok\u0161t\u0117s konstrukcija garantuoja ilgaam\u017ei\u0161kum\u0105 ir atsparum\u0105 kasdieniam naudojimui.<br \/>\nKokyb\u0117 auk\u0161\u010diausio lygio \u2013 tai patvirtina dvej\u0173 met\u0173 garantija. Kerintis baltos ir Kolorado betono tekst\u016bros derinys taps nesenstan\u010diu akcentu j\u016bs\u0173 svetain\u0117je, miegamajame ar biure. Pasiruo\u0161kite komplimentams, kuriais j\u016bs\u0173 sve\u010diai tikrai jus apipils.<br \/>\n\u201eBota 04\u201c vitrina yra savaranki\u0161kai surenkamas \u012frenginys. Rinkinyje yra visi reikalingi priedai ir lengvai suprantamos instrukcijos, kad b\u016bt\u0173 lengva surinkti.<br \/>\nPrek\u0117s paveiksl\u0117lis yra tik iliustracinis, ta\u010diau galite b\u016bti tikri, kad gausite gamin\u012f, pasi\u017eymint\u012f lygiai tokia pa\u010dia estetika ir apdaila, kaip ir matote nuotraukoje. Papuo\u0161kite savo interjer\u0105 gaminiu, kuriame dera stilius, funkcionalumas ir modern\u016bs ap\u0161vietimo sprendimai \u2013 rinkit\u0117s \u201eBota Collection\u201c sienin\u0119 vitrin\u0105 su lentyna ir ap\u0161vietimu, baltos ir Kolorado betono spalvos!<\/p>","protected":false},"excerpt":{"rendered":"<p>Plotis (cm): 152<br \/>\n\u016agis (cm): 142<br \/>\nGylis (cm): 35<\/p>","protected":false},"featured_media":154244,"comment_status":"open","ping_status":"open","template":"","meta":[],"product_brand":[],"product_cat":[9400,4105,2006],"product_tag":[],"class_list":{"0":"post-154243","1":"product","2":"type-product","3":"status-publish","4":"has-post-thumbnail","6":"product_cat-furniture-system-bota","7":"product_cat-helvetia","8":"product_cat-vitrines","10":"first","11":"instock","12":"purchasable","13":"product-type-simple"},"_links":{"self":[{"href":"https:\/\/baldumarket.lt\/lt\/wp-json\/wp\/v2\/product\/154243","targetHints":{"allow":["GET"]}}],"collection":[{"href":"https:\/\/baldumarket.lt\/lt\/wp-json\/wp\/v2\/product"}],"about":[{"href":"https:\/\/baldumarket.lt\/lt\/wp-json\/wp\/v2\/types\/product"}],"replies":[{"embeddable":true,"href":"https:\/\/baldumarket.lt\/lt\/wp-json\/wp\/v2\/comments?post=154243"}],"wp:featuredmedia":[{"embeddable":true,"href":"https:\/\/baldumarket.lt\/lt\/wp-json\/wp\/v2\/media\/154244"}],"wp:attachment":[{"href":"https:\/\/baldumarket.lt\/lt\/wp-json\/wp\/v2\/media?parent=154243"}],"wp:term":[{"taxonomy":"product_brand","embeddable":true,"href":"https:\/\/baldumarket.lt\/lt\/wp-json\/wp\/v2\/product_brand?post=154243"},{"taxonomy":"product_cat","embeddable":true,"href":"https:\/\/baldumarket.lt\/lt\/wp-json\/wp\/v2\/product_cat?post=154243"},{"taxonomy":"product_tag","embeddable":true,"href":"https:\/\/baldumarket.lt\/lt\/wp-json\/wp\/v2\/product_tag?post=154243"}],"curies":[{"name":"wp","href":"https:\/\/api.w.org\/{rel}","templated":true}]}}