{"id":154239,"date":"2025-12-18T17:17:54","date_gmt":"2025-12-18T14:17:54","guid":{"rendered":"https:\/\/baldumarket.lt\/product\/bota-stolik-kawowy-swierk-appenzell-matera\/"},"modified":"2026-02-05T09:40:11","modified_gmt":"2026-02-05T06:40:11","slug":"bota-stolik-kawowy-swierk-appenzell-matera","status":"publish","type":"product","link":"https:\/\/baldumarket.lt\/lt\/product\/bota-stolik-kawowy-swierk-appenzell-matera\/","title":{"rendered":"Bota kavos staliukas Appenzell egl\u0117 \/ Matera"},"content":{"rendered":"<p>Atraskite nauj\u0105 m\u016bs\u0173 kolekcijos papildym\u0105, kuris puikiai dera su \u0161iuolaikin\u0117mis interjero dizaino tendencijomis. Pristatome \u201eBota White \/ Colorado Concrete\u201c kavos staliuk\u0105, kuris neabejotinai taps j\u016bs\u0173 svetain\u0117s traukos centru. Minimalistinio dizaino ir didelio funkcionalumo \u201eBota 97\u201c staliukas skirtas rytin\u0117s espreso kavos ir vakarini\u0173 pokalbi\u0173 prie kavos m\u0117g\u0117jams.<br \/>\n\u201eBOTA\u201c kolekcija si\u016bloma trij\u0173 spalv\u0173, tod\u0117l kiekvienas ras sau tinkam\u0105 variant\u0105. \u0160is modelis sujungia baltos spalvos gaivum\u0105 ir grynum\u0105 su moderniu \u201eColorado Concrete\u201c akcentu, sukurdamas unikali\u0105 harmonij\u0105, idealiai tinkan\u010di\u0105 minimalistinio stiliaus m\u0117g\u0117jams. Stalas pagamintas i\u0161 auk\u0161tos kokyb\u0117s laminuotos plok\u0161t\u0117s, u\u017etikrinan\u010dios patvarum\u0105 ir lengv\u0105 valym\u0105.<br \/>\nUnikal\u016bs stalo matmenys \u2013 120 cm plo\u010dio, 47 cm auk\u0161\u010dio ir 60 cm gylio \u2013 idealiai tinka daugumai kambari\u0173. Jo funkcionalum\u0105 dar labiau sustiprina dvi prakti\u0161kos spintel\u0117s, kurios padeda palaikyti tvark\u0105 ir suteikia papildomos vietos daiktams susid\u0117ti. Be to, rafinuotas baltos ir Kolorado betono spalv\u0173 derinys paver\u010dia stal\u0105 dekoratyviniu elementu, kuris suteiks klas\u0117s bet kokiam interjerui.<\/p>\n<p>Komplekte yra surinkimo priedai ir lengvai suprantamos instrukcijos, leid\u017eian\u010dios surinkti baldus savaranki\u0161kai, nereikalaujant profesionalios pagalbos. Be to, baldams suteikiama 2 met\u0173 garantija, rodanti auk\u0161t\u0105 kokyb\u0119 ir gamintojo pasitenkinim\u0105 galutiniu produktu.<\/p>\n<p>Atkreipkite d\u0117mes\u012f, kad gaminio paveiksl\u0117lis yra tik iliustracinis ir gali \u0161iek tiek skirtis nuo tikrojo gaminio. Ta\u010diau visos specifikacijos ir techniniai parametrai atitinka apra\u0161ym\u0105. \u201eBota White \/ Colorado Concrete\u201c kavos staliukas yra investicija, kuri pakeis j\u016bs\u0173 interjer\u0105, suteikdama elegancijos ir kasdienio komforto.<\/p>","protected":false},"excerpt":{"rendered":"<p>Plotis (cm): 120<br \/>\n\u016agis (cm): 40<br \/>\nGylis (cm): 60<\/p>","protected":false},"featured_media":154240,"comment_status":"open","ping_status":"open","template":"","meta":[],"product_brand":[],"product_cat":[9400,866,4105],"product_tag":[],"class_list":{"0":"post-154239","1":"product","2":"type-product","3":"status-publish","4":"has-post-thumbnail","6":"product_cat-furniture-system-bota","7":"product_cat-coffee-tables","8":"product_cat-helvetia","10":"first","11":"instock","12":"purchasable","13":"product-type-simple"},"_links":{"self":[{"href":"https:\/\/baldumarket.lt\/lt\/wp-json\/wp\/v2\/product\/154239","targetHints":{"allow":["GET"]}}],"collection":[{"href":"https:\/\/baldumarket.lt\/lt\/wp-json\/wp\/v2\/product"}],"about":[{"href":"https:\/\/baldumarket.lt\/lt\/wp-json\/wp\/v2\/types\/product"}],"replies":[{"embeddable":true,"href":"https:\/\/baldumarket.lt\/lt\/wp-json\/wp\/v2\/comments?post=154239"}],"wp:featuredmedia":[{"embeddable":true,"href":"https:\/\/baldumarket.lt\/lt\/wp-json\/wp\/v2\/media\/154240"}],"wp:attachment":[{"href":"https:\/\/baldumarket.lt\/lt\/wp-json\/wp\/v2\/media?parent=154239"}],"wp:term":[{"taxonomy":"product_brand","embeddable":true,"href":"https:\/\/baldumarket.lt\/lt\/wp-json\/wp\/v2\/product_brand?post=154239"},{"taxonomy":"product_cat","embeddable":true,"href":"https:\/\/baldumarket.lt\/lt\/wp-json\/wp\/v2\/product_cat?post=154239"},{"taxonomy":"product_tag","embeddable":true,"href":"https:\/\/baldumarket.lt\/lt\/wp-json\/wp\/v2\/product_tag?post=154239"}],"curies":[{"name":"wp","href":"https:\/\/api.w.org\/{rel}","templated":true}]}}