{"id":154234,"date":"2025-12-18T17:17:44","date_gmt":"2025-12-18T14:17:44","guid":{"rendered":"https:\/\/baldumarket.lt\/product\/bota-stolik-kawowy-czarny\/"},"modified":"2026-02-05T09:40:11","modified_gmt":"2026-02-05T06:40:11","slug":"bota-stolik-kawowy-czarny","status":"publish","type":"product","link":"https:\/\/baldumarket.lt\/lt\/product\/bota-stolik-kawowy-czarny\/","title":{"rendered":"Bota kavos staliukas, juodas"},"content":{"rendered":"<p>Atraskite nauj\u0105 m\u016bs\u0173 kolekcijos papildym\u0105, puikiai derant\u012f su \u0161iuolaikin\u0117mis interjero dizaino tendencijomis. Pristatome \u201eBota White \/ Colorado Concrete\u201c kavos staliuk\u0105, kuris neabejotinai taps j\u016bs\u0173 svetain\u0117s traukos centru. Minimalistinio dizaino ir didelio funkcionalumo \u201eBota 97\u201c staliukas skirtas rytinio espreso ir vakarini\u0173 pokalbi\u0173 prie kavos m\u0117g\u0117jams. \u201eBOTA\u201c kolekcija si\u016bloma trij\u0173 spalv\u0173, tod\u0117l kiekvienas ras ka\u017ek\u0105 pagal savo skon\u012f. \u0160is modelis sujungia baltos spalvos gaivum\u0105 ir grynum\u0105 su moderniu \u201eColorado Concrete\u201c akcentu, tod\u0117l sukuriama unikali harmonija, idealiai tinkanti grie\u017etos estetikos m\u0117g\u0117jams. Stalas pagamintas i\u0161 auk\u0161tos kokyb\u0117s laminuotos plok\u0161t\u0117s, u\u017etikrinan\u010dios patvarum\u0105 ir lengv\u0105 valym\u0105. Unikal\u016bs stalo matmenys \u2013 120 cm plo\u010dio, 47 cm auk\u0161\u010dio ir 60 cm gylio \u2013 daro j\u012f idealiu daugumai kambari\u0173. Jo funkcionalum\u0105 dar labiau sustiprina dvi prakti\u0161kos spintel\u0117s, kurios padeda palaikyti tvark\u0105 ir suteikia papildomos vietos daiktams susid\u0117ti. Be to, rafinuotas baltos ir betono spalv\u0173 derinys paver\u010dia staliuk\u0105 dekoratyviniu elementu, kuris suteiks klas\u0117s bet kokiam interjerui.<\/p>","protected":false},"excerpt":{"rendered":"<p>Plotis (cm): 120<br \/>\n\u016agis (cm): 47<br \/>\nGylis (cm): 60<\/p>","protected":false},"featured_media":154235,"comment_status":"open","ping_status":"open","template":"","meta":[],"product_brand":[],"product_cat":[9400,866,4105],"product_tag":[],"class_list":{"0":"post-154234","1":"product","2":"type-product","3":"status-publish","4":"has-post-thumbnail","6":"product_cat-furniture-system-bota","7":"product_cat-coffee-tables","8":"product_cat-helvetia","10":"first","11":"instock","12":"purchasable","13":"product-type-simple"},"_links":{"self":[{"href":"https:\/\/baldumarket.lt\/lt\/wp-json\/wp\/v2\/product\/154234","targetHints":{"allow":["GET"]}}],"collection":[{"href":"https:\/\/baldumarket.lt\/lt\/wp-json\/wp\/v2\/product"}],"about":[{"href":"https:\/\/baldumarket.lt\/lt\/wp-json\/wp\/v2\/types\/product"}],"replies":[{"embeddable":true,"href":"https:\/\/baldumarket.lt\/lt\/wp-json\/wp\/v2\/comments?post=154234"}],"wp:featuredmedia":[{"embeddable":true,"href":"https:\/\/baldumarket.lt\/lt\/wp-json\/wp\/v2\/media\/154235"}],"wp:attachment":[{"href":"https:\/\/baldumarket.lt\/lt\/wp-json\/wp\/v2\/media?parent=154234"}],"wp:term":[{"taxonomy":"product_brand","embeddable":true,"href":"https:\/\/baldumarket.lt\/lt\/wp-json\/wp\/v2\/product_brand?post=154234"},{"taxonomy":"product_cat","embeddable":true,"href":"https:\/\/baldumarket.lt\/lt\/wp-json\/wp\/v2\/product_cat?post=154234"},{"taxonomy":"product_tag","embeddable":true,"href":"https:\/\/baldumarket.lt\/lt\/wp-json\/wp\/v2\/product_tag?post=154234"}],"curies":[{"name":"wp","href":"https:\/\/api.w.org\/{rel}","templated":true}]}}