{"id":154230,"date":"2025-12-18T17:17:36","date_gmt":"2025-12-18T14:17:36","guid":{"rendered":"https:\/\/baldumarket.lt\/product\/bota-stolik-kawowy-bialy-beton-colorado\/"},"modified":"2026-02-05T09:40:11","modified_gmt":"2026-02-05T06:40:11","slug":"bota-stolik-kawowy-bialy-beton-colorado","status":"publish","type":"product","link":"https:\/\/baldumarket.lt\/lt\/product\/bota-stolik-kawowy-bialy-beton-colorado\/","title":{"rendered":"\u201eBota\u201c kavos staliukas, baltas \/ Kolorado betonas"},"content":{"rendered":"<p>Atraskite unikal\u0173 \u201eBota Anthracite\/Ribbec Oak\u201c kavos staliuko gro\u017e\u012f \u2013 klasikini\u0173 atspalvi\u0173 ir modernios formos derin\u012f, tikr\u0105 elegancijos ir funkcionalumo \u012fsik\u016bnijim\u0105. \u0160is stilingas, prakti\u0161kas ir nesenstantis dizainas traukia d\u0117mes\u012f ir sukuria jauki\u0105 atmosfer\u0105 bet kuriame kambaryje, tuo pa\u010diu tarnaudamas kaip bendravimo centras.<\/p>\n<p>Sukurtas tiek klasikinio interjero m\u0117g\u0117jams, tiek ie\u0161kantiems moderni\u0173 akcent\u0173, \u201eBota 97\u201c stalas si\u016blomas trij\u0173 skirting\u0173 spalv\u0173 variant\u0173. \u0160is modelis sujungia eleganti\u0161kos antracito spalvos sodrum\u0105 su rafinuotais ribbeko \u0105\u017euolo akcentais, pristatydamas unikali\u0105 spalv\u0173 palet\u0119, idealiai tinkan\u010di\u0105 tiems, kurie vertina rafinuot\u0105 elegancij\u0105 ir modernum\u0105.<\/p>\n<p>Subalansuoti stalo matmenys \u2013 120 cm plo\u010dio, 47 cm auk\u0161\u010dio ir 60 cm gylio \u2013 daro j\u012f idealiu tiek ma\u017eoms, tiek erdvioms svetain\u0117ms. Didelis stalvir\u0161is suteikia daug vietos m\u0117gstamoms knygoms, dekoracijoms ir, \u017einoma, puodeliui aromatingos kavos. Stalas pagamintas i\u0161 auk\u0161tos kokyb\u0117s laminuotos plok\u0161t\u0117s, u\u017etikrinan\u010dios jo patvarum\u0105 ir atsparum\u0105 kasdieniam naudojimui. \u0160i med\u017eiaga lengvai valoma, yra atspari \u012fbr\u0117\u017eimams ir dr\u0117gmei, tod\u0117l \u201eBota Anthracite\u201c \/ \u201eRibbec Oak\u201c stalas daugel\u012f met\u0173 atrodys kaip naujas.<\/p>\n<p>Produktas sukurtas taip, kad j\u012f b\u016bt\u0173 galima surinkti savaranki\u0161kai, o tai lengva d\u0117l pridedam\u0173 ai\u0161ki\u0173 instrukcij\u0173 ir surinkimo pried\u0173. Surinkimo procesas buvo sukurtas taip, kad b\u016bt\u0173 kuo paprastesnis, tod\u0117l galite prad\u0117ti m\u0117gautis gaminiu i\u0161 karto po surinkimo.<\/p>\n<p>Suteikiama 2 met\u0173 garantija rodo patikim\u0105 gamybos proces\u0105 ir gamintojo pasitik\u0117jim\u0105 savo klientais. Tai patvirtina \u0161io gaminio kokyb\u0119 ir ilgaam\u017ei\u0161kum\u0105, kuris tikrai tarnaus daugel\u012f sezon\u0173.<\/p>\n<p>Stalo nuotrauka yra tik iliustracin\u0117, joje parodytos jo savyb\u0117s ir tikslus apdailos atspalvis, kur\u012f tikrai \u012fvertinsite \u012fsireng\u0119 \u0161\u012f bald\u0105 savo interjere. \u201eBota Anthracite\u201c \/ \u201eRibbec Oak\u201c stalas yra idealus pasirinkimas tiems, kurie ie\u0161ko baldo, kuriame der\u0117t\u0173 modernus prisilietimas ir klasikinis nesenstantis stilius.<\/p>","protected":false},"excerpt":{"rendered":"<p>Plotis (cm): 120<br \/>\n\u016agis (cm): 47<br \/>\nGylis (cm): 60<\/p>","protected":false},"featured_media":154231,"comment_status":"open","ping_status":"open","template":"","meta":[],"product_brand":[],"product_cat":[9400,866,4105],"product_tag":[],"class_list":{"0":"post-154230","1":"product","2":"type-product","3":"status-publish","4":"has-post-thumbnail","6":"product_cat-furniture-system-bota","7":"product_cat-coffee-tables","8":"product_cat-helvetia","10":"first","11":"instock","12":"purchasable","13":"product-type-simple"},"_links":{"self":[{"href":"https:\/\/baldumarket.lt\/lt\/wp-json\/wp\/v2\/product\/154230","targetHints":{"allow":["GET"]}}],"collection":[{"href":"https:\/\/baldumarket.lt\/lt\/wp-json\/wp\/v2\/product"}],"about":[{"href":"https:\/\/baldumarket.lt\/lt\/wp-json\/wp\/v2\/types\/product"}],"replies":[{"embeddable":true,"href":"https:\/\/baldumarket.lt\/lt\/wp-json\/wp\/v2\/comments?post=154230"}],"wp:featuredmedia":[{"embeddable":true,"href":"https:\/\/baldumarket.lt\/lt\/wp-json\/wp\/v2\/media\/154231"}],"wp:attachment":[{"href":"https:\/\/baldumarket.lt\/lt\/wp-json\/wp\/v2\/media?parent=154230"}],"wp:term":[{"taxonomy":"product_brand","embeddable":true,"href":"https:\/\/baldumarket.lt\/lt\/wp-json\/wp\/v2\/product_brand?post=154230"},{"taxonomy":"product_cat","embeddable":true,"href":"https:\/\/baldumarket.lt\/lt\/wp-json\/wp\/v2\/product_cat?post=154230"},{"taxonomy":"product_tag","embeddable":true,"href":"https:\/\/baldumarket.lt\/lt\/wp-json\/wp\/v2\/product_tag?post=154230"}],"curies":[{"name":"wp","href":"https:\/\/api.w.org\/{rel}","templated":true}]}}