{"id":154224,"date":"2025-12-18T17:17:25","date_gmt":"2025-12-18T14:17:25","guid":{"rendered":"https:\/\/baldumarket.lt\/product\/bota-polka-wiszaca-swierk-appenzell-matera\/"},"modified":"2026-02-05T09:40:19","modified_gmt":"2026-02-05T06:40:19","slug":"bota-polka-wiszaca-swierk-appenzell-matera","status":"publish","type":"product","link":"https:\/\/baldumarket.lt\/lt\/product\/bota-polka-wiszaca-swierk-appenzell-matera\/","title":{"rendered":"Bota pakabinama lentyna Appenzell egl\u0117 \/ Matera"},"content":{"rendered":"<p>Atgaivinkite savo gyvenam\u0105j\u0105 erdv\u0119 su pakabinama lentyna \u201cBota\u201d \u2013 baldu, kuris puikiai derina modern\u0173 elegancij\u0105 ir skandinavi\u0161k\u0105 funkcionalum\u0105. Sukurta galvojant apie modern\u0173 interjer\u0105, pakabinama lentyna i\u0161 \u201eBota\u201c kolekcijos papuo\u0161 j\u016bs\u0173 svetain\u0119, suteikdama jai i\u0161skirtin\u0119, nu\u0161lifuot\u0105 moderni\u0105 apdail\u0105. Atrinktos med\u017eiagos ir tvirta gamyba u\u017etikrina ir patvarum\u0105, ir stiling\u0105 i\u0161vaizd\u0105.<br \/>\nLentynos priekis pasi\u017eymi dviem kontrastingomis apdailos spalvomis: gryna, gaiviai balta ir neapdorotu Kolorado betonu, tod\u0117l \u0161is baldas yra ne tik prakti\u0161kas, bet ir i\u0161skirtinis dizaino elementas bet kurioje erdv\u0117je. \u201eBota\u201c kolekcija \u012fkv\u0117pta gamtos ir pramoninio minimalizmo, k\u0105 liudija subtilus spalv\u0173 ir tekst\u016br\u0173 \u017eaismas. 150 cm plo\u010dio, 32 cm auk\u0161\u010dio ir 24 cm gylio \u201eBota\u201c lentyna sukurta taip, kad harmoningai papildyt\u0173 kitus kolekcijos elementus, sukurdama darni\u0105 ir funkcionali\u0105 kompozicij\u0105.<br \/>\nLentyna pagaminta i\u0161 auk\u0161tos kokyb\u0117s laminuotos plok\u0161t\u0117s, tod\u0117l ji atspari dilimui ir lengvai valoma. Tai u\u017etikrina, kad baldas nepriekai\u0161tingai tarnaus jums daugel\u012f met\u0173, o jo prie\u017ei\u016bra nesukels r\u016bpes\u010di\u0173. Be to, \u201eBota\u201c lentyna pristatoma plok\u0161\u010diai supakuota, kartu su tvirtinimo priedais ir ai\u0161kiomis instrukcijomis, tod\u0117l surinkimas yra paprastas.<br \/>\nNuotraukoje, kurioje matyti \u201eBota 01\u201c lentyna, puikiai iliustruojamos \u0161ios universalios ir eleganti\u0161kos lentynos galimyb\u0117s. Nesvarbu, ar nuspr\u0119site j\u0105 \u012fkomponuoti \u012f erdv\u0119, kurioje dominuoja \u0105\u017euolas, ar derinti su \u0161viesesniais tonais, \u0161is baldas neabejotinai taps i\u0161skirtiniu j\u016bs\u0173 interjero akcentu. Be to, \u012fsigydami \u201eBota\u201c lentyn\u0105, galite b\u016bti tikri, kad j\u016bs\u0173 naujam pirkiniui suteikiama dvej\u0173 met\u0173 garantija, patvirtinanti auk\u0161t\u0105 jos kokyb\u0119 ir patvarum\u0105.<br \/>\nInvestuokite \u012f \u201cBota\u201d baltos \/ betono spalvos pakabinam\u0105 lentyn\u0105 \u201eBota\u201c ir m\u0117gaukit\u0117s eleganti\u0161ku, nesenstan\u010dio dizaino baldu, kuris pagra\u017eins j\u016bs\u0173 namus ir suteiks papildomos vietos knygoms, nuotrauk\u0173 r\u0117meliams ar kitiems dekoratyviniams akcentams. I\u0161bandykite \u201eBota\u201c kolekcijos galimybes ir sukurkite stiliaus bei jaukumo oaz\u0119 savo bute.<\/p>","protected":false},"excerpt":{"rendered":"<p>Plotis (cm): 150<br \/>\n\u016agis (cm): 32<br \/>\nGylis (cm): 24<\/p>","protected":false},"featured_media":154225,"comment_status":"open","ping_status":"open","template":"","meta":[],"product_brand":[],"product_cat":[9400,1174,4105],"product_tag":[],"class_list":{"0":"post-154224","1":"product","2":"type-product","3":"status-publish","4":"has-post-thumbnail","6":"product_cat-furniture-system-bota","7":"product_cat-hanging-shelves","8":"product_cat-helvetia","10":"first","11":"instock","12":"purchasable","13":"product-type-simple"},"_links":{"self":[{"href":"https:\/\/baldumarket.lt\/lt\/wp-json\/wp\/v2\/product\/154224","targetHints":{"allow":["GET"]}}],"collection":[{"href":"https:\/\/baldumarket.lt\/lt\/wp-json\/wp\/v2\/product"}],"about":[{"href":"https:\/\/baldumarket.lt\/lt\/wp-json\/wp\/v2\/types\/product"}],"replies":[{"embeddable":true,"href":"https:\/\/baldumarket.lt\/lt\/wp-json\/wp\/v2\/comments?post=154224"}],"wp:featuredmedia":[{"embeddable":true,"href":"https:\/\/baldumarket.lt\/lt\/wp-json\/wp\/v2\/media\/154225"}],"wp:attachment":[{"href":"https:\/\/baldumarket.lt\/lt\/wp-json\/wp\/v2\/media?parent=154224"}],"wp:term":[{"taxonomy":"product_brand","embeddable":true,"href":"https:\/\/baldumarket.lt\/lt\/wp-json\/wp\/v2\/product_brand?post=154224"},{"taxonomy":"product_cat","embeddable":true,"href":"https:\/\/baldumarket.lt\/lt\/wp-json\/wp\/v2\/product_cat?post=154224"},{"taxonomy":"product_tag","embeddable":true,"href":"https:\/\/baldumarket.lt\/lt\/wp-json\/wp\/v2\/product_tag?post=154224"}],"curies":[{"name":"wp","href":"https:\/\/api.w.org\/{rel}","templated":true}]}}