{"id":154214,"date":"2025-12-18T17:17:05","date_gmt":"2025-12-18T14:17:05","guid":{"rendered":"https:\/\/baldumarket.lt\/product\/bota-polka-wiszaca-bialy-beton-colorado\/"},"modified":"2026-02-05T09:40:19","modified_gmt":"2026-02-05T06:40:19","slug":"bota-polka-wiszaca-bialy-beton-colorado","status":"publish","type":"product","link":"https:\/\/baldumarket.lt\/lt\/product\/bota-polka-wiszaca-bialy-beton-colorado\/","title":{"rendered":"\u201eBota\u201c pakabinama lentyna, balta \/ Kolorado betonas"},"content":{"rendered":"<p>\u017davi elegancija ir modernus stilius \u2013 tai \u201eBota\u201c pakabinama lentyna antracito ir \u201eRibbec Oak\u201c atspalvi\u0173 i\u0161 \u201eBota\u201c kolekcijos, sukurta suteikti j\u016bs\u0173 interjerui unikal\u0173 charakter\u012f. Tai daugiau nei lentyna \u2013 tai dizainerio dekoratyvinis elementas, kuris s\u0117kmingai papildys j\u016bs\u0173 svetain\u0119, \u012fne\u0161damas harmonijos ir modernumo. Auk\u0161tos kokyb\u0117s laminuota plok\u0161t\u0117 garantuoja patvarum\u0105 ir atsparum\u0105 kasdieniam naudojimui. Lentynos matmenys: 150 cm plo\u010dio, 32 cm auk\u0161\u010dio ir 24 cm gylio, leid\u017eia ergonomi\u0161kai i\u0161naudoti erdv\u0119 ir suteikia daug pavir\u0161iaus ploto m\u0117gstamoms knygoms, augalams ar dekoratyviniams daiktams eksponuoti. Antracito spalva kartu su \u0161iltu \u201eRibbec Oak\u201c atspalviu sukuria rafinuot\u0105 kontrast\u0105, kuris pabr\u0117\u017eia individual\u0173 bet kurio kambario stili\u0173. \u201eBota\u201c kolekcijos lentyna yra trij\u0173 spalv\u0173, tod\u0117l galite puikiai priderinti bald\u0105 prie savo asmeninio skonio ir interjero charakterio. Rinkit\u0117s klasikin\u0119 \u201eGrandson\u201c \u0105\u017euolo spalv\u0105 su balta spalva, kuri liudija apie nesenstant\u012f gro\u017e\u012f, antracito spalv\u0105 su \u201eRibbec\u201c \u0105\u017euolo ra\u0161tu, kuri sulau\u017eys moderni\u0173 erdvi\u0173 grie\u017etum\u0105, arba gamtos \u012fkv\u0117pt\u0105 Kolorado beton\u0105, kuris puikiai dera su balta spalva ir sukuria tobul\u0105 fon\u0105 minimalistin\u0117ms kompozicijoms.<\/p>","protected":false},"excerpt":{"rendered":"<p>Plotis (cm): 150<br \/>\n\u016agis (cm): 32<br \/>\nGylis (cm): 24<\/p>","protected":false},"featured_media":154215,"comment_status":"open","ping_status":"open","template":"","meta":[],"product_brand":[],"product_cat":[9400,1174,4105],"product_tag":[],"class_list":{"0":"post-154214","1":"product","2":"type-product","3":"status-publish","4":"has-post-thumbnail","6":"product_cat-furniture-system-bota","7":"product_cat-hanging-shelves","8":"product_cat-helvetia","10":"first","11":"instock","12":"purchasable","13":"product-type-simple"},"_links":{"self":[{"href":"https:\/\/baldumarket.lt\/lt\/wp-json\/wp\/v2\/product\/154214","targetHints":{"allow":["GET"]}}],"collection":[{"href":"https:\/\/baldumarket.lt\/lt\/wp-json\/wp\/v2\/product"}],"about":[{"href":"https:\/\/baldumarket.lt\/lt\/wp-json\/wp\/v2\/types\/product"}],"replies":[{"embeddable":true,"href":"https:\/\/baldumarket.lt\/lt\/wp-json\/wp\/v2\/comments?post=154214"}],"wp:featuredmedia":[{"embeddable":true,"href":"https:\/\/baldumarket.lt\/lt\/wp-json\/wp\/v2\/media\/154215"}],"wp:attachment":[{"href":"https:\/\/baldumarket.lt\/lt\/wp-json\/wp\/v2\/media?parent=154214"}],"wp:term":[{"taxonomy":"product_brand","embeddable":true,"href":"https:\/\/baldumarket.lt\/lt\/wp-json\/wp\/v2\/product_brand?post=154214"},{"taxonomy":"product_cat","embeddable":true,"href":"https:\/\/baldumarket.lt\/lt\/wp-json\/wp\/v2\/product_cat?post=154214"},{"taxonomy":"product_tag","embeddable":true,"href":"https:\/\/baldumarket.lt\/lt\/wp-json\/wp\/v2\/product_tag?post=154214"}],"curies":[{"name":"wp","href":"https:\/\/api.w.org\/{rel}","templated":true}]}}