{"id":154207,"date":"2025-12-18T17:16:52","date_gmt":"2025-12-18T14:16:52","guid":{"rendered":"https:\/\/baldumarket.lt\/product\/bota-mebloscianka-010440-swierk-appenzell-matera\/"},"modified":"2026-02-05T09:40:19","modified_gmt":"2026-02-05T06:40:19","slug":"bota-mebloscianka-010440-swierk-appenzell-matera","status":"publish","type":"product","link":"https:\/\/baldumarket.lt\/lt\/product\/bota-mebloscianka-010440-swierk-appenzell-matera\/","title":{"rendered":"Bota sieninis blokas 01+04+40 Appenzell Spruce \/ Matera"},"content":{"rendered":"<p>Pasinerkite \u012f modernaus dizaino ir absoliutaus funkcionalumo magij\u0105 su \u201eBota 01+04+40\u201c sienine spintele, kurioje dera klasikinis gro\u017eis ir moderni estetika. \u0160i unikali kompozicija tapo estet\u0173 ir prakti\u0161k\u0173 bei pa\u017eangi\u0173 interjero dizaino sprendim\u0173 m\u0117g\u0117j\u0173 svajone.<\/p>\n<p>\u0160is baldas prisitaikys prie j\u016bs\u0173 gyvenimo b\u016bdo ir nam\u0173 jaukumo. Pagamintas i\u0161 auk\u0161\u010diausios kokyb\u0117s laminuotos plok\u0161t\u0117s, jis yra ne tik patvarus, bet ir pasi\u017eymi nuostabia apdaila, kuri\u0105 galima \u012fsigyti trij\u0173 spalv\u0173. \u201eBota 01+04+40\u201c ypa\u010d ry\u0161kiai atrodo balta spalva, kuri smarkiai kontrastuoja su dr\u0105siais \u201eConcrete Colorado\u201c tonais. \u0160is derinys paver\u010dia sienin\u0119 spintel\u0119 bet kurios erdv\u0117s \u0161irdimi, suteikdamas modernumo ir unikalaus stiliaus.<\/p>\n<p>U\u017e eleganti\u0161ko \u201eBota\u201c fasado slypi gerai apgalvota erdv\u0117s organizacija. Komplekt\u0105 sudaro trys dalys: erdvi prie sienos tvirtinama vitrina su lentyna 04 (plotis\/gylis: 152\/35 cm), funkcionali lentyna 01 (auk\u0161tis\/plotis\/gylis: 32\/150\/24 cm) ir erdvi televizoriaus spintel\u0117 40 (auk\u0161tis\/plotis\/gylis: 52\/219\/45 cm) su erdviu stal\u010diumi \u2013 puikiai tinkan\u010diu priedams ir multimedijos \u012frangai laikyti.<\/p>\n<p>Pa\u017eangiausios bald\u0173 gamybos technologijos kartu su d\u0117mesiu kiekvienai detalei \u010dia atsispindi auk\u0161tos kokyb\u0117s laminuotoje plok\u0161t\u0117je, naudojamoje tiek fasadams, tiek karkasams, u\u017etikrinant patvarum\u0105, kurio jums reikia kiekvien\u0105 dien\u0105.<\/p>\n<p>\u0160ios sienin\u0117s spintel\u0117s ak\u012f traukian\u010di\u0105 estetik\u0105 ir papildom\u0105 funkcionalum\u0105 dar labiau sustiprina ap\u0161vietimo parinktis, kuri ne tik sukuria vizualiai patrauklius efektus, bet ir suteikia jaukumo bet kokiam kambariui sutemus. Nepaisant pa\u017eangaus dizaino, \u0161is baldas skirtas savaranki\u0161kam surinkimui, tod\u0117l galite greitai ir lengvai paversti savo interjer\u0105 erdve, kupina charakterio ir stiliaus.<br \/>\nPasirinkdami \u201eBota\u201c sienin\u0119 spintel\u0119 01+04+40 White \/ Colorado Concrete, investuojate ir \u012f ramyb\u0119 \u2013 dvej\u0173 met\u0173 garantija u\u017etikrina, kad j\u016bs\u0173 baldai patikimai tarnaus ilg\u0105 laik\u0105. Nors paveiksl\u0117lis yra tik iliustracinis, garantuojame, kad j\u016bs\u0173 gautas gaminys yra tikslus auk\u0161tos kokyb\u0117s baldo, kuris patenkins net ir i\u0161rankiausi\u0173 vartotoj\u0173 estetinius ir funkcinius poreikius, atvaizdas.<br \/>\nKvie\u010diame patirti harmonij\u0105 ir gro\u017e\u012f savo namuose su \u201eBota\u201c sienine spintele, kuri ne tik papuo\u0161 j\u016bs\u0173 svetain\u0119, bet ir sumaniai sutvarkys erdv\u0119 kasdieniam gyvenimui ir bendroms akimirkoms. Bendri matmenys (plotis: 220 cm) u\u017etikrina, kad \u0161is baldas taps bet kurio interjero traukos centru, tarnaudamas kaip dekoratyvus ir funkcionalus centrinis elementas. Atraskite vis\u0105 \u201eBota 01+04+40\u201c sienin\u0117s spintel\u0117s potencial\u0105 ir m\u0117gaukit\u0117s kiekviena diena apsupti gro\u017eio ir funkcionalumo.<\/p>","protected":false},"excerpt":{"rendered":"<p>Gylis (cm): 45<\/p>","protected":false},"featured_media":154208,"comment_status":"open","ping_status":"open","template":"","meta":[],"product_brand":[],"product_cat":[9400,4105,2008],"product_tag":[],"class_list":{"0":"post-154207","1":"product","2":"type-product","3":"status-publish","4":"has-post-thumbnail","6":"product_cat-furniture-system-bota","7":"product_cat-helvetia","8":"product_cat-wall-units","10":"first","11":"instock","12":"purchasable","13":"product-type-simple"},"_links":{"self":[{"href":"https:\/\/baldumarket.lt\/lt\/wp-json\/wp\/v2\/product\/154207","targetHints":{"allow":["GET"]}}],"collection":[{"href":"https:\/\/baldumarket.lt\/lt\/wp-json\/wp\/v2\/product"}],"about":[{"href":"https:\/\/baldumarket.lt\/lt\/wp-json\/wp\/v2\/types\/product"}],"replies":[{"embeddable":true,"href":"https:\/\/baldumarket.lt\/lt\/wp-json\/wp\/v2\/comments?post=154207"}],"wp:featuredmedia":[{"embeddable":true,"href":"https:\/\/baldumarket.lt\/lt\/wp-json\/wp\/v2\/media\/154208"}],"wp:attachment":[{"href":"https:\/\/baldumarket.lt\/lt\/wp-json\/wp\/v2\/media?parent=154207"}],"wp:term":[{"taxonomy":"product_brand","embeddable":true,"href":"https:\/\/baldumarket.lt\/lt\/wp-json\/wp\/v2\/product_brand?post=154207"},{"taxonomy":"product_cat","embeddable":true,"href":"https:\/\/baldumarket.lt\/lt\/wp-json\/wp\/v2\/product_cat?post=154207"},{"taxonomy":"product_tag","embeddable":true,"href":"https:\/\/baldumarket.lt\/lt\/wp-json\/wp\/v2\/product_tag?post=154207"}],"curies":[{"name":"wp","href":"https:\/\/api.w.org\/{rel}","templated":true}]}}