{"id":154201,"date":"2025-12-18T17:16:40","date_gmt":"2025-12-18T14:16:40","guid":{"rendered":"https:\/\/baldumarket.lt\/product\/bota-mebloscianka-010440-czarny\/"},"modified":"2026-02-05T09:40:19","modified_gmt":"2026-02-05T06:40:19","slug":"bota-mebloscianka-010440-czarny","status":"publish","type":"product","link":"https:\/\/baldumarket.lt\/lt\/product\/bota-mebloscianka-010440-czarny\/","title":{"rendered":"Bota sienin\u0117 spintel\u0117 01+04+40 juoda"},"content":{"rendered":"<p>Pasinerkite \u012f modernaus dizaino ir absoliutaus funkcionalumo magij\u0105 su \u201eBota 01+04+40\u201c sienine spintele, kurioje dera klasikinis gro\u017eis ir moderni estetika. \u0160i unikali kompozicija tapo estet\u0173 ir prakti\u0161k\u0173 bei pa\u017eangi\u0173 interjero dizaino sprendim\u0173 m\u0117g\u0117j\u0173 svajone. \u0160is baldas prisitaikys prie j\u016bs\u0173 gyvenimo b\u016bdo ir nam\u0173 jaukumo. Pagamintas i\u0161 auk\u0161\u010diausios kokyb\u0117s laminuotos plok\u0161t\u0117s, jis yra ne tik patvarus, bet ir \u017eavi savo apdaila, si\u016bloma trij\u0173 spalv\u0173. \u201eBota 01+04+40\u201c ypa\u010d \u012fsp\u016bdingai atrodo balta spalva, kuri smarkiai kontrastuoja su dr\u0105siais \u201eConcrete Colorado\u201c tonais. D\u0117l \u0161io derinio sienin\u0117 spintel\u0117 tampa bet kurios erdv\u0117s \u0161irdimi, suteikdama modernumo ir unikalaus stiliaus. U\u017e eleganti\u0161ko \u201eBota\u201c fasado slypi gerai apgalvota erdvin\u0117 organizacija. Komplekt\u0105 sudaro trys dalys: erdvi pakabinama vitrina su lentyna 04 (plotis\/gylis: 152\/35 cm), funkcionali lentyna 01 (auk\u0161tis\/plotis\/gylis: 32\/150\/24 cm) ir erdvi televizoriaus spintel\u0117 40 (auk\u0161tis\/plotis\/gylis: 52\/219\/45 cm), kurioje yra erdvus stal\u010dius \u2013 idealiai tinkantis priedams ir multimedijos \u012frangai laikyti.<\/p>","protected":false},"excerpt":{"rendered":"<p>Plotis (cm): 220<\/p>","protected":false},"featured_media":154202,"comment_status":"open","ping_status":"open","template":"","meta":[],"product_brand":[],"product_cat":[9400,4105,2008],"product_tag":[],"class_list":{"0":"post-154201","1":"product","2":"type-product","3":"status-publish","4":"has-post-thumbnail","6":"product_cat-furniture-system-bota","7":"product_cat-helvetia","8":"product_cat-wall-units","10":"first","11":"instock","12":"purchasable","13":"product-type-simple"},"_links":{"self":[{"href":"https:\/\/baldumarket.lt\/lt\/wp-json\/wp\/v2\/product\/154201","targetHints":{"allow":["GET"]}}],"collection":[{"href":"https:\/\/baldumarket.lt\/lt\/wp-json\/wp\/v2\/product"}],"about":[{"href":"https:\/\/baldumarket.lt\/lt\/wp-json\/wp\/v2\/types\/product"}],"replies":[{"embeddable":true,"href":"https:\/\/baldumarket.lt\/lt\/wp-json\/wp\/v2\/comments?post=154201"}],"wp:featuredmedia":[{"embeddable":true,"href":"https:\/\/baldumarket.lt\/lt\/wp-json\/wp\/v2\/media\/154202"}],"wp:attachment":[{"href":"https:\/\/baldumarket.lt\/lt\/wp-json\/wp\/v2\/media?parent=154201"}],"wp:term":[{"taxonomy":"product_brand","embeddable":true,"href":"https:\/\/baldumarket.lt\/lt\/wp-json\/wp\/v2\/product_brand?post=154201"},{"taxonomy":"product_cat","embeddable":true,"href":"https:\/\/baldumarket.lt\/lt\/wp-json\/wp\/v2\/product_cat?post=154201"},{"taxonomy":"product_tag","embeddable":true,"href":"https:\/\/baldumarket.lt\/lt\/wp-json\/wp\/v2\/product_tag?post=154201"}],"curies":[{"name":"wp","href":"https:\/\/api.w.org\/{rel}","templated":true}]}}