{"id":154195,"date":"2025-12-18T17:16:28","date_gmt":"2025-12-18T14:16:28","guid":{"rendered":"https:\/\/baldumarket.lt\/product\/bota-mebloscianka-010440-bialy-beton-colorado\/"},"modified":"2026-02-05T09:40:19","modified_gmt":"2026-02-05T06:40:19","slug":"bota-mebloscianka-010440-bialy-beton-colorado","status":"publish","type":"product","link":"https:\/\/baldumarket.lt\/lt\/product\/bota-mebloscianka-010440-bialy-beton-colorado\/","title":{"rendered":"Bota sienin\u0117 spintel\u0117 01+04+40 balta \/ Kolorado betonas"},"content":{"rendered":"<p>Pristatome \u201eBota 01+04+40\u201c sienin\u0119 spintel\u0119 \u2013 modernaus dizaino ir funkcionalumo kvintesencij\u0105. Tai eleganti\u0161kas ir prakti\u0161kas j\u016bs\u0173 svetain\u0117s papildymas, u\u017etikrinantis ne tik patraukli\u0105 i\u0161vaizd\u0105, bet ir tvark\u0105 bei harmonij\u0105 daikt\u0173 laikymo srityje. Pagaminta i\u0161 auk\u0161tos kokyb\u0117s laminuotos plok\u0161t\u0117s, ji yra patvari ir ilgaam\u017e\u0117. Sienin\u0117s spintel\u0117s antracito ir \u201eRibbec Oak\u201c spalv\u0173 gama \u2013 puikus sprendimas tiek nesenstan\u010dios klasikos m\u0117g\u0117jams, tiek tiems, kurie ie\u0161ko ry\u0161ki\u0173, i\u0161rai\u0161king\u0173 akcent\u0173 savo interjere. \u0160is spalv\u0173 derinys skland\u017eiai der\u0117s prie \u012fvairi\u0173 i\u0161d\u0117stym\u0173, suteikdamas unikal\u0173 charakter\u012f. Unikali sienin\u0117s spintel\u0117s konstrukcija susideda i\u0161 trij\u0173 pagrindini\u0173 element\u0173. Prie sienos tvirtinama vitrina su lentyna (04), kurios plotis \u2013 152 cm, o gylis \u2013 35 cm, idealiai tinka dekoratyviniams daiktams ir m\u0117gstamoms knygoms eksponuoti. Komplekte taip pat yra funkcionali lentyna (01), kurios plotis \u2013 150 cm, o gylis \u2013 24 cm, puikiai tinkanti nuotrauk\u0173 r\u0117meliams ar kitoms dekoracijoms laikyti. Komplekto i\u0161samum\u0105 dar labiau padidina 219 cm plo\u010dio ir 45 cm gylio televizoriaus spintel\u0117 (40), kurioje yra erdvus stal\u010dius, tinkamas \u012fvairiems multimedijos priedams laikyti.<\/p>","protected":false},"excerpt":{"rendered":"<p>Plotis (cm): 220<\/p>","protected":false},"featured_media":154196,"comment_status":"open","ping_status":"open","template":"","meta":[],"product_brand":[],"product_cat":[9400,4105,2008],"product_tag":[],"class_list":{"0":"post-154195","1":"product","2":"type-product","3":"status-publish","4":"has-post-thumbnail","6":"product_cat-furniture-system-bota","7":"product_cat-helvetia","8":"product_cat-wall-units","10":"first","11":"instock","12":"purchasable","13":"product-type-simple"},"_links":{"self":[{"href":"https:\/\/baldumarket.lt\/lt\/wp-json\/wp\/v2\/product\/154195","targetHints":{"allow":["GET"]}}],"collection":[{"href":"https:\/\/baldumarket.lt\/lt\/wp-json\/wp\/v2\/product"}],"about":[{"href":"https:\/\/baldumarket.lt\/lt\/wp-json\/wp\/v2\/types\/product"}],"replies":[{"embeddable":true,"href":"https:\/\/baldumarket.lt\/lt\/wp-json\/wp\/v2\/comments?post=154195"}],"wp:featuredmedia":[{"embeddable":true,"href":"https:\/\/baldumarket.lt\/lt\/wp-json\/wp\/v2\/media\/154196"}],"wp:attachment":[{"href":"https:\/\/baldumarket.lt\/lt\/wp-json\/wp\/v2\/media?parent=154195"}],"wp:term":[{"taxonomy":"product_brand","embeddable":true,"href":"https:\/\/baldumarket.lt\/lt\/wp-json\/wp\/v2\/product_brand?post=154195"},{"taxonomy":"product_cat","embeddable":true,"href":"https:\/\/baldumarket.lt\/lt\/wp-json\/wp\/v2\/product_cat?post=154195"},{"taxonomy":"product_tag","embeddable":true,"href":"https:\/\/baldumarket.lt\/lt\/wp-json\/wp\/v2\/product_tag?post=154195"}],"curies":[{"name":"wp","href":"https:\/\/api.w.org\/{rel}","templated":true}]}}