{"id":154187,"date":"2025-12-18T17:16:12","date_gmt":"2025-12-18T14:16:12","guid":{"rendered":"https:\/\/baldumarket.lt\/product\/bota-komoda-rtv-z-szuflada-swierk-appenzell-matera\/"},"modified":"2026-02-05T09:40:27","modified_gmt":"2026-02-05T06:40:27","slug":"bota-komoda-rtv-z-szuflada-swierk-appenzell-matera","status":"publish","type":"product","link":"https:\/\/baldumarket.lt\/lt\/product\/bota-komoda-rtv-z-szuflada-swierk-appenzell-matera\/","title":{"rendered":"Bota televizoriaus spintel\u0117 su stal\u010diumi Appenzell Spruce \/ Matera"},"content":{"rendered":"<p>Kvie\u010diame ap\u017ei\u016br\u0117ti \u0161\u012f unikal\u0173 bald\u0105, kuriame dera funkcionalumas, modernus dizainas ir patvarios med\u017eiagos. Pristatome \u201eBota\u201c televizoriaus spintel\u0119 su stal\u010diumi, kurios spalv\u0173 palet\u0117 \u2013 balta\/Kolorado betonas, kuri ne tik prakti\u0161kai sutalpins j\u016bs\u0173 garso ir vaizdo \u012frang\u0105, bet ir taps unikaliu dekoratyviniu elementu j\u016bs\u0173 svetain\u0117je. \u0160ioje kolekcijoje yra stal\u010di\u0173 pertvara, leid\u017eianti efektyviai organizuoti daikt\u0173 laikym\u0105. Kompakti\u0161ki spintel\u0117s matmenys \u2013 219 cm plo\u010dio, 52 cm auk\u0161\u010dio ir 45 cm gylio \u2013 leid\u017eia patogiai pastatyti j\u0105 tiek ma\u017eesniuose, tiek erdvesniuose kambariuose. Stilinga \u201eBota\u201c televizoriaus spintel\u0117s spalv\u0173 gama atitinka \u012fvairius poreikius ir skonius. Baltas fasadas kartu su Kolorado betono efektu suteikia interjerui modernumo, kartu i\u0161laikant vizualiai lengv\u0105 poj\u016bt\u012f. \u0160is pasirinkimas skirtas tiems, kurie vertina paprastus, bet unikalius sprendimus.<\/p>","protected":false},"excerpt":{"rendered":"<p>Plotis (cm): 219<br \/>\n\u016agis (cm): 52<br \/>\nGylis (cm): 45<\/p>","protected":false},"featured_media":154188,"comment_status":"open","ping_status":"open","template":"","meta":[],"product_brand":[],"product_cat":[9400,4105,1175],"product_tag":[],"class_list":{"0":"post-154187","1":"product","2":"type-product","3":"status-publish","4":"has-post-thumbnail","6":"product_cat-furniture-system-bota","7":"product_cat-helvetia","8":"product_cat-tv-stands","10":"first","11":"instock","12":"purchasable","13":"product-type-simple"},"_links":{"self":[{"href":"https:\/\/baldumarket.lt\/lt\/wp-json\/wp\/v2\/product\/154187","targetHints":{"allow":["GET"]}}],"collection":[{"href":"https:\/\/baldumarket.lt\/lt\/wp-json\/wp\/v2\/product"}],"about":[{"href":"https:\/\/baldumarket.lt\/lt\/wp-json\/wp\/v2\/types\/product"}],"replies":[{"embeddable":true,"href":"https:\/\/baldumarket.lt\/lt\/wp-json\/wp\/v2\/comments?post=154187"}],"wp:featuredmedia":[{"embeddable":true,"href":"https:\/\/baldumarket.lt\/lt\/wp-json\/wp\/v2\/media\/154188"}],"wp:attachment":[{"href":"https:\/\/baldumarket.lt\/lt\/wp-json\/wp\/v2\/media?parent=154187"}],"wp:term":[{"taxonomy":"product_brand","embeddable":true,"href":"https:\/\/baldumarket.lt\/lt\/wp-json\/wp\/v2\/product_brand?post=154187"},{"taxonomy":"product_cat","embeddable":true,"href":"https:\/\/baldumarket.lt\/lt\/wp-json\/wp\/v2\/product_cat?post=154187"},{"taxonomy":"product_tag","embeddable":true,"href":"https:\/\/baldumarket.lt\/lt\/wp-json\/wp\/v2\/product_tag?post=154187"}],"curies":[{"name":"wp","href":"https:\/\/api.w.org\/{rel}","templated":true}]}}