{"id":154175,"date":"2025-12-18T17:15:46","date_gmt":"2025-12-18T14:15:46","guid":{"rendered":"https:\/\/baldumarket.lt\/product\/bota-komoda-rtv-z-szuflada-bialy-beton-colorado\/"},"modified":"2026-02-05T09:40:27","modified_gmt":"2026-02-05T06:40:27","slug":"bota-komoda-rtv-z-szuflada-bialy-beton-colorado","status":"publish","type":"product","link":"https:\/\/baldumarket.lt\/lt\/product\/bota-komoda-rtv-z-szuflada-bialy-beton-colorado\/","title":{"rendered":"Bota TV spintel\u0117 su stal\u010diumi, balta \/ Kolorado betonas"},"content":{"rendered":"<p>Atraskite \u017eav\u0173 modernaus dizaino ir prakti\u0161kumo derin\u012f \u201eBota\u201c televizoriaus spintel\u0117je, pasi\u017eymin\u010dioje eleganti\u0161ka apdaila dviem i\u0161skirtiniais atspalviais: rafinuotu antracitu ir \u0161iltu ribbec \u0105\u017euolu. \u0160i stilinga spintel\u0117, kruop\u0161\u010diai sukurta galvojant apie dinami\u0161k\u0105, \u0161iuolaiki\u0161k\u0105 interjer\u0105, yra ne tik funkcionali, bet ir unikalus dekoratyvinis elementas. \u201eBota\u201c televizoriaus spintel\u0117 yra i\u0161skirtinai prakti\u0161kas sprendimas \u2013 219 cm plotis suteikia puiki\u0105 platform\u0105 j\u016bs\u0173 televizoriui ir kitai televizijos \u012frangai, o 52 cm auk\u0161tis ir 45 cm gylis u\u017etikrina komfort\u0105 ir leid\u017eia esteti\u0161kai i\u0161d\u0117styti aksesuarus. Antracito spalv\u0173 gama kartu su nat\u016braliu ribbec \u0105\u017euolo ra\u0161tu suteikia spintelei unikal\u0173 charakter\u012f ir leid\u017eia sukurti unikali\u0105 atmosfer\u0105 kambaryje. Funkcionalus ir erdvus stal\u010dius, padalintas \u012f dvi dalis, u\u017eima centrin\u0119 viet\u0105 ir si\u016blo daug vietos viskam, ko reikia j\u016bs\u0173 nam\u0173 pramog\u0173 centrui, laikyti. Kadangi komoda priklauso BOTA kolekcijai, j\u0105 galite derinti su kitais \u0161ios linijos baldais, sukurdami darn\u0173 ir harmoning\u0105 interjero dizain\u0105.<\/p>","protected":false},"excerpt":{"rendered":"<p>Plotis (cm): 219<br \/>\n\u016agis (cm): 52<br \/>\nGylis (cm): 45<\/p>","protected":false},"featured_media":154176,"comment_status":"open","ping_status":"open","template":"","meta":[],"product_brand":[],"product_cat":[9400,4105,1175],"product_tag":[],"class_list":{"0":"post-154175","1":"product","2":"type-product","3":"status-publish","4":"has-post-thumbnail","6":"product_cat-furniture-system-bota","7":"product_cat-helvetia","8":"product_cat-tv-stands","10":"first","11":"instock","12":"purchasable","13":"product-type-simple"},"_links":{"self":[{"href":"https:\/\/baldumarket.lt\/lt\/wp-json\/wp\/v2\/product\/154175","targetHints":{"allow":["GET"]}}],"collection":[{"href":"https:\/\/baldumarket.lt\/lt\/wp-json\/wp\/v2\/product"}],"about":[{"href":"https:\/\/baldumarket.lt\/lt\/wp-json\/wp\/v2\/types\/product"}],"replies":[{"embeddable":true,"href":"https:\/\/baldumarket.lt\/lt\/wp-json\/wp\/v2\/comments?post=154175"}],"wp:featuredmedia":[{"embeddable":true,"href":"https:\/\/baldumarket.lt\/lt\/wp-json\/wp\/v2\/media\/154176"}],"wp:attachment":[{"href":"https:\/\/baldumarket.lt\/lt\/wp-json\/wp\/v2\/media?parent=154175"}],"wp:term":[{"taxonomy":"product_brand","embeddable":true,"href":"https:\/\/baldumarket.lt\/lt\/wp-json\/wp\/v2\/product_brand?post=154175"},{"taxonomy":"product_cat","embeddable":true,"href":"https:\/\/baldumarket.lt\/lt\/wp-json\/wp\/v2\/product_cat?post=154175"},{"taxonomy":"product_tag","embeddable":true,"href":"https:\/\/baldumarket.lt\/lt\/wp-json\/wp\/v2\/product_tag?post=154175"}],"curies":[{"name":"wp","href":"https:\/\/api.w.org\/{rel}","templated":true}]}}