{"id":154172,"date":"2025-12-18T17:15:41","date_gmt":"2025-12-18T14:15:41","guid":{"rendered":"https:\/\/baldumarket.lt\/product\/bota-komoda-rtv-z-szuflada-antracyt-dab-ribbec\/"},"modified":"2026-02-05T09:40:27","modified_gmt":"2026-02-05T06:40:27","slug":"bota-komoda-rtv-z-szuflada-antracyt-dab-ribbec","status":"publish","type":"product","link":"https:\/\/baldumarket.lt\/lt\/product\/bota-komoda-rtv-z-szuflada-antracyt-dab-ribbec\/","title":{"rendered":"Bota TV spintel\u0117 su stal\u010diumi, antracito \/ \u0105\u017euolo spalvos"},"content":{"rendered":"<p>Kvie\u010diame atrasti unikal\u0173 bald\u0105, kuriame dera funkcionalumas, modernus dizainas ir patvarios med\u017eiagos. Pristatome \u201eBota\u201c televizoriaus spintel\u0119 su stal\u010diumi, kurios spalv\u0173 palet\u0117 \u2013 balta\/Kolorado betonas. Ji ne tik prakti\u0161kai laikys j\u016bs\u0173 garso ir vaizdo \u012frang\u0105, bet ir taps unikaliu dekoratyviniu elementu j\u016bs\u0173 svetain\u0117je.<br \/>\n\u0160is \u0161ios kolekcijos baldas turi stal\u010di\u0173 pertvar\u0105, leid\u017eian\u010di\u0105 efektyviai organizuoti daikt\u0173 laikym\u0105. Kompakti\u0161ki spintel\u0117s matmenys \u2013 219 cm plo\u010dio, 52 cm auk\u0161\u010dio ir 45 cm gylio \u2013 leid\u017eia j\u0105 patogiai pastatyti tiek ma\u017eesniuose, tiek erdvesniuose kambariuose.<br \/>\nStilinga \u201eBota\u201c televizoriaus spintel\u0117s spalv\u0173 gama \u2013 tai atsakas \u012f \u012fvairius poreikius ir skonius. Baltas fasadas kartu su Kolorado betono efektu suteikia interjerui modernumo, kartu i\u0161laikant vizualiai lengv\u0105 poj\u016bt\u012f. Tai pasi\u016blymas tiems, kurie vertina paprastus, bet unikalius sprendimus.<br \/>\nSpintel\u0117 pagaminta i\u0161 auk\u0161tos kokyb\u0117s laminuotos plok\u0161t\u0117s. \u0160i med\u017eiaga atspari \u012fbr\u0117\u017eimams, lengvai valoma ir atspari dr\u0117gmei, tod\u0117l \u0161is baldas tarnaus ilgus metus. Be to, laminatas yra ekonomi\u0161kas pasirinkimas, kuris i\u0161vaizda prilygsta nat\u016brali\u0173 med\u017eiag\u0173 i\u0161vaizdai.<br \/>\nPrie indauja taip pat pridedamos ai\u0161kios surinkimo instrukcijos ir reikalingi priedai, tod\u0117l j\u0105 lengva surinkti. 2 met\u0173 garantija patvirtina m\u016bs\u0173 kokyb\u0119 ir klient\u0173 pasitik\u0117jim\u0105.<\/p>\n<p>\u201eBota\u201c kolekcija si\u016blo \u012fvairi\u0173 spalv\u0173 variant\u0173, ta\u010diau tiems, kurie vertina industrin\u012f \u017eaves\u012f ir balt\u0105 spalv\u0105, baltas\/betoninis \u201eColorado\u201c televizoriaus staliukas su stal\u010diumi yra puikus pasirinkimas. Nuotraukose pavaizduoti baldai yra tik iliustraciniai, ta\u010diau u\u017etikriname, kad tikrasis produktas atitiks visus j\u016bs\u0173 l\u016bkes\u010dius tiek esteti\u0161kai, tiek funkcionaliai.<\/p>\n<p>Suteikite savo interjerui stiling\u0105 element\u0105, kuris pabr\u0117\u0161 unikal\u0173 erdv\u0117s charakter\u012f ir kartu u\u017etikrins prakti\u0161k\u0105 elektronikos laikym\u0105 bei eksponavim\u0105. \u201eBota\u201c televizoriaus staliukas su stal\u010diumi \u2013 elegancijos, patogumo ir patvarumo derinys.<\/p>","protected":false},"excerpt":{"rendered":"<p>Plotis (cm): 219<br \/>\n\u016agis (cm): 52<br \/>\nGylis (cm): 45<\/p>","protected":false},"featured_media":154173,"comment_status":"open","ping_status":"open","template":"","meta":[],"product_brand":[],"product_cat":[9400,4105,1175],"product_tag":[],"class_list":{"0":"post-154172","1":"product","2":"type-product","3":"status-publish","4":"has-post-thumbnail","6":"product_cat-furniture-system-bota","7":"product_cat-helvetia","8":"product_cat-tv-stands","10":"first","11":"instock","12":"purchasable","13":"product-type-simple"},"_links":{"self":[{"href":"https:\/\/baldumarket.lt\/lt\/wp-json\/wp\/v2\/product\/154172","targetHints":{"allow":["GET"]}}],"collection":[{"href":"https:\/\/baldumarket.lt\/lt\/wp-json\/wp\/v2\/product"}],"about":[{"href":"https:\/\/baldumarket.lt\/lt\/wp-json\/wp\/v2\/types\/product"}],"replies":[{"embeddable":true,"href":"https:\/\/baldumarket.lt\/lt\/wp-json\/wp\/v2\/comments?post=154172"}],"wp:featuredmedia":[{"embeddable":true,"href":"https:\/\/baldumarket.lt\/lt\/wp-json\/wp\/v2\/media\/154173"}],"wp:attachment":[{"href":"https:\/\/baldumarket.lt\/lt\/wp-json\/wp\/v2\/media?parent=154172"}],"wp:term":[{"taxonomy":"product_brand","embeddable":true,"href":"https:\/\/baldumarket.lt\/lt\/wp-json\/wp\/v2\/product_brand?post=154172"},{"taxonomy":"product_cat","embeddable":true,"href":"https:\/\/baldumarket.lt\/lt\/wp-json\/wp\/v2\/product_cat?post=154172"},{"taxonomy":"product_tag","embeddable":true,"href":"https:\/\/baldumarket.lt\/lt\/wp-json\/wp\/v2\/product_tag?post=154172"}],"curies":[{"name":"wp","href":"https:\/\/api.w.org\/{rel}","templated":true}]}}