{"id":154167,"date":"2025-12-18T17:15:31","date_gmt":"2025-12-18T14:15:31","guid":{"rendered":"https:\/\/baldumarket.lt\/product\/bota-komoda-2d4s-z-nadstawka-swierk-appenzell-matera\/"},"modified":"2026-02-05T09:40:27","modified_gmt":"2026-02-05T06:40:27","slug":"bota-komoda-2d4s-z-nadstawka-swierk-appenzell-matera","status":"publish","type":"product","link":"https:\/\/baldumarket.lt\/lt\/product\/bota-komoda-2d4s-z-nadstawka-swierk-appenzell-matera\/","title":{"rendered":"Bota komoda 2D4S su vir\u0161utine spintele, Appenzell egl\u0117 \/ Matera"},"content":{"rendered":"<p>Atraskite unikal\u0173 dizain\u0105 ir prakti\u0161kus sprendimus, kuriuos si\u016blo \u2019Bota 2D4S\u201c komoda su vir\u0161utine spintele, pasi\u017eyminti unikaliu baltos ir Kolorado betono spalv\u0173 deriniu. \u0160i eleganti\u0161ka BOTA kolekcijos komoda derina funkcionalum\u0105 ir modern\u0173 dizain\u0105, papuo\u0161dama bet kok\u012f interjer\u0105 ir suteikdama jam unikal\u0173 charakter\u012f. \u201eBota 27\u201c komoda \u2013 tai baldas, stebinantis savo gausybe vietos daiktams susid\u0117ti. J\u0105 sudaro dvi tvirtos durel\u0117s ir keturi erdv\u016bs stal\u010diai, u\u017etikrinantys patog\u0173 naudojim\u0105 ir leid\u017eiantys organizuoti erdv\u0119. Centrinis baldo elementas \u2013 dvi atviros lentynos \u2013 puikiai tinka m\u0117gstamiems daiktams eksponuoti arba kasdieniams b\u016btiniausiems daiktams laikyti. U\u017e kiekvien\u0173 dureli\u0173 esanti papildoma lentyna leid\u017eia efektyviai i\u0161naudoti komodos vidin\u0119 erdv\u0119. Visas baldas pagamintas i\u0161 auk\u0161tos kokyb\u0117s laminuotos plok\u0161t\u0117s, u\u017etikrinan\u010dios patvarum\u0105 ir atsparum\u0105 dilimui. Priekin\u0117s dalys ir korpusas pagaminti i\u0161 tos pa\u010dios tvirtos bald\u0173 plok\u0161t\u0117s, u\u017etikrinan\u010dios nepriekai\u0161ting\u0105 i\u0161vaizd\u0105 ir patikim\u0105 investicij\u0105 ateinantiems metams.<\/p>","protected":false},"excerpt":{"rendered":"<p>Plotis (cm): 180<br \/>\n\u016agis (cm): 82<br \/>\nGylis (cm): 37<\/p>","protected":false},"featured_media":154168,"comment_status":"open","ping_status":"open","template":"","meta":[],"product_brand":[],"product_cat":[9400,1173,4105],"product_tag":[],"class_list":{"0":"post-154167","1":"product","2":"type-product","3":"status-publish","4":"has-post-thumbnail","6":"product_cat-furniture-system-bota","7":"product_cat-chests-of-drawers","8":"product_cat-helvetia","10":"first","11":"instock","12":"purchasable","13":"product-type-simple"},"_links":{"self":[{"href":"https:\/\/baldumarket.lt\/lt\/wp-json\/wp\/v2\/product\/154167","targetHints":{"allow":["GET"]}}],"collection":[{"href":"https:\/\/baldumarket.lt\/lt\/wp-json\/wp\/v2\/product"}],"about":[{"href":"https:\/\/baldumarket.lt\/lt\/wp-json\/wp\/v2\/types\/product"}],"replies":[{"embeddable":true,"href":"https:\/\/baldumarket.lt\/lt\/wp-json\/wp\/v2\/comments?post=154167"}],"wp:featuredmedia":[{"embeddable":true,"href":"https:\/\/baldumarket.lt\/lt\/wp-json\/wp\/v2\/media\/154168"}],"wp:attachment":[{"href":"https:\/\/baldumarket.lt\/lt\/wp-json\/wp\/v2\/media?parent=154167"}],"wp:term":[{"taxonomy":"product_brand","embeddable":true,"href":"https:\/\/baldumarket.lt\/lt\/wp-json\/wp\/v2\/product_brand?post=154167"},{"taxonomy":"product_cat","embeddable":true,"href":"https:\/\/baldumarket.lt\/lt\/wp-json\/wp\/v2\/product_cat?post=154167"},{"taxonomy":"product_tag","embeddable":true,"href":"https:\/\/baldumarket.lt\/lt\/wp-json\/wp\/v2\/product_tag?post=154167"}],"curies":[{"name":"wp","href":"https:\/\/api.w.org\/{rel}","templated":true}]}}