{"id":154155,"date":"2025-12-18T17:15:05","date_gmt":"2025-12-18T14:15:05","guid":{"rendered":"https:\/\/baldumarket.lt\/product\/bota-komoda-2d4s-z-nadstawka-bialy-beton-colorado\/"},"modified":"2026-02-05T09:40:27","modified_gmt":"2026-02-05T06:40:27","slug":"bota-komoda-2d4s-z-nadstawka-bialy-beton-colorado","status":"publish","type":"product","link":"https:\/\/baldumarket.lt\/lt\/product\/bota-komoda-2d4s-z-nadstawka-bialy-beton-colorado\/","title":{"rendered":"Bota komoda su stal\u010diais, 2D4S, su prailginimu, balta \/ Kolorado betonas"},"content":{"rendered":"<p>Atraskite komod\u0105, kuri pakeis j\u016bs\u0173 interjer\u0105 \u2013 \u201eBota 2-D4S\u201c komod\u0105 su vir\u0161utine spintele, antracito \/ ribekinio \u0105\u017euolo spalvos. \u0160is stilingas ir funkcionalus baldas puikiai tiks tiek moderniame, tiek klasikiniame interjere. \u201eBota 27\u201c komoda yra pla\u010dios \u201eBOTA\u201c kolekcijos dalis, kuri garantuoja nuosekl\u0173 stili\u0173 ir naudojimo patogum\u0105. Elegancija ir funkcionalumas \u2013 du \u017eod\u017eiai, puikiai apib\u016bdinantys \u0161i\u0105 komod\u0105. J\u0105 sudaro dvidur\u0117 sekcija su lentyna kiekvienoje pus\u0117je, keturi stal\u010diai ir dvi atviros lentynos, tod\u0117l ji si\u016blo i\u0161skirtin\u0119 erdv\u0119 \u012fvairiems daiktams laikyti. Palaikykite savo namus tobul\u0105 tvark\u0105, eksponuodami dekoracijas atvirose lentynose, o kitus daiktus laikydami stal\u010diuose arba u\u017e u\u017edar\u0173 dureli\u0173. \u201eBOTA\u201c kolekcija, kuri\u0105 galima \u012fsigyti trij\u0173 unikali\u0173 spalv\u0173, leid\u017eia derinti baldus prie \u012fvairi\u0173 skoni\u0173 ir interjero. \u0160i komoda d\u017eiugina eleganti\u0161ko antracito ir i\u0161skirtinio ribekinio \u0105\u017euolo ra\u0161to kontrastu, sukurdama bald\u0105, kuris taps bet kurio kambario traukos centru. Antracito elegancija dera su nat\u016bralia med\u017eio \u0161iluma, suteikdama erdvei unikal\u0173 charakter\u012f.<\/p>","protected":false},"excerpt":{"rendered":"<p>Plotis (cm): 180<br \/>\n\u016agis (cm): 82<br \/>\nGylis (cm): 37<\/p>","protected":false},"featured_media":154156,"comment_status":"open","ping_status":"open","template":"","meta":[],"product_brand":[],"product_cat":[9400,1173,4105],"product_tag":[],"class_list":{"0":"post-154155","1":"product","2":"type-product","3":"status-publish","4":"has-post-thumbnail","6":"product_cat-furniture-system-bota","7":"product_cat-chests-of-drawers","8":"product_cat-helvetia","10":"first","11":"instock","12":"purchasable","13":"product-type-simple"},"_links":{"self":[{"href":"https:\/\/baldumarket.lt\/lt\/wp-json\/wp\/v2\/product\/154155","targetHints":{"allow":["GET"]}}],"collection":[{"href":"https:\/\/baldumarket.lt\/lt\/wp-json\/wp\/v2\/product"}],"about":[{"href":"https:\/\/baldumarket.lt\/lt\/wp-json\/wp\/v2\/types\/product"}],"replies":[{"embeddable":true,"href":"https:\/\/baldumarket.lt\/lt\/wp-json\/wp\/v2\/comments?post=154155"}],"wp:featuredmedia":[{"embeddable":true,"href":"https:\/\/baldumarket.lt\/lt\/wp-json\/wp\/v2\/media\/154156"}],"wp:attachment":[{"href":"https:\/\/baldumarket.lt\/lt\/wp-json\/wp\/v2\/media?parent=154155"}],"wp:term":[{"taxonomy":"product_brand","embeddable":true,"href":"https:\/\/baldumarket.lt\/lt\/wp-json\/wp\/v2\/product_brand?post=154155"},{"taxonomy":"product_cat","embeddable":true,"href":"https:\/\/baldumarket.lt\/lt\/wp-json\/wp\/v2\/product_cat?post=154155"},{"taxonomy":"product_tag","embeddable":true,"href":"https:\/\/baldumarket.lt\/lt\/wp-json\/wp\/v2\/product_tag?post=154155"}],"curies":[{"name":"wp","href":"https:\/\/api.w.org\/{rel}","templated":true}]}}