{"id":154153,"date":"2025-12-18T17:15:02","date_gmt":"2025-12-18T14:15:02","guid":{"rendered":"https:\/\/baldumarket.lt\/product\/bota-komoda-2d4s-z-nadstawka-antracyt-dab-ribbec\/"},"modified":"2026-02-05T09:40:27","modified_gmt":"2026-02-05T06:40:27","slug":"bota-komoda-2d4s-z-nadstawka-antracyt-dab-ribbec","status":"publish","type":"product","link":"https:\/\/baldumarket.lt\/lt\/product\/bota-komoda-2d4s-z-nadstawka-antracyt-dab-ribbec\/","title":{"rendered":"Bota komoda 2D4S su vir\u0161utine spintele, antracito \/ \u0105\u017euolo spalvos"},"content":{"rendered":"<p>Atraskite unikal\u0173 dizain\u0105 ir prakti\u0161kus sprendimus, kuriuos si\u016blo \u201eBota 2D4S\u201c komoda su prailginimu, pasi\u017eyminti unikaliu baltos ir Kolorado betono spalv\u0173 deriniu. \u0160i eleganti\u0161ka \u201eBOTA\u201c kolekcijos komoda derina funkcionalum\u0105 ir modern\u0173 dizain\u0105, papuo\u0161ia bet kok\u012f interjer\u0105 ir suteikia jam unikal\u0173 charakter\u012f.<br \/>\nKomoda \u2019Bota 27\u201c \u2013 tai baldas, stebinantis savo erdve daiktams susid\u0117ti. J\u0105 sudaro dvi tvirtos durel\u0117s ir keturi erdv\u016bs stal\u010diai, u\u017etikrinantys patog\u0173 naudojim\u0105 ir leid\u017eiantys organizuoti erdv\u0119. Svarbiausias baldo elementas \u2013 dvi atviros lentynos \u2013 puikiai tinka m\u0117gstamiems daiktams eksponuoti arba kasdieniams reikmenims laikyti. U\u017e kiekvien\u0173 dureli\u0173 esanti papildoma lentyna leid\u017eia efektyviai i\u0161naudoti komodos vidin\u0119 erdv\u0119.<br \/>\nVisas baldas pagamintas i\u0161 auk\u0161tos kokyb\u0117s laminuotos plok\u0161t\u0117s, u\u017etikrinan\u010dios patvarum\u0105 ir atsparum\u0105 dilimui. Priekin\u0117s dalys ir korpusas pagaminti i\u0161 tos pa\u010dios tvirtos bald\u0173 plok\u0161t\u0117s, suteikian\u010dios komodai tobul\u0105 i\u0161vaizd\u0105 ir patikim\u0105 investicij\u0105 ateinantiems metams.<br \/>\nKomoda \u201eBota 2D4S\u201c su prailginimu pasi\u017eymi dideliais matmenimis \u2013 180 cm plo\u010dio, 82 cm auk\u0161\u010dio ir 37 cm gylio \u2013 tod\u0117l puikiai tinka tiek erdvioms, tiek ma\u017eesn\u0117ms erdv\u0117ms. Balta spalv\u0173 gama kartu su \u0161iltu, matiniu \u201eColorado Concrete\u201c atspalviu sukuria moderni\u0105 estetik\u0105 ir lengvai prisitaiko prie \u012fvairi\u0173 interjero dizain\u0173.<\/p>\n<p>Baldai pristatomi savaranki\u0161kai surenkamose pakuot\u0117se. Pridedami visi reikalingi surinkimo priedai ir ai\u0161kios instrukcijos, tod\u0117l surinkimas yra paprastas ir intuityvus. Pridedama 2 met\u0173 garantija pabr\u0117\u017eia gamintojo pasitik\u0117jim\u0105 savo gamini\u0173 kokybe.<\/p>\n<p>I\u0161sirinkite komod\u0105, kuri pateisins visus j\u016bs\u0173 l\u016bkes\u010dius. Pasirinkite \u201eBota 2D4S\u201c komod\u0105 su prailginimo bloku ir m\u0117gaukit\u0117s gra\u017eiu bei funkcionaliu savo nam\u0173 papildymu.<\/p>","protected":false},"excerpt":{"rendered":"<p>Plotis (cm): 180<br \/>\n\u016agis (cm): 82<br \/>\nGylis (cm): 37<\/p>","protected":false},"featured_media":154154,"comment_status":"open","ping_status":"open","template":"","meta":[],"product_brand":[],"product_cat":[9400,1173,4105],"product_tag":[],"class_list":{"0":"post-154153","1":"product","2":"type-product","3":"status-publish","4":"has-post-thumbnail","6":"product_cat-furniture-system-bota","7":"product_cat-chests-of-drawers","8":"product_cat-helvetia","10":"first","11":"instock","12":"purchasable","13":"product-type-simple"},"_links":{"self":[{"href":"https:\/\/baldumarket.lt\/lt\/wp-json\/wp\/v2\/product\/154153","targetHints":{"allow":["GET"]}}],"collection":[{"href":"https:\/\/baldumarket.lt\/lt\/wp-json\/wp\/v2\/product"}],"about":[{"href":"https:\/\/baldumarket.lt\/lt\/wp-json\/wp\/v2\/types\/product"}],"replies":[{"embeddable":true,"href":"https:\/\/baldumarket.lt\/lt\/wp-json\/wp\/v2\/comments?post=154153"}],"wp:featuredmedia":[{"embeddable":true,"href":"https:\/\/baldumarket.lt\/lt\/wp-json\/wp\/v2\/media\/154154"}],"wp:attachment":[{"href":"https:\/\/baldumarket.lt\/lt\/wp-json\/wp\/v2\/media?parent=154153"}],"wp:term":[{"taxonomy":"product_brand","embeddable":true,"href":"https:\/\/baldumarket.lt\/lt\/wp-json\/wp\/v2\/product_brand?post=154153"},{"taxonomy":"product_cat","embeddable":true,"href":"https:\/\/baldumarket.lt\/lt\/wp-json\/wp\/v2\/product_cat?post=154153"},{"taxonomy":"product_tag","embeddable":true,"href":"https:\/\/baldumarket.lt\/lt\/wp-json\/wp\/v2\/product_tag?post=154153"}],"curies":[{"name":"wp","href":"https:\/\/api.w.org\/{rel}","templated":true}]}}