{"id":154147,"date":"2025-12-18T17:14:51","date_gmt":"2025-12-18T14:14:51","guid":{"rendered":"https:\/\/baldumarket.lt\/product\/beta-szafa-2-drzwiowa-z-lustrami-221-cm-san-remo-jasne-bialy\/"},"modified":"2026-02-05T10:38:01","modified_gmt":"2026-02-05T07:38:01","slug":"beta-szafa-2-drzwiowa-z-lustrami-221-cm-san-remo-jasne-bialy","status":"publish","type":"product","link":"https:\/\/baldumarket.lt\/lt\/product\/beta-szafa-2-drzwiowa-z-lustrami-221-cm-san-remo-jasne-bialy\/","title":{"rendered":"Beta 2 dur\u0173 spinta su veidrod\u017eiais, 221 cm, San Remo, \u0161viesi \/ balta"},"content":{"rendered":"<p>Atraskite tobulos tvarkos ir eleganti\u0161ko dizaino magij\u0105 su \u201eBeta\u201c dviej\u0173 dur\u0173 spinta, skirta patogiam ir stilingam drabu\u017ei\u0173 laikymui. \u0160is 221 cm plo\u010dio modelis derina nat\u016bral\u0173 \u201eSan Remo Light\u201c dekoro \u017eaves\u012f su klasikine balta spalva, \u012fk\u016bnydamas modernum\u0105 ir nesenstan\u010di\u0105 estetik\u0105, nepriklausomai nuo erdv\u0117s, kurioje jis bus pagrindinis akcentas. Pilnas \u201eBeta 220 22AE1658\u201c spintos funkcionalumas atsiskleid\u017eia prakti\u0161kai suprojektuotame interjere. Kair\u0117je pus\u0117je yra patvarus pakabos b\u0117gelis su lentyna vir\u0161uje, paruo\u0161ta laikyti j\u016bs\u0173 mar\u0161kinius, kostiumus ar sukneles, o de\u0161in\u0117je pus\u0117je esan\u010dios keturios erdvios lentynos lengvai sutalpina kitus drabu\u017eius, suteikdamos lengv\u0105 prieig\u0105 prie vis\u0173 b\u016btiniausi\u0173 j\u016bs\u0173 garderobo daikt\u0173. Veidrodiniai stumdom\u0173 dur\u0173 fasadai ne tik vizualiai padidina erdv\u0119, bet ir suteikia kasdienio patogumo, leisdami ap\u017ei\u016br\u0117ti savo drabu\u017eius visu dyd\u017eiu. Tiems, kurie m\u0117gsta tyl\u0173 ir subtil\u0173 bald\u0173 veikim\u0105, galima \u012fsigyti \u0161velnaus u\u017edarymo sistem\u0105, garantuojan\u010di\u0105 auk\u0161t\u0105 naudojimo komfort\u0105 be nereikalingo triuk\u0161mo.<\/p>","protected":false},"excerpt":{"rendered":"<p>Plotis (cm): 221<br \/>\n\u016agis (cm): 210<br \/>\nGylis (cm): 61<\/p>","protected":false},"featured_media":154148,"comment_status":"open","ping_status":"open","template":"","meta":[],"product_brand":[],"product_cat":[9416,4105,1177],"product_tag":[],"class_list":{"0":"post-154147","1":"product","2":"type-product","3":"status-publish","4":"has-post-thumbnail","6":"product_cat-furniture-system-beta","7":"product_cat-helvetia","8":"product_cat-wardrobes","10":"first","11":"instock","12":"purchasable","13":"product-type-simple"},"_links":{"self":[{"href":"https:\/\/baldumarket.lt\/lt\/wp-json\/wp\/v2\/product\/154147","targetHints":{"allow":["GET"]}}],"collection":[{"href":"https:\/\/baldumarket.lt\/lt\/wp-json\/wp\/v2\/product"}],"about":[{"href":"https:\/\/baldumarket.lt\/lt\/wp-json\/wp\/v2\/types\/product"}],"replies":[{"embeddable":true,"href":"https:\/\/baldumarket.lt\/lt\/wp-json\/wp\/v2\/comments?post=154147"}],"wp:featuredmedia":[{"embeddable":true,"href":"https:\/\/baldumarket.lt\/lt\/wp-json\/wp\/v2\/media\/154148"}],"wp:attachment":[{"href":"https:\/\/baldumarket.lt\/lt\/wp-json\/wp\/v2\/media?parent=154147"}],"wp:term":[{"taxonomy":"product_brand","embeddable":true,"href":"https:\/\/baldumarket.lt\/lt\/wp-json\/wp\/v2\/product_brand?post=154147"},{"taxonomy":"product_cat","embeddable":true,"href":"https:\/\/baldumarket.lt\/lt\/wp-json\/wp\/v2\/product_cat?post=154147"},{"taxonomy":"product_tag","embeddable":true,"href":"https:\/\/baldumarket.lt\/lt\/wp-json\/wp\/v2\/product_tag?post=154147"}],"curies":[{"name":"wp","href":"https:\/\/api.w.org\/{rel}","templated":true}]}}