{"id":154139,"date":"2025-12-18T17:14:36","date_gmt":"2025-12-18T14:14:36","guid":{"rendered":"https:\/\/baldumarket.lt\/product\/beta-szafa-2-drzwiowa-z-lustrami-200-cm-bialy-polysk\/"},"modified":"2026-02-05T10:38:01","modified_gmt":"2026-02-05T07:38:01","slug":"beta-szafa-2-drzwiowa-z-lustrami-200-cm-bialy-polysk","status":"publish","type":"product","link":"https:\/\/baldumarket.lt\/lt\/product\/beta-szafa-2-drzwiowa-z-lustrami-200-cm-bialy-polysk\/","title":{"rendered":"Beta dviej\u0173 dur\u0173 spinta su veidrod\u017eiais, 200 cm, blizgi balta"},"content":{"rendered":"<p>Pristatome eleganti\u0161k\u0105 ir funkcionali\u0105 \u201eBeta 2D\u201c spint\u0105, kuri puikiai atitinka \u0161iuolaikinio interjero poreikius. \u0160i unikali, 200 cm plo\u010dio, 210 cm auk\u0161\u010dio ir 61 cm gylio spinta derina prakti\u0161kum\u0105 ir stiling\u0105 dizain\u0105, o baltas blizgesys suteiks j\u016bs\u0173 erdvei gaivumo ir elegancijos.<br \/>\n\u201eBeta 2D\u201c spintos dizainas atspindi naujausias miegam\u0173j\u0173 ir persirengimo kambari\u0173 dizaino tendencijas. Dviej\u0173 dur\u0173 dizainas su stumdomomis durimis, apr\u016bpintas viso \u016bgio veidrod\u017eiais, ne tik vizualiai padidins kambar\u012f, bet ir suteiks jam funkcionalumo. Veidrod\u012f galima konfig\u016bruoti vertikaliai arba horizontaliai, tod\u0117l gal\u0117site j\u012f pritaikyti pagal savo individualius pageidavimus ir interjero i\u0161planavim\u0105.<br \/>\nSpintos vidus kruop\u0161\u010diai suprojektuotas taip, kad patenkint\u0173 net ir reikliausi\u0173 naudotoj\u0173 l\u016bkes\u010dius. Kair\u0117je pus\u0117je prakti\u0161kas, po lentyna pasl\u0117ptas pakabos b\u0117gelis leid\u017eia patogiai laikyti vir\u0161utinius drabu\u017eius. De\u0161in\u0117je pus\u0117je keturios lentynos skirtos sulankstytiems drabu\u017eiams, apatiniams ir kitiems aksesuarams susid\u0117ti. Auk\u0161tos kokyb\u0117s laminuota plok\u0161t\u0117, naudojama \u201eBeta 2D\u201c spintos r\u0117mams ir fasadams, u\u017etikrina ilgaam\u017ei\u0161kum\u0105 ir atsparum\u0105 kasdieniam naudojimui. Tai garantuoja, kad baldai tarnaus ilgus metus, i\u0161laikant estetin\u012f patrauklum\u0105. Papildomas privalumas \u2013 galimyb\u0117 \u012fsigyti \u0161velnaus u\u017edarymo sistem\u0105 \u2013 \u201eSilent 26S79C92\u201c \u2013 patogiam naudojimui ir eleganti\u0161kam, begarsiam dureli\u0173 u\u017edarymui.<br \/>\n\u201eBeta 2D\u201c spinta pristatoma savaranki\u0161kai surenkamose pakuot\u0117se. Pridedami visi reikalingi surinkimo priedai ir ai\u0161kios instrukcijos, u\u017etikrinan\u010dios greit\u0105 ir paprast\u0105 surinkim\u0105. Pridedama dvej\u0173 met\u0173 garantija liudija apie auk\u0161t\u0105 kokyb\u0119 ir d\u0117mes\u012f detal\u0117ms.<br \/>\nTrumpai tariant, \u201eBeta 2D\u201c spinta su veidrod\u017eiais yra puikus pasirinkimas tiems, kurie vertina modernaus stiliaus ir funkcionalumo derin\u012f. Ji ne tik sutvarkys erdv\u0119, bet ir papuo\u0161 bet kur\u012f miegam\u0105j\u012f ar persirengimo kambar\u012f, suteikdama kiekvienai detalei prabangos ir \u017eavesio.<\/p>","protected":false},"excerpt":{"rendered":"<p>Plotis (cm): 200<br \/>\n\u016agis (cm): 210<br \/>\nGylis (cm): 61<\/p>","protected":false},"featured_media":154140,"comment_status":"open","ping_status":"open","template":"","meta":[],"product_brand":[],"product_cat":[9416,4105,1177],"product_tag":[],"class_list":{"0":"post-154139","1":"product","2":"type-product","3":"status-publish","4":"has-post-thumbnail","6":"product_cat-furniture-system-beta","7":"product_cat-helvetia","8":"product_cat-wardrobes","10":"first","11":"instock","12":"purchasable","13":"product-type-simple"},"_links":{"self":[{"href":"https:\/\/baldumarket.lt\/lt\/wp-json\/wp\/v2\/product\/154139","targetHints":{"allow":["GET"]}}],"collection":[{"href":"https:\/\/baldumarket.lt\/lt\/wp-json\/wp\/v2\/product"}],"about":[{"href":"https:\/\/baldumarket.lt\/lt\/wp-json\/wp\/v2\/types\/product"}],"replies":[{"embeddable":true,"href":"https:\/\/baldumarket.lt\/lt\/wp-json\/wp\/v2\/comments?post=154139"}],"wp:featuredmedia":[{"embeddable":true,"href":"https:\/\/baldumarket.lt\/lt\/wp-json\/wp\/v2\/media\/154140"}],"wp:attachment":[{"href":"https:\/\/baldumarket.lt\/lt\/wp-json\/wp\/v2\/media?parent=154139"}],"wp:term":[{"taxonomy":"product_brand","embeddable":true,"href":"https:\/\/baldumarket.lt\/lt\/wp-json\/wp\/v2\/product_brand?post=154139"},{"taxonomy":"product_cat","embeddable":true,"href":"https:\/\/baldumarket.lt\/lt\/wp-json\/wp\/v2\/product_cat?post=154139"},{"taxonomy":"product_tag","embeddable":true,"href":"https:\/\/baldumarket.lt\/lt\/wp-json\/wp\/v2\/product_tag?post=154139"}],"curies":[{"name":"wp","href":"https:\/\/api.w.org\/{rel}","templated":true}]}}