{"id":154136,"date":"2025-12-18T17:14:30","date_gmt":"2025-12-18T14:14:30","guid":{"rendered":"https:\/\/baldumarket.lt\/product\/beta-szafa-2-drzwiowa-z-lustrami-180-cm-dab-san-remo-jasny-bialy\/"},"modified":"2026-02-05T10:38:01","modified_gmt":"2026-02-05T07:38:01","slug":"beta-szafa-2-drzwiowa-z-lustrami-180-cm-dab-san-remo-jasny-bialy","status":"publish","type":"product","link":"https:\/\/baldumarket.lt\/lt\/product\/beta-szafa-2-drzwiowa-z-lustrami-180-cm-dab-san-remo-jasny-bialy\/","title":{"rendered":"Beta 2 dur\u0173 spinta su veidrod\u017eiais, 180 cm, san remo \u0105\u017euolas, \u0161viesiai balta"},"content":{"rendered":"<p>Kvie\u010diame atrasti unikali\u0105 \u201eBeta\u201c dviej\u0173 dur\u0173 veidrodin\u0119 spint\u0105, kuri puikiai papildys \u0161vies\u0173 ir modern\u0173 miegam\u0105j\u012f ar persirengimo kambar\u012f. \u201eBeta\u201c spinta, kurios matmenys \u2013 180 cm plo\u010dio, 210 cm auk\u0161\u010dio ir 60 cm gylio, yra eleganti\u0161ka ir i\u0161skirtinai funkcionali.<\/p>\n<p>Pagaminta i\u0161 auk\u0161\u010diausios kokyb\u0117s med\u017eiag\u0173, spintos r\u0117mai ir fasadai padengti patvaria laminuota plok\u0161te, u\u017etikrinan\u010dia atsparum\u0105 dilimui ir lengv\u0105 valym\u0105, garantuojan\u010dia ilgaam\u017ei\u0161kum\u0105. \u0160i spinta sukurta \u0161ilt\u0173 \u0161viesaus San Remo \u0105\u017euolo atspalvi\u0173, derinam\u0173 su subtilia balta spalva, sukurian\u010dia jauki\u0105 ir harmoning\u0105 atmosfer\u0105 kambaryje.<\/p>\n<p>Be to, \u201eBeta\u201c spinta turi stumdomas duris su veidrod\u017eiais, kurios ne tik suteikia elegancijos, bet ir vizualiai padidina erdv\u0119 bei yra itin prakti\u0161kos kasdieniam naudojimui.<\/p>\n<p>Spintos viduje yra gerai suplanuota erdv\u0117. Kair\u0117je pus\u0117je yra patogus pakabos karnizas su papildoma lentyna vir\u0161uje, puikiai tinkan\u010dia sezoniniams drabu\u017eiams ar patalynei laikyti. Tuo tarpu de\u0161in\u0117je pus\u0117je yra keturios lentynos, kurios patenkins net ir reikliausi\u0173 vartotoj\u0173, norin\u010di\u0173 atskiros vietos kiekvienam spintos daiktui, l\u016bkes\u010dius.<br \/>\nDar didesniam komfortui galima \u012fsigyti \u0161velnaus u\u017edarymo sistem\u0105, leid\u017eian\u010di\u0105 spintos durims u\u017esidaryti tyliai ir \u0161velniai. Nepaisant gausyb\u0117s funkcij\u0173 ir tvirtos konstrukcijos, spinta pristatoma plok\u0161\u010diai supakuota, pateikiant ai\u0161kias savaranki\u0161ko surinkimo instrukcijas. Pridedami visi reikalingi surinkimo priedai, tod\u0117l montavimas yra labai paprastas.<br \/>\n\u201eBeta\u201c spintai suteikiama 2 met\u0173 garantija, o tai dar labiau \u012frodo gamintojo pasitik\u0117jim\u0105 bald\u0173 kokybe. PASTABA: Spintos vidaus nuotrauka yra tik iliustracin\u0117 \u2013 tikroji vidaus spalva yra \u0161viesi San Remo. Pa\u017ei\u016br\u0117kite, kaip \u0161is eleganti\u0161kas ir modernus baldas gali visi\u0161kai pakeisti j\u016bs\u0173 erdv\u0119!<\/p>","protected":false},"excerpt":{"rendered":"<p>Plotis (cm): 180<br \/>\n\u016agis (cm): 210<br \/>\nGylis (cm): 60<\/p>","protected":false},"featured_media":154137,"comment_status":"open","ping_status":"open","template":"","meta":[],"product_brand":[],"product_cat":[9416,4105,1177],"product_tag":[],"class_list":{"0":"post-154136","1":"product","2":"type-product","3":"status-publish","4":"has-post-thumbnail","6":"product_cat-furniture-system-beta","7":"product_cat-helvetia","8":"product_cat-wardrobes","10":"first","11":"instock","12":"purchasable","13":"product-type-simple"},"_links":{"self":[{"href":"https:\/\/baldumarket.lt\/lt\/wp-json\/wp\/v2\/product\/154136","targetHints":{"allow":["GET"]}}],"collection":[{"href":"https:\/\/baldumarket.lt\/lt\/wp-json\/wp\/v2\/product"}],"about":[{"href":"https:\/\/baldumarket.lt\/lt\/wp-json\/wp\/v2\/types\/product"}],"replies":[{"embeddable":true,"href":"https:\/\/baldumarket.lt\/lt\/wp-json\/wp\/v2\/comments?post=154136"}],"wp:featuredmedia":[{"embeddable":true,"href":"https:\/\/baldumarket.lt\/lt\/wp-json\/wp\/v2\/media\/154137"}],"wp:attachment":[{"href":"https:\/\/baldumarket.lt\/lt\/wp-json\/wp\/v2\/media?parent=154136"}],"wp:term":[{"taxonomy":"product_brand","embeddable":true,"href":"https:\/\/baldumarket.lt\/lt\/wp-json\/wp\/v2\/product_brand?post=154136"},{"taxonomy":"product_cat","embeddable":true,"href":"https:\/\/baldumarket.lt\/lt\/wp-json\/wp\/v2\/product_cat?post=154136"},{"taxonomy":"product_tag","embeddable":true,"href":"https:\/\/baldumarket.lt\/lt\/wp-json\/wp\/v2\/product_tag?post=154136"}],"curies":[{"name":"wp","href":"https:\/\/api.w.org\/{rel}","templated":true}]}}