{"id":154129,"date":"2025-12-18T17:14:16","date_gmt":"2025-12-18T14:14:16","guid":{"rendered":"https:\/\/baldumarket.lt\/product\/beta-szafa-2-drzwiowa-z-lustrami-150-cm-bialy\/"},"modified":"2026-02-05T10:38:01","modified_gmt":"2026-02-05T07:38:01","slug":"beta-szafa-2-drzwiowa-z-lustrami-150-cm-bialy","status":"publish","type":"product","link":"https:\/\/baldumarket.lt\/lt\/product\/beta-szafa-2-drzwiowa-z-lustrami-150-cm-bialy\/","title":{"rendered":"Beta dviej\u0173 dur\u0173 spinta su veidrod\u017eiais, 150 cm, balta"},"content":{"rendered":"<p>Pasigro\u017e\u0117kite baltos \u201eBeta 2-D\u201c spintos su veidrod\u017eiais (150 cm) funkcionalumu ir elegancija \u2013 spinta puikiai papildys tiek modern\u0173, tiek klasikin\u012f miegamojo ar persirengimo kambario i\u0161d\u0117stym\u0105. Nesenstantis dizainas pavers j\u0105 svarbiu j\u016bs\u0173 nam\u0173 \u0161ventov\u0117s elementu. \u0160is gerai apgalvotas dizainas si\u016blo \u012fsp\u016bding\u0105 daikt\u0173 laikymo erdv\u0119, pasl\u0117pt\u0105 u\u017e dviej\u0173 stumdom\u0173 dur\u0173 su galimybe veidrod\u017eius i\u0161d\u0117styti vertikaliai arba horizontaliai, vizualiai padidinant erdv\u0119 ir suteikiant jai \u017eavesio. Spintos vidus sukurtas atsi\u017evelgiant \u012f maksimal\u0173 prakti\u0161kum\u0105. Kair\u0117je pus\u0117je yra pakabinimo karnizas ir prakti\u0161ka lentyna vir\u0161 jo, puikiai tinkanti laikyti daiktus, kuriuos reikia lengvai pasiekti. De\u0161in\u0117je pus\u0117je yra keturios lentynos, u\u017etikrinan\u010dios tobul\u0105 j\u016bs\u0173 spintos tvark\u0105. Spintos funkcionalum\u0105 galima i\u0161pl\u0117sti \u012fdiegus \u0161velnaus u\u017edarymo sistem\u0105, u\u017etikrinan\u010di\u0105 dar didesn\u012f komfort\u0105.<\/p>","protected":false},"excerpt":{"rendered":"<p>Plotis (cm): 150<br \/>\n\u016agis (cm): 210<br \/>\nGylis (cm): 61<\/p>","protected":false},"featured_media":154130,"comment_status":"open","ping_status":"open","template":"","meta":[],"product_brand":[],"product_cat":[9416,4105,1177],"product_tag":[],"class_list":{"0":"post-154129","1":"product","2":"type-product","3":"status-publish","4":"has-post-thumbnail","6":"product_cat-furniture-system-beta","7":"product_cat-helvetia","8":"product_cat-wardrobes","10":"first","11":"instock","12":"purchasable","13":"product-type-simple"},"_links":{"self":[{"href":"https:\/\/baldumarket.lt\/lt\/wp-json\/wp\/v2\/product\/154129","targetHints":{"allow":["GET"]}}],"collection":[{"href":"https:\/\/baldumarket.lt\/lt\/wp-json\/wp\/v2\/product"}],"about":[{"href":"https:\/\/baldumarket.lt\/lt\/wp-json\/wp\/v2\/types\/product"}],"replies":[{"embeddable":true,"href":"https:\/\/baldumarket.lt\/lt\/wp-json\/wp\/v2\/comments?post=154129"}],"wp:featuredmedia":[{"embeddable":true,"href":"https:\/\/baldumarket.lt\/lt\/wp-json\/wp\/v2\/media\/154130"}],"wp:attachment":[{"href":"https:\/\/baldumarket.lt\/lt\/wp-json\/wp\/v2\/media?parent=154129"}],"wp:term":[{"taxonomy":"product_brand","embeddable":true,"href":"https:\/\/baldumarket.lt\/lt\/wp-json\/wp\/v2\/product_brand?post=154129"},{"taxonomy":"product_cat","embeddable":true,"href":"https:\/\/baldumarket.lt\/lt\/wp-json\/wp\/v2\/product_cat?post=154129"},{"taxonomy":"product_tag","embeddable":true,"href":"https:\/\/baldumarket.lt\/lt\/wp-json\/wp\/v2\/product_tag?post=154129"}],"curies":[{"name":"wp","href":"https:\/\/api.w.org\/{rel}","templated":true}]}}