{"id":154122,"date":"2025-12-18T17:14:01","date_gmt":"2025-12-18T14:14:01","guid":{"rendered":"https:\/\/baldumarket.lt\/product\/beta-szafa-2-drzwiowa-z-lustrami-120-cm-bialy\/"},"modified":"2026-02-05T10:38:01","modified_gmt":"2026-02-05T07:38:01","slug":"beta-szafa-2-drzwiowa-z-lustrami-120-cm-bialy","status":"publish","type":"product","link":"https:\/\/baldumarket.lt\/lt\/product\/beta-szafa-2-drzwiowa-z-lustrami-120-cm-bialy\/","title":{"rendered":"Beta dviej\u0173 dur\u0173 spinta su veidrod\u017eiais, 120 cm, balta"},"content":{"rendered":"<p>Pristatome funkcional\u0173 ir eleganti\u0161k\u0105 bet kurio miegamojo ar persirengimo kambario papildym\u0105 \u2013 \u201eBeta 2-D\u201c spint\u0105 su veidrod\u017eiais, 120 cm, balt\u0105. Sukurta galvojant apie modern\u0173 interjer\u0105, \u0161i spinta ne tik pasi\u017eymi \u012fsp\u016bdinga talpa, bet ir suteikia erdvumo poj\u016bt\u012f d\u0117l savo matmen\u0173 ir integruot\u0173 veidrodini\u0173 fasad\u0173. 120 cm plo\u010dio, 210 cm auk\u0161\u010dio ir 61 cm gylio \u0161i spinta idealiai tinka net ir ma\u017eesn\u0117ms erdv\u0117ms, u\u017etikrinant maksimal\u0173 funkcionalum\u0105 neprarandant stiliaus. Tvirta konstrukcija, pagaminta i\u0161 auk\u0161tos kokyb\u0117s laminuot\u0173 plok\u0161\u010di\u0173, garantuoja patvarum\u0105 ir ilgaam\u017ei\u0161kum\u0105, o ry\u0161ki balta apdaila suteikia bet kokiam interjerui gaivumo, modernaus elegancijos. \u201eBeta 2-D\u201c spinta buvo sukurta galvojant apie tvark\u0105 ir naudojimo paprastum\u0105. Dviej\u0173 dur\u0173 modelis su stumdomomis veidrodin\u0117mis durel\u0117mis ne tik taupo viet\u0105, bet ir tarnauja kaip prakti\u0161kas viso \u016bgio veidrodis, kur\u012f galima konfig\u016bruoti tiek vertikaliai, tiek horizontaliai, atsi\u017evelgiant \u012f j\u016bs\u0173 poreikius ir pageidavimus. Spintos vidus suprojektuotas kruop\u0161\u010diai \u2013 kair\u0117je pus\u0117je yra patogus pakabinimo karnizas su papildoma lentyna vir\u0161 jo, o de\u0161in\u0117je yra keturios lentynos \u012fvairiems aksesuarams ir drabu\u017eiams.<\/p>","protected":false},"excerpt":{"rendered":"<p>Plotis (cm): 120<br \/>\n\u016agis (cm): 210<br \/>\nGylis (cm): 61<\/p>","protected":false},"featured_media":154123,"comment_status":"open","ping_status":"open","template":"","meta":[],"product_brand":[],"product_cat":[9416,4105,1177],"product_tag":[],"class_list":{"0":"post-154122","1":"product","2":"type-product","3":"status-publish","4":"has-post-thumbnail","6":"product_cat-furniture-system-beta","7":"product_cat-helvetia","8":"product_cat-wardrobes","10":"first","11":"instock","12":"purchasable","13":"product-type-simple"},"_links":{"self":[{"href":"https:\/\/baldumarket.lt\/lt\/wp-json\/wp\/v2\/product\/154122","targetHints":{"allow":["GET"]}}],"collection":[{"href":"https:\/\/baldumarket.lt\/lt\/wp-json\/wp\/v2\/product"}],"about":[{"href":"https:\/\/baldumarket.lt\/lt\/wp-json\/wp\/v2\/types\/product"}],"replies":[{"embeddable":true,"href":"https:\/\/baldumarket.lt\/lt\/wp-json\/wp\/v2\/comments?post=154122"}],"wp:featuredmedia":[{"embeddable":true,"href":"https:\/\/baldumarket.lt\/lt\/wp-json\/wp\/v2\/media\/154123"}],"wp:attachment":[{"href":"https:\/\/baldumarket.lt\/lt\/wp-json\/wp\/v2\/media?parent=154122"}],"wp:term":[{"taxonomy":"product_brand","embeddable":true,"href":"https:\/\/baldumarket.lt\/lt\/wp-json\/wp\/v2\/product_brand?post=154122"},{"taxonomy":"product_cat","embeddable":true,"href":"https:\/\/baldumarket.lt\/lt\/wp-json\/wp\/v2\/product_cat?post=154122"},{"taxonomy":"product_tag","embeddable":true,"href":"https:\/\/baldumarket.lt\/lt\/wp-json\/wp\/v2\/product_tag?post=154122"}],"curies":[{"name":"wp","href":"https:\/\/api.w.org\/{rel}","templated":true}]}}