{"id":154117,"date":"2025-12-18T17:13:51","date_gmt":"2025-12-18T14:13:51","guid":{"rendered":"https:\/\/baldumarket.lt\/product\/beta-szafa-2-drzwiowa-bialy-mat\/"},"modified":"2026-02-05T10:38:01","modified_gmt":"2026-02-05T07:38:01","slug":"beta-szafa-2-drzwiowa-bialy-mat","status":"publish","type":"product","link":"https:\/\/baldumarket.lt\/lt\/product\/beta-szafa-2-drzwiowa-bialy-mat\/","title":{"rendered":"Beta dviej\u0173 dur\u0173 spinta, balta matin\u0117"},"content":{"rendered":"<p>Paverskite savo erdv\u0119 stiliaus ir funkcionalumo oaze su modernia \u201eBeta\u201c spinta 2D matin\u0117s baltos spalvos. \u0160is eleganti\u0161kas baldas, pasi\u017eymintis paprasta forma ir i\u0161skirtine apdaila, \u012fne\u0161 harmonijos ir tvarkos \u012f j\u016bs\u0173 miegam\u0105j\u012f ar persirengimo kambar\u012f. Sukurta tiems, kurie vertina estetikos ir prakti\u0161kumo derin\u012f, \u201eBeta\u201c spinta, kurios matmenys \u2013 221 cm plo\u010dio, 210 cm auk\u0161\u010dio ir 61 cm gylio, turi prakti\u0161kas stumdomas duris, kurios taupo viet\u0105 ir palengvina prieig\u0105 prie vidaus. Atidarius atsiveria funkcionaliai suprojektuotas interjeras: kair\u0117je pus\u0117je yra pakaba ir lentyna papildomiems aksesuarams, o de\u0161in\u0117je \u2013 keturios lentynos sulankstomiems drabu\u017eiams. Tokia konfig\u016bracija leid\u017eia lengvai sutvarkyti drabu\u017eius ir aksesuarus, u\u017etikrinant greit\u0105 prieig\u0105. Spintos r\u0117mas ir fasadai pagaminti i\u0161 auk\u0161tos kokyb\u0117s laminuotos plok\u0161t\u0117s, kuri yra ne tik patvari ir tvirta, bet ir lengvai valoma. Papildoma matin\u0117 apdaila suteikia spintai unikal\u0173 charakter\u012f ir puikiai dera prie \u012fvairi\u0173 interjero stili\u0173. Ant stumdom\u0173 dur\u0173 esantis veidrodis yra ne tik prakti\u0161kas elementas, bet ir vizualiai padidina erdv\u0119.<\/p>","protected":false},"excerpt":{"rendered":"<p>Plotis (cm): 221<br \/>\n\u016agis (cm): 210<br \/>\nGylis (cm): 61<\/p>","protected":false},"featured_media":154118,"comment_status":"open","ping_status":"open","template":"","meta":[],"product_brand":[],"product_cat":[9416,4105,1177],"product_tag":[],"class_list":{"0":"post-154117","1":"product","2":"type-product","3":"status-publish","4":"has-post-thumbnail","6":"product_cat-furniture-system-beta","7":"product_cat-helvetia","8":"product_cat-wardrobes","10":"first","11":"instock","12":"purchasable","13":"product-type-simple"},"_links":{"self":[{"href":"https:\/\/baldumarket.lt\/lt\/wp-json\/wp\/v2\/product\/154117","targetHints":{"allow":["GET"]}}],"collection":[{"href":"https:\/\/baldumarket.lt\/lt\/wp-json\/wp\/v2\/product"}],"about":[{"href":"https:\/\/baldumarket.lt\/lt\/wp-json\/wp\/v2\/types\/product"}],"replies":[{"embeddable":true,"href":"https:\/\/baldumarket.lt\/lt\/wp-json\/wp\/v2\/comments?post=154117"}],"wp:featuredmedia":[{"embeddable":true,"href":"https:\/\/baldumarket.lt\/lt\/wp-json\/wp\/v2\/media\/154118"}],"wp:attachment":[{"href":"https:\/\/baldumarket.lt\/lt\/wp-json\/wp\/v2\/media?parent=154117"}],"wp:term":[{"taxonomy":"product_brand","embeddable":true,"href":"https:\/\/baldumarket.lt\/lt\/wp-json\/wp\/v2\/product_brand?post=154117"},{"taxonomy":"product_cat","embeddable":true,"href":"https:\/\/baldumarket.lt\/lt\/wp-json\/wp\/v2\/product_cat?post=154117"},{"taxonomy":"product_tag","embeddable":true,"href":"https:\/\/baldumarket.lt\/lt\/wp-json\/wp\/v2\/product_tag?post=154117"}],"curies":[{"name":"wp","href":"https:\/\/api.w.org\/{rel}","templated":true}]}}