{"id":154107,"date":"2025-12-18T17:13:31","date_gmt":"2025-12-18T14:13:31","guid":{"rendered":"https:\/\/baldumarket.lt\/product\/beta-szafa-2-drzwiowa-200-cm-dab-monastery-czarny\/"},"modified":"2026-02-05T10:38:09","modified_gmt":"2026-02-05T07:38:09","slug":"beta-szafa-2-drzwiowa-200-cm-dab-monastery-czarny","status":"publish","type":"product","link":"https:\/\/baldumarket.lt\/lt\/product\/beta-szafa-2-drzwiowa-200-cm-dab-monastery-czarny\/","title":{"rendered":"Beta 2 dur\u0173 spinta 200 cm Monastery Oak \/ Black"},"content":{"rendered":"<p>Ie\u0161kote unikalaus aksesuaro savo namams? Ie\u0161kote funkcionalaus, bet eleganti\u0161ko daikt\u0173 laikymo sprendimo? Norite suteikti savo miegamajam ar persirengimo kambariui charakterio ir stiliaus? Pristatome tobul\u0105 sprendim\u0105 J\u016bs\u0173 poreikiams: \u201eBeta 2-D\u201c spinta, 200 CM, \u201eMonster Oak\u201c \/ juoda. Unikalus \u0161ios \u201eBeta\u201c kolekcijos spintos dizainas, derinantis nat\u016bral\u0173 vienuolyno \u0105\u017euolo imitacijos gro\u017e\u012f su klasikine juoda spalva, sukurs harmoning\u0105 ir rami\u0105 atmosfer\u0105 bet kurioje erdv\u0117je. \u012esp\u016bdingo 200 cm plo\u010dio, 210 cm auk\u0161\u010dio ir 61 cm gylio spinta derina moderni\u0105 estetik\u0105 su prakti\u0161ku interjero dizainu. \u012erengtos dvejos stumdomos durys su veidrod\u017eiais, ji ne tik vizualiai padidina erdv\u0119, bet ir yra prakti\u0161kas sprendimas kasdieniam naudojimui. I\u0161orinis veidrodis yra reik\u0161mingas privalumas, leid\u017eiantis susirinkti tobul\u0105 aprang\u0105, nes viskas yra po ranka. Spintos viduje rasite vien\u0105 pakab\u0173 b\u0117gel\u012f ir penkias lentynas, kurios leis Jums palaikyti tvark\u0105 ir lengvai susitvarkyti savo garderob\u0105 pagal savo poreikius.<\/p>","protected":false},"excerpt":{"rendered":"<p>Plotis (cm): 200<br \/>\n\u016agis (cm): 210<br \/>\nGylis (cm): 61<\/p>","protected":false},"featured_media":154108,"comment_status":"open","ping_status":"open","template":"","meta":[],"product_brand":[],"product_cat":[9416,4105,1177],"product_tag":[],"class_list":{"0":"post-154107","1":"product","2":"type-product","3":"status-publish","4":"has-post-thumbnail","6":"product_cat-furniture-system-beta","7":"product_cat-helvetia","8":"product_cat-wardrobes","10":"first","11":"instock","12":"purchasable","13":"product-type-simple"},"_links":{"self":[{"href":"https:\/\/baldumarket.lt\/lt\/wp-json\/wp\/v2\/product\/154107","targetHints":{"allow":["GET"]}}],"collection":[{"href":"https:\/\/baldumarket.lt\/lt\/wp-json\/wp\/v2\/product"}],"about":[{"href":"https:\/\/baldumarket.lt\/lt\/wp-json\/wp\/v2\/types\/product"}],"replies":[{"embeddable":true,"href":"https:\/\/baldumarket.lt\/lt\/wp-json\/wp\/v2\/comments?post=154107"}],"wp:featuredmedia":[{"embeddable":true,"href":"https:\/\/baldumarket.lt\/lt\/wp-json\/wp\/v2\/media\/154108"}],"wp:attachment":[{"href":"https:\/\/baldumarket.lt\/lt\/wp-json\/wp\/v2\/media?parent=154107"}],"wp:term":[{"taxonomy":"product_brand","embeddable":true,"href":"https:\/\/baldumarket.lt\/lt\/wp-json\/wp\/v2\/product_brand?post=154107"},{"taxonomy":"product_cat","embeddable":true,"href":"https:\/\/baldumarket.lt\/lt\/wp-json\/wp\/v2\/product_cat?post=154107"},{"taxonomy":"product_tag","embeddable":true,"href":"https:\/\/baldumarket.lt\/lt\/wp-json\/wp\/v2\/product_tag?post=154107"}],"curies":[{"name":"wp","href":"https:\/\/api.w.org\/{rel}","templated":true}]}}