{"id":154104,"date":"2025-12-18T17:13:25","date_gmt":"2025-12-18T14:13:25","guid":{"rendered":"https:\/\/baldumarket.lt\/product\/beta-szafa-2-drzwiowa-180-cm-z-lustrem-bialy-polysk\/"},"modified":"2026-02-05T10:38:09","modified_gmt":"2026-02-05T07:38:09","slug":"beta-szafa-2-drzwiowa-180-cm-z-lustrem-bialy-polysk","status":"publish","type":"product","link":"https:\/\/baldumarket.lt\/lt\/product\/beta-szafa-2-drzwiowa-180-cm-z-lustrem-bialy-polysk\/","title":{"rendered":"Beta dviej\u0173 dur\u0173 spinta 180 cm su veidrod\u017eiu, balta blizgi"},"content":{"rendered":"<p>\u012esivaizduokite eleganti\u0161k\u0105 ir funkcionali\u0105 spint\u0105, kuri tampa j\u016bs\u0173 miegamojo ar persirengimo kambario pagrindiniu elementu, ne tik puikiai atspindin\u010diu joje laikomus drabu\u017eius, bet ir atspindin\u010diu erdv\u0119, suteikiant\u012f gylio ir spindesio poj\u016bt\u012f. Susipa\u017einkite su \u201eBeta 2-D\u201c spinta 180 CM su blizgiu baltu veidrod\u017eiu \u2013 baldu, kuris lengvai atitiks j\u016bs\u0173 organizacinius poreikius ir interjero dizain\u0105.<br \/>\n\u201eBeta\u201c spinta apjungia apgalvot\u0105 dizain\u0105 ir funkcionalum\u0105. Jos plotis \u2013 180 cm, auk\u0161tis \u2013 210 cm, o gylis \u2013 61 cm, tod\u0117l joje patogu laikyti daugyb\u0119 drabu\u017ei\u0173 ir kit\u0173 daikt\u0173. Blizgi balta spintos i\u0161or\u0117s ir vidaus apdaila sukuria erdvumo ir \u0161viesumo poj\u016bt\u012f, be to, j\u0105 lengva valyti.<br \/>\nStumdomos durys su veidrod\u017eiais puikiai atitinka \u0161iuolaikines tendencijas ir leid\u017eia lengvai pasiekti spintos turin\u012f neu\u017eimant papildomos vietos kambaryje. Veidrod\u017eius galima i\u0161d\u0117styti vertikaliai arba horizontaliai, atsi\u017evelgiant \u012f individualius pageidavimus, tod\u0117l spinta tampa neatsiejama j\u016bs\u0173 interjero dizaino dalimi. \u201eBeta\u201c spintos vidus sukurtas atsi\u017evelgiant \u012f maksimal\u0173 funkcionalum\u0105. Kair\u0117je pus\u0117je yra pakabinimo karnizas, kur\u012f papildo prakti\u0161ka lentyna vir\u0161 jo, puikiai tinkanti re\u010diau naudojamiems drabu\u017eiams ar aksesuarams laikyti. De\u0161in\u0117je pus\u0117je yra keturios lentynos, puikiai tinkan\u010dios megztiniams, mar\u0161kin\u0117liams ar apatiniams drabu\u017eiams susid\u0117ti. Visa konstrukcija pagaminta i\u0161 auk\u0161tos kokyb\u0117s laminuotos bald\u0173 plok\u0161t\u0117s, u\u017etikrinan\u010dios patvarum\u0105 ir ilgaam\u017ei\u0161kum\u0105.<\/p>\n<p>\u201eBeta 2D\u201c spinta sukurta savaranki\u0161kam surinkimui. Pridedami visi reikalingi surinkimo priedai ir ai\u0161kios instrukcijos, u\u017etikrinan\u010dios lengv\u0105 ir be r\u016bpes\u010di\u0173 montavim\u0105. Be to, gamintojas suteikia 2 met\u0173 garantij\u0105, suteikdama jums ramyb\u0119 ilgus metus.<\/p>\n<p>Atraskite \u201eBeta 2D\u201c drabu\u017ein\u0119 ir palepinkite save prabangos prisilietimu prie kasdienio daikt\u0173 laikymo. Tai pasirinkimas, kuris stebina savo kokybe, stiliumi ir funkcionalumu.<\/p>","protected":false},"excerpt":{"rendered":"<p>Plotis (cm): 180<br \/>\n\u016agis (cm): 210<br \/>\nGylis (cm): 61<\/p>","protected":false},"featured_media":154105,"comment_status":"open","ping_status":"open","template":"","meta":[],"product_brand":[],"product_cat":[9416,4105,1177],"product_tag":[],"class_list":{"0":"post-154104","1":"product","2":"type-product","3":"status-publish","4":"has-post-thumbnail","6":"product_cat-furniture-system-beta","7":"product_cat-helvetia","8":"product_cat-wardrobes","10":"first","11":"instock","12":"purchasable","13":"product-type-simple"},"_links":{"self":[{"href":"https:\/\/baldumarket.lt\/lt\/wp-json\/wp\/v2\/product\/154104","targetHints":{"allow":["GET"]}}],"collection":[{"href":"https:\/\/baldumarket.lt\/lt\/wp-json\/wp\/v2\/product"}],"about":[{"href":"https:\/\/baldumarket.lt\/lt\/wp-json\/wp\/v2\/types\/product"}],"replies":[{"embeddable":true,"href":"https:\/\/baldumarket.lt\/lt\/wp-json\/wp\/v2\/comments?post=154104"}],"wp:featuredmedia":[{"embeddable":true,"href":"https:\/\/baldumarket.lt\/lt\/wp-json\/wp\/v2\/media\/154105"}],"wp:attachment":[{"href":"https:\/\/baldumarket.lt\/lt\/wp-json\/wp\/v2\/media?parent=154104"}],"wp:term":[{"taxonomy":"product_brand","embeddable":true,"href":"https:\/\/baldumarket.lt\/lt\/wp-json\/wp\/v2\/product_brand?post=154104"},{"taxonomy":"product_cat","embeddable":true,"href":"https:\/\/baldumarket.lt\/lt\/wp-json\/wp\/v2\/product_cat?post=154104"},{"taxonomy":"product_tag","embeddable":true,"href":"https:\/\/baldumarket.lt\/lt\/wp-json\/wp\/v2\/product_tag?post=154104"}],"curies":[{"name":"wp","href":"https:\/\/api.w.org\/{rel}","templated":true}]}}