{"id":154099,"date":"2025-12-18T17:13:13","date_gmt":"2025-12-18T14:13:13","guid":{"rendered":"https:\/\/baldumarket.lt\/product\/beta-szafa-2-drzwiowa-180-cm-dab-monastery-czarny\/"},"modified":"2026-02-05T10:38:09","modified_gmt":"2026-02-05T07:38:09","slug":"beta-szafa-2-drzwiowa-180-cm-dab-monastery-czarny","status":"publish","type":"product","link":"https:\/\/baldumarket.lt\/lt\/product\/beta-szafa-2-drzwiowa-180-cm-dab-monastery-czarny\/","title":{"rendered":"Beta 2 dur\u0173 spinta 180 cm Monastery Oak \/ Black"},"content":{"rendered":"<p>Padovanokite savo sve\u010diams didingo stiliaus ir funkcionalumo prisilietim\u0105 su eleganti\u0161ka \u201eBeta\u201c spinta 2-D 180 CM \u201eMonastery Oak\u201c \/ juoda. Tai puikus pasirinkimas tiek miegamajam, tiek funkcionaliai persirengimo kambariui, derinantis rafinuot\u0105 dizain\u0105 su prakti\u0161kumu. Nuo \u0161iol drabu\u017ei\u0173 laikymas bus tikras malonumas. \u0160i \u012fsp\u016bdinga dviej\u0173 dur\u0173 stumdoma spinta, apdailinta kilniais \u201eMonastery Oak\u201c atspalviais su juodais akcentais, \u012f j\u016bs\u0173 interjer\u0105 \u012fne\u0161 ramyb\u0117s ir harmonijos atmosfer\u0105. Subtili, ta\u010diau i\u0161rai\u0161kinga \u201eMonastery Oak\u201c spalva praskaidrina kambar\u012f, i\u0161saugodama nat\u016bral\u0173 erdv\u0117s charakter\u012f. Kruop\u0161\u010diai parinkti atspalviai sukuria \u0161ilt\u0105 ir jauki\u0105 atmosfer\u0105, o esteti\u0161ka kiekvieno elemento apdaila rodo kruop\u0161t\u0173 d\u0117mes\u012f detal\u0117ms. \u201eBeta\u201c spintoje yra prakti\u0161ka pakaba ir penkios erdvios lentynos, leid\u017eian\u010dios funkcionaliai sutvarkyti drabu\u017eius ir aksesuarus. Stumdomos durys su opti\u0161kai didinan\u010diais veidrod\u017eiais ne tik suteikia spintai \u017eavesio ir lengvumo, bet ir taupo viet\u0105 \u2013 idealiai tinka net ir ma\u017eesn\u0117ms patalpoms. Veidrod\u017eiai taip pat yra dekoratyvinis elementas ir labai prakti\u0161ki ruo\u0161iantis kasdieniams renginiams.<\/p>","protected":false},"excerpt":{"rendered":"<p>Plotis (cm): 180<br \/>\n\u016agis (cm): 210<br \/>\nGylis (cm): 60<\/p>","protected":false},"featured_media":154100,"comment_status":"open","ping_status":"open","template":"","meta":[],"product_brand":[],"product_cat":[9416,4105,1177],"product_tag":[],"class_list":{"0":"post-154099","1":"product","2":"type-product","3":"status-publish","4":"has-post-thumbnail","6":"product_cat-furniture-system-beta","7":"product_cat-helvetia","8":"product_cat-wardrobes","10":"first","11":"instock","12":"purchasable","13":"product-type-simple"},"_links":{"self":[{"href":"https:\/\/baldumarket.lt\/lt\/wp-json\/wp\/v2\/product\/154099","targetHints":{"allow":["GET"]}}],"collection":[{"href":"https:\/\/baldumarket.lt\/lt\/wp-json\/wp\/v2\/product"}],"about":[{"href":"https:\/\/baldumarket.lt\/lt\/wp-json\/wp\/v2\/types\/product"}],"replies":[{"embeddable":true,"href":"https:\/\/baldumarket.lt\/lt\/wp-json\/wp\/v2\/comments?post=154099"}],"wp:featuredmedia":[{"embeddable":true,"href":"https:\/\/baldumarket.lt\/lt\/wp-json\/wp\/v2\/media\/154100"}],"wp:attachment":[{"href":"https:\/\/baldumarket.lt\/lt\/wp-json\/wp\/v2\/media?parent=154099"}],"wp:term":[{"taxonomy":"product_brand","embeddable":true,"href":"https:\/\/baldumarket.lt\/lt\/wp-json\/wp\/v2\/product_brand?post=154099"},{"taxonomy":"product_cat","embeddable":true,"href":"https:\/\/baldumarket.lt\/lt\/wp-json\/wp\/v2\/product_cat?post=154099"},{"taxonomy":"product_tag","embeddable":true,"href":"https:\/\/baldumarket.lt\/lt\/wp-json\/wp\/v2\/product_tag?post=154099"}],"curies":[{"name":"wp","href":"https:\/\/api.w.org\/{rel}","templated":true}]}}