{"id":154096,"date":"2025-12-18T17:13:04","date_gmt":"2025-12-18T14:13:04","guid":{"rendered":"https:\/\/baldumarket.lt\/product\/beta-stolik-nocny-3-szuflady-san-remo-jasne-bialy\/"},"modified":"2026-02-05T10:38:09","modified_gmt":"2026-02-05T07:38:09","slug":"beta-stolik-nocny-3-szuflady-san-remo-jasne-bialy","status":"publish","type":"product","link":"https:\/\/baldumarket.lt\/lt\/product\/beta-stolik-nocny-3-szuflady-san-remo-jasne-bialy\/","title":{"rendered":"Beta naktinis staliukas su 3 stal\u010diais, San Remo, \u0161viesus\/baltas"},"content":{"rendered":"<p>Pristatome stiling\u0105 ir prakti\u0161k\u0105 bet kurio miegamojo aksesuar\u0105 \u2013 \u201eBeta\u201c naktin\u012f staliuk\u0105 su 3 stal\u010diais, kurio spalva \u2013 \u0161viesi\/balta San Remo. \u0160is unikalus baldas derina klasikin\u0119 elegancij\u0105 ir funkcionalum\u0105.<br \/>\n\u201eBeta\u201c naktinis staliukas, katalogo numeris 22AE1622, susideda i\u0161 trij\u0173 erdvi\u0173 stal\u010di\u0173, vienas i\u0161 j\u0173 yra madingos baltos spalvos, leid\u017eian\u010dios prakti\u0161kai sutvarkyti laikomus daiktus. Jo dizainas atitinka \u0161iuolaikinio interjero poreikius \u2013 \u0161viesaus San Remo medienos atspalvio ir balt\u0173 fasad\u0173 derinys suteikia klasei ir modernumui viename.<br \/>\nSiekiant auk\u0161\u010diausios kokyb\u0117s, \u201eBeta\u201c naktinis staliukas pagamintas i\u0161 auk\u0161tos kokyb\u0117s laminuot\u0173 bald\u0173 plok\u0161\u010di\u0173, u\u017etikrinan\u010di\u0173 patvarum\u0105 ir stabilum\u0105. Be to, lyg\u016bs pavir\u0161iai lengvai valomi ir atspar\u016bs kasdieniam naudojimui.<br \/>\nStalo matmenys: plotis 47 cm, auk\u0161tis 56 cm ir gylis 41 cm \u2013 puikus dydis, tilps visi j\u016bs\u0173 lovos reikmenys. Priekin\u0117s dalys pagamintos i\u0161 laminuotos bald\u0173 plok\u0161t\u0117s, kuri puikiai imituoja nat\u016brali\u0105 medien\u0105 ir yra atspari \u012fbr\u0117\u017eimams.<br \/>\nStalas pristatomas plok\u0161\u010diai supakuotas, tod\u0117l j\u012f galima surinkti patiems. Pridedama viskas, ko reikia \u2013 nuo tvirtinimo pried\u0173 iki ai\u0161ki\u0173 instrukcij\u0173, skirt\u0173 lengvam surinkimui.<br \/>\n\u012esigijus naktin\u012f staliuk\u0105 \u201eBeta\u201c, suteikiama 2 met\u0173 garantija, patvirtinanti auk\u0161t\u0105 gaminio kokyb\u0119. \u201eBeta\u201c serija, kuriai priklauso ir staliukas, yra puikus pasirinkimas tiems, kurie ie\u0161ko harmonijos ir ramyb\u0117s savo miegamajame.<br \/>\nTrumpai tariant, \u201eBeta\u201c naktinis staliukas su 3 stal\u010diais yra ne tik gra\u017eus baldas, papildantis j\u016bs\u0173 miegamojo interjer\u0105, bet ir itin prakti\u0161kas sprendimas, kuris tarnaus jums ilgus metus. Kvie\u010diame \u012fsigyti ir m\u0117gautis elegancija bei komfortu, kur\u012f jis suteiks j\u016bs\u0173 interjerui.<\/p>","protected":false},"excerpt":{"rendered":"<p>Plotis (cm): 47<br \/>\n\u016agis (cm): 56<br \/>\nGylis (cm): 41<\/p>","protected":false},"featured_media":154097,"comment_status":"open","ping_status":"open","template":"","meta":[],"product_brand":[],"product_cat":[9416,1176,4105],"product_tag":[],"class_list":{"0":"post-154096","1":"product","2":"type-product","3":"status-publish","4":"has-post-thumbnail","6":"product_cat-furniture-system-beta","7":"product_cat-bedside-tables","8":"product_cat-helvetia","10":"first","11":"instock","12":"purchasable","13":"product-type-simple"},"_links":{"self":[{"href":"https:\/\/baldumarket.lt\/lt\/wp-json\/wp\/v2\/product\/154096","targetHints":{"allow":["GET"]}}],"collection":[{"href":"https:\/\/baldumarket.lt\/lt\/wp-json\/wp\/v2\/product"}],"about":[{"href":"https:\/\/baldumarket.lt\/lt\/wp-json\/wp\/v2\/types\/product"}],"replies":[{"embeddable":true,"href":"https:\/\/baldumarket.lt\/lt\/wp-json\/wp\/v2\/comments?post=154096"}],"wp:featuredmedia":[{"embeddable":true,"href":"https:\/\/baldumarket.lt\/lt\/wp-json\/wp\/v2\/media\/154097"}],"wp:attachment":[{"href":"https:\/\/baldumarket.lt\/lt\/wp-json\/wp\/v2\/media?parent=154096"}],"wp:term":[{"taxonomy":"product_brand","embeddable":true,"href":"https:\/\/baldumarket.lt\/lt\/wp-json\/wp\/v2\/product_brand?post=154096"},{"taxonomy":"product_cat","embeddable":true,"href":"https:\/\/baldumarket.lt\/lt\/wp-json\/wp\/v2\/product_cat?post=154096"},{"taxonomy":"product_tag","embeddable":true,"href":"https:\/\/baldumarket.lt\/lt\/wp-json\/wp\/v2\/product_tag?post=154096"}],"curies":[{"name":"wp","href":"https:\/\/api.w.org\/{rel}","templated":true}]}}