{"id":154093,"date":"2025-12-18T17:12:58","date_gmt":"2025-12-18T14:12:58","guid":{"rendered":"https:\/\/baldumarket.lt\/product\/beta-stolik-nocny-3-szuflady-dab-monastery-czarny\/"},"modified":"2026-02-05T10:38:09","modified_gmt":"2026-02-05T07:38:09","slug":"beta-stolik-nocny-3-szuflady-dab-monastery-czarny","status":"publish","type":"product","link":"https:\/\/baldumarket.lt\/lt\/product\/beta-stolik-nocny-3-szuflady-dab-monastery-czarny\/","title":{"rendered":"Beta naktinis staliukas su 3 stal\u010diais, Vienuolynas \u0105\u017euolo spalvos\/juodas"},"content":{"rendered":"<p>Klasikini\u0173 form\u0173 ir modernaus dizaino gro\u017eis atsiskleid\u017eia unikaliame \u201eBeta 3S\u201c naktiniame staliuke, kuris j\u016bs\u0173 miegamajam suteiks gaivumo ir elegancijos. Sukurta tiems, kurie vertina funkcionalumo ir estetikos derin\u012f, \u201eMonastery Oak\u201c spalva ir kontrastingi juodi akcentai sukuria \u0161ilt\u0105, ta\u010diau i\u0161rai\u0161king\u0105 palet\u0119, kuri lengvai prisitaikys prie \u012fvairi\u0173 interjero dizain\u0173.<\/p>\n<p>Ryto ceremonijoms ir nakties ritualams reikalingas i\u0161skirtinis daikt\u0173 laikymo sprendimas. Tod\u0117l pasirinkome auk\u0161\u010diausios kokyb\u0117s laminuotas lentas, kad kiekvienas i\u0161 trij\u0173 erdvi\u0173 \u201eBeta 3S\u201c naktinio stalelio stal\u010di\u0173 atlaikyt\u0173 laiko i\u0161bandym\u0105 ir i\u0161laikyt\u0173 nepriekai\u0161ting\u0105 i\u0161vaizd\u0105. Tiek korpusui, tiek fasadams naudojamas laminatas garantuoja atsparum\u0105 \u012fbr\u0117\u017eimams, lengv\u0105 valym\u0105 ir ilgaam\u017ei\u0161kum\u0105 kasdieniam naudojimui.<\/p>\n<p>\u201eBeta 3S\u201c naktinis staliukas i\u0161 \u201eBeta\u201c kolekcijos ne tik atrodo gra\u017eiai, bet ir yra prakti\u0161kas sprendimas tiems, kurie vertina nepriklausomyb\u0119. Baldai pristatomi savaranki\u0161kai surenkamose pakuot\u0117se, tod\u0117l galite laisvai susikurti savo erdv\u0119 ir u\u017etikrinti rank\u0173 darbo teikiam\u0105 pasitenkinim\u0105. O jei abejojate d\u0117l kokyb\u0117s, m\u016bs\u0173 2 met\u0173 garantija jas visi\u0161kai i\u0161sklaidys.<br \/>\n\u201eBeta 3S\u201c naktinis staliukas buvo kruop\u0161\u010diai apgalvotas iki smulkiausi\u0173 detali\u0173, o jo matmenys \u2013 plotis 46 cm, auk\u0161tis 55 cm ir gylis 41 cm \u2013 leid\u017eia puikiai atitikti naudotojo poreikius, nepriklausomai nuo miegamojo dyd\u017eio. Gro\u017eis, funkcionalumas ir tvirta gamyba yra pagrindiniai \u0161io m\u016bs\u0173 kolekcijos naktinio staliuko bruo\u017eai, kurio vienuolyno \u0105\u017euolo apdaila su juodais akcentais niekada nenustoja d\u017eiuginti ir traukti kiekvieno, norin\u010dio savo naktiniam staliukui suteikti prabangos ir komforto, d\u0117mes\u012f.<br \/>\nPatirkite miegamojo, apstatyto i\u0161skirtinai harmoningais ir darniais baldais, magij\u0105. \u201eBeta 3S\u201c naktinis staliukas \u2013 tai sprendimas, kuris patenkins net ir reikliausi\u0173 vartotoj\u0173, ie\u0161kan\u010di\u0173 pusiausvyros tarp modernaus stiliaus ir nam\u0173 \u0161ilumos, l\u016bkes\u010dius. Atraskite viet\u0105, kur kiekvienas vakaras tampa ramesnis, o kiekvienas rytas \u2013 gra\u017eesnis.<\/p>","protected":false},"excerpt":{"rendered":"<p>Plotis (cm): 46<br \/>\n\u016agis (cm): 55<br \/>\nGylis (cm): 41<\/p>","protected":false},"featured_media":154094,"comment_status":"open","ping_status":"open","template":"","meta":[],"product_brand":[],"product_cat":[9416,1176,4105],"product_tag":[],"class_list":{"0":"post-154093","1":"product","2":"type-product","3":"status-publish","4":"has-post-thumbnail","6":"product_cat-furniture-system-beta","7":"product_cat-bedside-tables","8":"product_cat-helvetia","10":"first","11":"instock","12":"purchasable","13":"product-type-simple"},"_links":{"self":[{"href":"https:\/\/baldumarket.lt\/lt\/wp-json\/wp\/v2\/product\/154093","targetHints":{"allow":["GET"]}}],"collection":[{"href":"https:\/\/baldumarket.lt\/lt\/wp-json\/wp\/v2\/product"}],"about":[{"href":"https:\/\/baldumarket.lt\/lt\/wp-json\/wp\/v2\/types\/product"}],"replies":[{"embeddable":true,"href":"https:\/\/baldumarket.lt\/lt\/wp-json\/wp\/v2\/comments?post=154093"}],"wp:featuredmedia":[{"embeddable":true,"href":"https:\/\/baldumarket.lt\/lt\/wp-json\/wp\/v2\/media\/154094"}],"wp:attachment":[{"href":"https:\/\/baldumarket.lt\/lt\/wp-json\/wp\/v2\/media?parent=154093"}],"wp:term":[{"taxonomy":"product_brand","embeddable":true,"href":"https:\/\/baldumarket.lt\/lt\/wp-json\/wp\/v2\/product_brand?post=154093"},{"taxonomy":"product_cat","embeddable":true,"href":"https:\/\/baldumarket.lt\/lt\/wp-json\/wp\/v2\/product_cat?post=154093"},{"taxonomy":"product_tag","embeddable":true,"href":"https:\/\/baldumarket.lt\/lt\/wp-json\/wp\/v2\/product_tag?post=154093"}],"curies":[{"name":"wp","href":"https:\/\/api.w.org\/{rel}","templated":true}]}}