{"id":154088,"date":"2025-12-18T17:12:48","date_gmt":"2025-12-18T14:12:48","guid":{"rendered":"https:\/\/baldumarket.lt\/product\/beta-lozko-180-200-cm-z-szuflada-dab-monastery-czarny\/"},"modified":"2026-02-05T10:38:09","modified_gmt":"2026-02-05T07:38:09","slug":"beta-lozko-180-200-cm-z-szuflada-dab-monastery-czarny","status":"publish","type":"product","link":"https:\/\/baldumarket.lt\/lt\/product\/beta-lozko-180-200-cm-z-szuflada-dab-monastery-czarny\/","title":{"rendered":"Beta lova 180\/200 cm su stal\u010diumi, Monastery \u0105\u017euolo spalvos \/ juoda"},"content":{"rendered":"<p>Pasinerkite \u012f gil\u0173 ir atpalaiduojant\u012f mieg\u0105 \u201eBeta\u201c 180 \u00d7 200 cm lovoje su stal\u010diumi \u201eMonastery Oak\u201c \/ juodos spalvos, kur \u0161iuolaiki\u0161kas dizainas dera su funkcionalumu ir patvarumu. \u0160i eleganti\u0161ka lova, pagaminta i\u0161 auk\u0161tos kokyb\u0117s laminuot\u0173 lent\u0173, ne tik \u017eavi savo i\u0161vaizda, bet ir garantuoja ilgaam\u017ei\u0161kum\u0105. \u201eBeta\u201c kolekcijos dizaineriai pasir\u016bpino, kad j\u016bs\u0173 miegamasis tapt\u0173 harmonijos ir komforto erdve. Lova, kurios miegamasis plotas yra 180 \u00d7 200 cm, idealiai tinka poroms, vertinan\u010dioms erdv\u0119 ir komfort\u0105. Ypatingas \u0161io modelio bruo\u017eas \u2013 erdvus stal\u010dius po lova, kuriame patogu laikyti patalyn\u0119 ar kitus daiktus, taip palaikant tvark\u0105 ir taupant viet\u0105 miegamajame. Sustiprintas \u201eMonastery Oak\u201c atspalvis kartu su klasikine juoda spalva suteikia \u201eBeta\u201c lovai stiliaus ir elegancijos, tod\u0117l j\u0105 lengva pritaikyti \u012fvairiems miegam\u0173j\u0173 dizainams \u2013 nuo modernaus iki klasikinio. Konstrukcijos tvirtumas reikalauja naudoti prie r\u0117mo pritvirtint\u0105 \u010diu\u017ein\u012f arba r\u0117m\u0105 ant standaus r\u0117mo ir \u010diu\u017ein\u012f, kuris miegant u\u017etikrina optimali\u0105 k\u016bno atram\u0105.<\/p>","protected":false},"excerpt":{"rendered":"<p>Plotis (cm): 186<br \/>\n\u016agis (cm): 90<br \/>\nGylis (cm): 205<\/p>","protected":false},"featured_media":154089,"comment_status":"open","ping_status":"open","template":"","meta":[],"product_brand":[],"product_cat":[9416,505,4105],"product_tag":[],"class_list":{"0":"post-154088","1":"product","2":"type-product","3":"status-publish","4":"has-post-thumbnail","6":"product_cat-furniture-system-beta","7":"product_cat-bedroom-beds","8":"product_cat-helvetia","10":"first","11":"instock","12":"purchasable","13":"product-type-simple"},"_links":{"self":[{"href":"https:\/\/baldumarket.lt\/lt\/wp-json\/wp\/v2\/product\/154088","targetHints":{"allow":["GET"]}}],"collection":[{"href":"https:\/\/baldumarket.lt\/lt\/wp-json\/wp\/v2\/product"}],"about":[{"href":"https:\/\/baldumarket.lt\/lt\/wp-json\/wp\/v2\/types\/product"}],"replies":[{"embeddable":true,"href":"https:\/\/baldumarket.lt\/lt\/wp-json\/wp\/v2\/comments?post=154088"}],"wp:featuredmedia":[{"embeddable":true,"href":"https:\/\/baldumarket.lt\/lt\/wp-json\/wp\/v2\/media\/154089"}],"wp:attachment":[{"href":"https:\/\/baldumarket.lt\/lt\/wp-json\/wp\/v2\/media?parent=154088"}],"wp:term":[{"taxonomy":"product_brand","embeddable":true,"href":"https:\/\/baldumarket.lt\/lt\/wp-json\/wp\/v2\/product_brand?post=154088"},{"taxonomy":"product_cat","embeddable":true,"href":"https:\/\/baldumarket.lt\/lt\/wp-json\/wp\/v2\/product_cat?post=154088"},{"taxonomy":"product_tag","embeddable":true,"href":"https:\/\/baldumarket.lt\/lt\/wp-json\/wp\/v2\/product_tag?post=154088"}],"curies":[{"name":"wp","href":"https:\/\/api.w.org\/{rel}","templated":true}]}}